
{"id":49916,"date":"2023-10-29T14:22:58","date_gmt":"2023-10-29T14:22:58","guid":{"rendered":"https:\/\/azurefilm.com\/product\/netzkabel\/"},"modified":"2025-12-31T00:03:45","modified_gmt":"2025-12-31T00:03:45","slug":"netzkabel","status":"publish","type":"product","link":"https:\/\/azurefilm.com\/de\/produkt\/netzkabel\/","title":{"rendered":"Netzkabel"},"content":{"rendered":"<h2><strong>Hauptmerkmale:<\/strong><\/h2>\n<p>Netzkabel<\/p>\n<ul>\n<li>Mit 230V-Steckdose<\/li>\n<li>Netzkabel, das h\u00e4ufig f\u00fcr Desktop-Computer, Monitore, Drucker oder jedes C13-Kabelger\u00e4t verwendet wird<\/li>\n<li>Dieses Kabel ist VDE-zertifiziert<\/li>\n<li>F\u00fcr eine einfache Verbindung ist das Kabel abgewinkelt.<\/li>\n<li>Farbe ist schwarz<\/li>\n<li>L\u00e4nge: 1,2m<\/li>\n<\/ul>\n","protected":false},"excerpt":{"rendered":"<p><strong>Netzkabel<\/strong>, das h\u00e4ufig f\u00fcr Desktop-Computer, Monitore, Drucker oder jedes C13-Kabelger\u00e4t verwendet wird.<\/p>\n","protected":false},"featured_media":49917,"comment_status":"closed","ping_status":"closed","template":"","meta":{"_acf_changed":false},"product_brand":[],"product_cat":[1767,1671,1765,1766],"product_tag":[],"brand":[],"class_list":{"0":"post-49916","1":"product","2":"type-product","3":"status-publish","4":"has-post-thumbnail","6":"product_cat-alle-ersatzteile","7":"product_cat-angebote","8":"product_cat-ersatzteile","9":"product_cat-sonstige_artikel","11":"first","12":"instock","13":"sale","14":"taxable","15":"shipping-taxable","16":"purchasable","17":"product-type-simple"},"acf":[],"_links":{"self":[{"href":"https:\/\/azurefilm.com\/de\/wp-json\/wp\/v2\/product\/49916","targetHints":{"allow":["GET"]}}],"collection":[{"href":"https:\/\/azurefilm.com\/de\/wp-json\/wp\/v2\/product"}],"about":[{"href":"https:\/\/azurefilm.com\/de\/wp-json\/wp\/v2\/types\/product"}],"replies":[{"embeddable":true,"href":"https:\/\/azurefilm.com\/de\/wp-json\/wp\/v2\/comments?post=49916"}],"wp:featuredmedia":[{"embeddable":true,"href":"https:\/\/azurefilm.com\/de\/wp-json\/wp\/v2\/media\/49917"}],"wp:attachment":[{"href":"https:\/\/azurefilm.com\/de\/wp-json\/wp\/v2\/media?parent=49916"}],"wp:term":[{"taxonomy":"product_brand","embeddable":true,"href":"https:\/\/azurefilm.com\/de\/wp-json\/wp\/v2\/product_brand?post=49916"},{"taxonomy":"product_cat","embeddable":true,"href":"https:\/\/azurefilm.com\/de\/wp-json\/wp\/v2\/product_cat?post=49916"},{"taxonomy":"product_tag","embeddable":true,"href":"https:\/\/azurefilm.com\/de\/wp-json\/wp\/v2\/product_tag?post=49916"},{"taxonomy":"brand","embeddable":true,"href":"https:\/\/azurefilm.com\/de\/wp-json\/wp\/v2\/brand?post=49916"}],"curies":[{"name":"wp","href":"https:\/\/api.w.org\/{rel}","templated":true}]}}