
{"id":49956,"date":"2023-10-29T14:23:29","date_gmt":"2023-10-29T14:23:29","guid":{"rendered":"https:\/\/azurefilm.com\/product\/extruder-e3d-v6-bowden-type\/"},"modified":"2023-10-29T14:23:29","modified_gmt":"2023-10-29T14:23:29","slug":"extruder-e3d-v6-bowden-type","status":"publish","type":"product","link":"https:\/\/azurefilm.com\/de\/produkt\/extruder-e3d-v6-bowden-type\/","title":{"rendered":"Extruder E3D V6 Bowden Type"},"content":{"rendered":"<h2><strong>Hauptmerkmale:<\/strong><\/h2>\n<ul>\n<li>Extruder E3D V6 12\/24V 0,4mm mit L\u00fcfter, K\u00fchlk\u00f6rper, Heizelement und Thermistor<\/li>\n<li>Kompatibel mit allen 1,75mm E3D V6 3D-Druckern<\/li>\n<li>Anti-Leck-  Anti-Blockier-Design<\/li>\n<li>Hitzebest\u00e4ndig  bel\u00fcftet<\/li>\n<\/ul>\n<h2><strong>Spezifikationen:<\/strong><\/h2>\n<ul>\n<li>12\/24V \/40W Heizelement, Temperatur kann bis zu 280\u00b0C erreichen (Langzeittemperatur: 240\u00b0C \/ Kurzzeittemperatur: 280\u00b0C)<\/li>\n<li>12\/24V Hochgeschwindigkeitsl\u00fcfter mit Abdeckung, schnelle K\u00fchlung<\/li>\n<li>PC4-01 Rohranschluss<\/li>\n<li>Volcano Heizblock<\/li>\n<li>Au\u00dfengewinde: M6 M7<\/li>\n<li>Teflonrohr Innendurchmesser: 2mm<\/li>\n<li>Filamentdurchmesser: 1,75mm<\/li>\n<li>Extruder Messingd\u00fcse Eingangsdurchmesser: 1,75mm<\/li>\n<li>Extruder Messingd\u00fcse Ausgangsdurchmesser: 0,4mm<\/li>\n<li>Nicht original<\/li>\n<\/ul>\n","protected":false},"excerpt":{"rendered":"<p><strong>Extruder E3D V6 Bowden Type<\/strong> mit L\u00fcfter, K\u00fchlk\u00f6rper, Heizelement und Thermistor.<\/p>\n","protected":false},"featured_media":49957,"comment_status":"closed","ping_status":"closed","template":"","meta":{"_acf_changed":false},"product_brand":[],"product_cat":[1767,1671,1765,1786,1788,1795],"product_tag":[],"brand":[],"class_list":{"0":"post-49956","1":"product","2":"type-product","3":"status-publish","4":"has-post-thumbnail","6":"product_cat-alle-ersatzteile","7":"product_cat-angebote","8":"product_cat-ersatzteile","9":"product_cat-extruder-de","10":"product_cat-extruderteile","11":"product_cat-hotends-de","13":"first","14":"instock","15":"sale","16":"taxable","17":"shipping-taxable","18":"purchasable","19":"product-type-variable"},"acf":[],"_links":{"self":[{"href":"https:\/\/azurefilm.com\/de\/wp-json\/wp\/v2\/product\/49956","targetHints":{"allow":["GET"]}}],"collection":[{"href":"https:\/\/azurefilm.com\/de\/wp-json\/wp\/v2\/product"}],"about":[{"href":"https:\/\/azurefilm.com\/de\/wp-json\/wp\/v2\/types\/product"}],"replies":[{"embeddable":true,"href":"https:\/\/azurefilm.com\/de\/wp-json\/wp\/v2\/comments?post=49956"}],"wp:featuredmedia":[{"embeddable":true,"href":"https:\/\/azurefilm.com\/de\/wp-json\/wp\/v2\/media\/49957"}],"wp:attachment":[{"href":"https:\/\/azurefilm.com\/de\/wp-json\/wp\/v2\/media?parent=49956"}],"wp:term":[{"taxonomy":"product_brand","embeddable":true,"href":"https:\/\/azurefilm.com\/de\/wp-json\/wp\/v2\/product_brand?post=49956"},{"taxonomy":"product_cat","embeddable":true,"href":"https:\/\/azurefilm.com\/de\/wp-json\/wp\/v2\/product_cat?post=49956"},{"taxonomy":"product_tag","embeddable":true,"href":"https:\/\/azurefilm.com\/de\/wp-json\/wp\/v2\/product_tag?post=49956"},{"taxonomy":"brand","embeddable":true,"href":"https:\/\/azurefilm.com\/de\/wp-json\/wp\/v2\/brand?post=49956"}],"curies":[{"name":"wp","href":"https:\/\/api.w.org\/{rel}","templated":true}]}}