
{"id":49998,"date":"2023-10-29T14:26:34","date_gmt":"2023-10-29T14:26:34","guid":{"rendered":"https:\/\/azurefilm.com\/product\/dc-fan-4020-turbinengeblaese-24v\/"},"modified":"2023-10-29T14:26:34","modified_gmt":"2023-10-29T14:26:34","slug":"dc-fan-4020-turbinengeblaese-24v","status":"publish","type":"product","link":"https:\/\/azurefilm.com\/de\/produkt\/dc-fan-4020-turbinengeblaese-24v\/","title":{"rendered":"DC Fan 4020 Turbinengebl\u00e4se 24V"},"content":{"rendered":"<h4>DC Fan 4020 Turbinengebl\u00e4se 24V<\/h4>\n<h3><strong>Hauptmerkmale:<\/strong><\/h3>\n<p>Turbine Fan 24V ist ein gro\u00dfartiger K\u00fchler f\u00fcr Hot-Ends und Extruder<\/p>\n<ul>\n<li>Drehzahl: 5000 \u00b1 10% U\/min<\/li>\n<li>Ger\u00e4usch: 25 dBA<\/li>\n<li>Lager: \u00d6llager<\/li>\n<li>Erwartete Lebensdauer: 30000 Stunden<\/li>\n<li>Hohe Drehzahl mit geringem Ger\u00e4uschpegel.<\/li>\n<li>Nennspannung DC 24V, Nennstrom 0,18A.<\/li>\n<li>Gr\u00f6\u00dfe 40mm x 40mm x 20mm.<\/li>\n<\/ul>\n<p>&nbsp;<\/p>\n","protected":false},"excerpt":{"rendered":"<p>DC Fan 4020 Turbinengebl\u00e4se 24V L\u00fcfter ist hervorragend zum K\u00fchlen von Elektronik, Hotends, 3D-Drucken und Lasermodulen geeignet.<\/p>\n","protected":false},"featured_media":49999,"comment_status":"closed","ping_status":"closed","template":"","meta":{"_acf_changed":false},"product_brand":[],"product_cat":[1767,1671,1765,1814],"product_tag":[],"brand":[],"class_list":{"0":"post-49998","1":"product","2":"type-product","3":"status-publish","4":"has-post-thumbnail","6":"product_cat-alle-ersatzteile","7":"product_cat-angebote","8":"product_cat-ersatzteile","9":"product_cat-lufter","11":"first","12":"instock","13":"sale","14":"taxable","15":"shipping-taxable","16":"purchasable","17":"product-type-simple"},"acf":[],"_links":{"self":[{"href":"https:\/\/azurefilm.com\/de\/wp-json\/wp\/v2\/product\/49998","targetHints":{"allow":["GET"]}}],"collection":[{"href":"https:\/\/azurefilm.com\/de\/wp-json\/wp\/v2\/product"}],"about":[{"href":"https:\/\/azurefilm.com\/de\/wp-json\/wp\/v2\/types\/product"}],"replies":[{"embeddable":true,"href":"https:\/\/azurefilm.com\/de\/wp-json\/wp\/v2\/comments?post=49998"}],"wp:featuredmedia":[{"embeddable":true,"href":"https:\/\/azurefilm.com\/de\/wp-json\/wp\/v2\/media\/49999"}],"wp:attachment":[{"href":"https:\/\/azurefilm.com\/de\/wp-json\/wp\/v2\/media?parent=49998"}],"wp:term":[{"taxonomy":"product_brand","embeddable":true,"href":"https:\/\/azurefilm.com\/de\/wp-json\/wp\/v2\/product_brand?post=49998"},{"taxonomy":"product_cat","embeddable":true,"href":"https:\/\/azurefilm.com\/de\/wp-json\/wp\/v2\/product_cat?post=49998"},{"taxonomy":"product_tag","embeddable":true,"href":"https:\/\/azurefilm.com\/de\/wp-json\/wp\/v2\/product_tag?post=49998"},{"taxonomy":"brand","embeddable":true,"href":"https:\/\/azurefilm.com\/de\/wp-json\/wp\/v2\/brand?post=49998"}],"curies":[{"name":"wp","href":"https:\/\/api.w.org\/{rel}","templated":true}]}}