
{"id":50016,"date":"2023-10-29T14:27:26","date_gmt":"2023-10-29T14:27:26","guid":{"rendered":"https:\/\/azurefilm.com\/product\/led-strip-120led-m-12v-96w-m\/"},"modified":"2023-10-29T14:27:26","modified_gmt":"2023-10-29T14:27:26","slug":"led-strip-120led-m-12v-96w-m","status":"publish","type":"product","link":"https:\/\/azurefilm.com\/de\/produkt\/led-strip-120led-m-12v-96w-m\/","title":{"rendered":"Led Strip 120led\/m 12V 9,6W\/m"},"content":{"rendered":"<ul>\n<li>LED-Streifenlichter: Warmwei\u00df WW, Tageslichtwei\u00df DW, Kaltwei\u00df CW<\/li>\n<li>Anzahl LED\/m: 120 LED\/m<\/li>\n<li>Streifenl\u00e4nge: 5m<\/li>\n<li>Betrieben durch: 12V<\/li>\n<li>Stromverbrauch: 9,6W\/m<\/li>\n<li>Lumen: 1020 lm\/m<\/li>\n<li>Streifenbreite: 8mm<\/li>\n<li>IP-Schutz: IP20<\/li>\n<\/ul>\n","protected":false},"excerpt":{"rendered":"<p>LED-Streifenlichter in drei verschiedenen Farben zur Beleuchtung von Objekten oder R\u00e4umen.<\/p>\n","protected":false},"featured_media":50021,"comment_status":"closed","ping_status":"closed","template":"","meta":{"_acf_changed":false},"product_brand":[],"product_cat":[1765,1767,1671,1766],"product_tag":[],"brand":[],"class_list":{"0":"post-50016","1":"product","2":"type-product","3":"status-publish","4":"has-post-thumbnail","6":"product_cat-ersatzteile","7":"product_cat-alle-ersatzteile","8":"product_cat-angebote","9":"product_cat-sonstige_artikel","11":"first","12":"instock","13":"sale","14":"taxable","15":"shipping-taxable","16":"purchasable","17":"product-type-simple"},"acf":[],"_links":{"self":[{"href":"https:\/\/azurefilm.com\/de\/wp-json\/wp\/v2\/product\/50016","targetHints":{"allow":["GET"]}}],"collection":[{"href":"https:\/\/azurefilm.com\/de\/wp-json\/wp\/v2\/product"}],"about":[{"href":"https:\/\/azurefilm.com\/de\/wp-json\/wp\/v2\/types\/product"}],"replies":[{"embeddable":true,"href":"https:\/\/azurefilm.com\/de\/wp-json\/wp\/v2\/comments?post=50016"}],"wp:featuredmedia":[{"embeddable":true,"href":"https:\/\/azurefilm.com\/de\/wp-json\/wp\/v2\/media\/50021"}],"wp:attachment":[{"href":"https:\/\/azurefilm.com\/de\/wp-json\/wp\/v2\/media?parent=50016"}],"wp:term":[{"taxonomy":"product_brand","embeddable":true,"href":"https:\/\/azurefilm.com\/de\/wp-json\/wp\/v2\/product_brand?post=50016"},{"taxonomy":"product_cat","embeddable":true,"href":"https:\/\/azurefilm.com\/de\/wp-json\/wp\/v2\/product_cat?post=50016"},{"taxonomy":"product_tag","embeddable":true,"href":"https:\/\/azurefilm.com\/de\/wp-json\/wp\/v2\/product_tag?post=50016"},{"taxonomy":"brand","embeddable":true,"href":"https:\/\/azurefilm.com\/de\/wp-json\/wp\/v2\/brand?post=50016"}],"curies":[{"name":"wp","href":"https:\/\/api.w.org\/{rel}","templated":true}]}}