
{"id":50028,"date":"2023-10-29T14:27:26","date_gmt":"2023-10-29T14:27:26","guid":{"rendered":"https:\/\/azurefilm.com\/product\/thermal-paste-gd900\/"},"modified":"2025-09-18T15:58:34","modified_gmt":"2025-09-18T15:58:34","slug":"thermal-paste-gd900","status":"publish","type":"product","link":"https:\/\/azurefilm.com\/de\/produkt\/thermal-paste-gd900\/","title":{"rendered":"Thermal Paste GD900"},"content":{"rendered":"<p><strong>Thermal Paste GD900<\/strong> f\u00fcr die W\u00e4rmeableitung.<\/p>\n<h2><strong>Hauptmerkmale:<\/strong><\/h2>\n<ul>\n<li>Elektrisch nicht leitend<\/li>\n<li>Auf Silikonbasis<\/li>\n<li>W\u00e4rmeleitf\u00e4higkeit:&gt; 6,0W \/ mK<\/li>\n<li>Dichte:&gt; 2,5<\/li>\n<li>Betriebstemperatur: -50 ~ 240 \u00b0C<\/li>\n<li>Farbe: Grau<\/li>\n<li>Artikeltyp: W\u00e4rmeleitende Silikongelcreme<\/li>\n<li>Material: Oxidiertes Metall<\/li>\n<li>Anwendung: CPU\/GPU\/LED-W\u00e4rmeableitung<\/li>\n<li>Geeignet f\u00fcr die Verwendung auf CPU\/GPU\/LED, ausgezeichnete W\u00e4rmeleitf\u00e4higkeit<\/li>\n<li>Wird verwendet, um die Heizeinheit mit dem K\u00fchlk\u00f6rper zu verbinden, um eine bessere W\u00e4rmeableitung zu erreichen<\/li>\n<\/ul>\n","protected":false},"excerpt":{"rendered":"<p><strong>Thermal Paste GD900<\/strong> f\u00fcr die W\u00e4rmeableitung in der Farbe Grau.<\/p>\n","protected":false},"featured_media":50030,"comment_status":"closed","ping_status":"closed","template":"","meta":{"_acf_changed":false},"product_brand":[],"product_cat":[1767,1671,1765,1769],"product_tag":[],"brand":[],"class_list":{"0":"post-50028","1":"product","2":"type-product","3":"status-publish","4":"has-post-thumbnail","6":"product_cat-alle-ersatzteile","7":"product_cat-angebote","8":"product_cat-ersatzteile","9":"product_cat-werkzeuge","11":"first","12":"instock","13":"sale","14":"taxable","15":"shipping-taxable","16":"purchasable","17":"product-type-simple"},"acf":[],"_links":{"self":[{"href":"https:\/\/azurefilm.com\/de\/wp-json\/wp\/v2\/product\/50028","targetHints":{"allow":["GET"]}}],"collection":[{"href":"https:\/\/azurefilm.com\/de\/wp-json\/wp\/v2\/product"}],"about":[{"href":"https:\/\/azurefilm.com\/de\/wp-json\/wp\/v2\/types\/product"}],"replies":[{"embeddable":true,"href":"https:\/\/azurefilm.com\/de\/wp-json\/wp\/v2\/comments?post=50028"}],"wp:featuredmedia":[{"embeddable":true,"href":"https:\/\/azurefilm.com\/de\/wp-json\/wp\/v2\/media\/50030"}],"wp:attachment":[{"href":"https:\/\/azurefilm.com\/de\/wp-json\/wp\/v2\/media?parent=50028"}],"wp:term":[{"taxonomy":"product_brand","embeddable":true,"href":"https:\/\/azurefilm.com\/de\/wp-json\/wp\/v2\/product_brand?post=50028"},{"taxonomy":"product_cat","embeddable":true,"href":"https:\/\/azurefilm.com\/de\/wp-json\/wp\/v2\/product_cat?post=50028"},{"taxonomy":"product_tag","embeddable":true,"href":"https:\/\/azurefilm.com\/de\/wp-json\/wp\/v2\/product_tag?post=50028"},{"taxonomy":"brand","embeddable":true,"href":"https:\/\/azurefilm.com\/de\/wp-json\/wp\/v2\/brand?post=50028"}],"curies":[{"name":"wp","href":"https:\/\/api.w.org\/{rel}","templated":true}]}}