
{"id":50112,"date":"2023-10-29T14:28:49","date_gmt":"2023-10-29T14:28:49","guid":{"rendered":"https:\/\/azurefilm.com\/product\/3dlac-plus\/"},"modified":"2025-11-08T15:02:47","modified_gmt":"2025-11-08T15:02:47","slug":"3dlac-plus","status":"publish","type":"product","link":"https:\/\/azurefilm.com\/de\/produkt\/3dlac-plus\/","title":{"rendered":"3DLAC Plus"},"content":{"rendered":"<h2><strong>Hauptmerkmale:<\/strong><\/h2>\n<p>Eine gute Haftung des Drucks auf der Druckplatte ist ein Muss beim 3D-Druck! Wenn Sie Ihren Druck w\u00e4hrend des Druckvorgangs sichern und Verformungen vermeiden m\u00f6chten, verwenden Sie 3Dlac 100ml. 3Dlac ist ein neues Aerosol-Spr\u00fchkleber f\u00fcr 3D-Drucker mit beheizter Druckplatte, das die Verformung gro\u00dfer Objekte verhindert. Wenn die Platte \u00fcber 60\u00b0C erhitzt wird, bietet das Spray eine starke Verbindung zwischen der ersten Schicht und der Bauplatte. Drucke k\u00f6nnen leicht von der Bauplatte entfernt werden, da 3Dlac unter 60\u00b0C inaktiv wird. 3Dlac 100ml &#8211; Fixierspray sorgt f\u00fcr eine starke Verbindung zwischen Kunststoff und Glas, die bei Bedarf leicht zu l\u00f6sen ist. Das Spray ist vollst\u00e4ndig wasserl\u00f6slich, sodass die Reinigung der Bauplatte ein einfacher Prozess ist.      <\/p>\n<h2><strong>Wie verschiedene Temperaturen die Haftungsstufen beeinflussen:<\/strong><\/h2>\n<ul>\n<li>Unter 60 \u00b0C: keine Haftung, Objekte k\u00f6nnen von der Platte gel\u00f6st werden.<\/li>\n<li>60 &#8211; 75\u00baC: mittlere Haftung, f\u00fcr einfache Geometrien.<\/li>\n<li>75 &#8211; 95\u00baC: hohe Haftung, f\u00fcr komplexe Geometrien und lange Drucke.<\/li>\n<li>\u00dcber 95\u00baC: sehr hohe Haftung, f\u00fcr sehr komplexe Geometrien und sehr lange Drucke.<\/li>\n<\/ul>\n<h2><strong>Wie man 3DLAC Plus verwendet:<\/strong><\/h2>\n<ul>\n<li>Reinigen Sie die Bauplatte Ihres 3D-Druckers<\/li>\n<li>Stellen Sie sicher, dass die Temperatur des Druckbetts unter 50\u00baC liegt<\/li>\n<li>Spr\u00fchen Sie 3Dlac 100ml auf die Druckplatte (verwenden Sie einen gut bel\u00fcfteten Bereich)<\/li>\n<li>Erw\u00e4rmen Sie zuerst Ihr Druckbett und drucken Sie dann<\/li>\n<li>Warten Sie nach dem Drucken, bis die Bauplatte abgek\u00fchlt ist<\/li>\n<li>Ihr gedrucktes Objekt l\u00e4sst sich leicht abl\u00f6sen<\/li>\n<\/ul>\n<p><iframe loading=\"lazy\" class=\"allowed-iframe\" src=\"https:\/\/www.youtube.com\/embed\/vlxXfV3wGXM\" width=\"495\" height=\"390\"><\/iframe><\/p>\n","protected":false},"excerpt":{"rendered":"<p><strong>3DLAC Plus<\/strong> Fixierspray sorgt f\u00fcr eine starke Verbindung zwischen Kunststoff und Glas, die bei Bedarf leicht zu l\u00f6sen ist.<\/p>\n","protected":false},"featured_media":50117,"comment_status":"closed","ping_status":"closed","template":"","meta":{"_acf_changed":false},"product_brand":[],"product_cat":[1767,1671,1942,1765],"product_tag":[],"brand":[],"class_list":{"0":"post-50112","1":"product","2":"type-product","3":"status-publish","4":"has-post-thumbnail","6":"product_cat-alle-ersatzteile","7":"product_cat-angebote","8":"product_cat-bett-haftung","9":"product_cat-ersatzteile","10":"pa_compatible-with-artillery-fdm-3d-printers","11":"pa_compatible-with-bambulab-fdm-3d-printers","12":"pa_compatible-with-creality-fdm-3d-printers","13":"pa_compatible-with-flashforge-fdm-3d-printers","14":"pa_compatible-with-zortrax-fdm-3d-printers","15":"pa_fits-printer-bambu-lab-x1-carbon","16":"pa_fits-printer-creality-cr-10","17":"pa_fits-printer-creality-cr-10-smart","18":"pa_fits-printer-creality-cr-10-v2","19":"pa_fits-printer-creality-cr-10s-pro-v2","20":"pa_fits-printer-creality-cr-30-printmill","21":"pa_fits-printer-creality-cr-5-pro-h","22":"pa_fits-printer-creality-cr-6-max","23":"pa_fits-printer-creality-cr-6-se","24":"pa_fits-printer-creality-cr-m4","25":"pa_fits-printer-creality-ender-3","26":"pa_fits-printer-creality-ender-3-v2-neo","27":"pa_fits-printer-creality-k1","28":"pa_fits-printer-creality-k1-max","29":"pa_fits-printer-flashforge-adventurer-4","30":"pa_fits-printer-flashforge-creator-3","31":"pa_fits-printer-flashforge-creator-3-pro","32":"pa_fits-printer-flashforge-creator-4","33":"pa_fits-printer-flashforge-guider-2","34":"pa_fits-printer-flashforge-guider-2s","35":"pa_fits-printer-flashforge-guider-3","36":"pa_fits-printer-zortrax-m200","37":"pa_fits-printer-zortrax-m300","39":"first","40":"instock","41":"sale","42":"taxable","43":"shipping-taxable","44":"purchasable","45":"product-type-simple"},"acf":[],"_links":{"self":[{"href":"https:\/\/azurefilm.com\/de\/wp-json\/wp\/v2\/product\/50112","targetHints":{"allow":["GET"]}}],"collection":[{"href":"https:\/\/azurefilm.com\/de\/wp-json\/wp\/v2\/product"}],"about":[{"href":"https:\/\/azurefilm.com\/de\/wp-json\/wp\/v2\/types\/product"}],"replies":[{"embeddable":true,"href":"https:\/\/azurefilm.com\/de\/wp-json\/wp\/v2\/comments?post=50112"}],"wp:featuredmedia":[{"embeddable":true,"href":"https:\/\/azurefilm.com\/de\/wp-json\/wp\/v2\/media\/50117"}],"wp:attachment":[{"href":"https:\/\/azurefilm.com\/de\/wp-json\/wp\/v2\/media?parent=50112"}],"wp:term":[{"taxonomy":"product_brand","embeddable":true,"href":"https:\/\/azurefilm.com\/de\/wp-json\/wp\/v2\/product_brand?post=50112"},{"taxonomy":"product_cat","embeddable":true,"href":"https:\/\/azurefilm.com\/de\/wp-json\/wp\/v2\/product_cat?post=50112"},{"taxonomy":"product_tag","embeddable":true,"href":"https:\/\/azurefilm.com\/de\/wp-json\/wp\/v2\/product_tag?post=50112"},{"taxonomy":"brand","embeddable":true,"href":"https:\/\/azurefilm.com\/de\/wp-json\/wp\/v2\/brand?post=50112"}],"curies":[{"name":"wp","href":"https:\/\/api.w.org\/{rel}","templated":true}]}}