
{"id":50123,"date":"2023-10-29T14:28:24","date_gmt":"2023-10-29T14:28:24","guid":{"rendered":"https:\/\/azurefilm.com\/product\/creality-steel-nozzle-mk8\/"},"modified":"2026-01-14T12:44:29","modified_gmt":"2026-01-14T12:44:29","slug":"creality-steel-nozzle-mk8","status":"publish","type":"product","link":"https:\/\/azurefilm.com\/de\/produkt\/creality-steel-nozzle-mk8\/","title":{"rendered":"Creality Steel Nozzle MK8"},"content":{"rendered":"<h4>Creality Steel Nozzle MK8<\/h4>\n<h3><strong><span style=\"vertical-align: inherit;\">Hauptmerkmale:<\/span><\/strong><\/h3>\n<ul>\n<li>Kompatibel mit: Creality CR-10 V2, Creality CR-10S, Creality Ender 3 S1<\/li>\n<li><span style=\"vertical-align: inherit;\">1,75mm, 0,4mm, 0,5mm und 0,6mm Extrudereingangsd\u00fcsen k\u00f6nnen das Austreten des Druckkopfes effektiv verhindern<\/span><\/li>\n<li><span style=\"vertical-align: inherit;\">Erstellen Sie konsistente Drucke mit glattem und gl\u00e4nzendem Lack<\/span><\/li>\n<li><span style=\"vertical-align: inherit;\">Die D\u00fcse des 3D-Druckers besteht aus hochwertigem Edelstahl<\/span><\/li>\n<li><span style=\"vertical-align: inherit;\">Best\u00e4ndig gegen Rost und Korrosion<\/span><\/li>\n<li><span style=\"vertical-align: inherit;\">Stark und langlebig,<\/span><\/li>\n<li><span style=\"vertical-align: inherit;\">Einfach zu installieren<\/span><\/li>\n<li><span style=\"vertical-align: inherit;\">Nach dem Austausch der D\u00fcse kalibrieren Sie den Abstand zwischen D\u00fcse und Druckbett neu, um die Qualit\u00e4t der gedruckten Teile sicherzustellen.<\/span><\/li>\n<li><span style=\"vertical-align: inherit;\">Der Preis gilt f\u00fcr 1 St\u00fcck.<\/span><\/li>\n<\/ul>\n","protected":false},"excerpt":{"rendered":"<p>Creality Steel Nozzle MK8 mit dem 1,75mm Eingang kann das Austreten des Druckkopfes effektiv verhindern und konsistente Drucke mit glattem und gl\u00e4nzendem Finish erzeugen.<\/p>\n","protected":false},"featured_media":50124,"comment_status":"closed","ping_status":"closed","template":"","meta":{"_acf_changed":false},"product_brand":[],"product_cat":[1767,1671,1807,1765,1835],"product_tag":[],"brand":[270],"class_list":{"0":"post-50123","1":"product","2":"type-product","3":"status-publish","4":"has-post-thumbnail","6":"product_cat-alle-ersatzteile","7":"product_cat-angebote","8":"product_cat-dusen","9":"product_cat-ersatzteile","10":"product_cat-gehartete-verschleisfeste-dusen","11":"pa_fits-printer-creality-cr-10","12":"pa_fits-printer-creality-cr-10-v2","13":"pa_fits-printer-creality-ender-3","14":"pa_nozzle-diameter-0-4mm","15":"pa_nozzle-diameter-0-6mm","16":"brand-creality","18":"first","19":"instock","20":"sale","21":"taxable","22":"shipping-taxable","23":"purchasable","24":"product-type-variable"},"acf":[],"_links":{"self":[{"href":"https:\/\/azurefilm.com\/de\/wp-json\/wp\/v2\/product\/50123","targetHints":{"allow":["GET"]}}],"collection":[{"href":"https:\/\/azurefilm.com\/de\/wp-json\/wp\/v2\/product"}],"about":[{"href":"https:\/\/azurefilm.com\/de\/wp-json\/wp\/v2\/types\/product"}],"replies":[{"embeddable":true,"href":"https:\/\/azurefilm.com\/de\/wp-json\/wp\/v2\/comments?post=50123"}],"wp:featuredmedia":[{"embeddable":true,"href":"https:\/\/azurefilm.com\/de\/wp-json\/wp\/v2\/media\/50124"}],"wp:attachment":[{"href":"https:\/\/azurefilm.com\/de\/wp-json\/wp\/v2\/media?parent=50123"}],"wp:term":[{"taxonomy":"product_brand","embeddable":true,"href":"https:\/\/azurefilm.com\/de\/wp-json\/wp\/v2\/product_brand?post=50123"},{"taxonomy":"product_cat","embeddable":true,"href":"https:\/\/azurefilm.com\/de\/wp-json\/wp\/v2\/product_cat?post=50123"},{"taxonomy":"product_tag","embeddable":true,"href":"https:\/\/azurefilm.com\/de\/wp-json\/wp\/v2\/product_tag?post=50123"},{"taxonomy":"brand","embeddable":true,"href":"https:\/\/azurefilm.com\/de\/wp-json\/wp\/v2\/brand?post=50123"}],"curies":[{"name":"wp","href":"https:\/\/api.w.org\/{rel}","templated":true}]}}