
{"id":50226,"date":"2023-10-29T14:06:08","date_gmt":"2023-10-29T14:06:08","guid":{"rendered":"https:\/\/azurefilm.com\/product\/pla-original-filament-anthrazit\/"},"modified":"2025-05-30T14:34:21","modified_gmt":"2025-05-30T14:34:21","slug":"pla-original-filament-anthrazit","status":"publish","type":"product","link":"https:\/\/azurefilm.com\/de\/produkt\/pla-original-filament-anthrazit\/","title":{"rendered":"PLA Original Filament Anthrazit"},"content":{"rendered":"<h2><b>PLA Original <\/b><\/h2>\n<p><span style=\"font-weight: 400;\">Einf\u00fchrung von PLA Original, unserer<\/span> <span style=\"font-weight: 400;\">Filamentlinie, die<\/span><b>zuverl\u00e4ssige Leistung<\/b><span style=\"font-weight: 400;\"> und eine<\/span><b>gro\u00dfe Farbpalette<\/b><span style=\"font-weight: 400;\"> Optionen. Diese Edition bietet alle traditionellen PLA-Eigenschaften und liefert <\/span><b>konsistente und zuverl\u00e4ssige Ergebnisse<\/b><span style=\"font-weight: 400;\">. PLA Original is <\/span><b>einfach zu drucken<\/b><span style=\"font-weight: 400;\"> und ist ideal f\u00fcr Anf\u00e4nger. Ob Sie an Dekorationen, Prototypen oder anderen Modellen arbeiten, PLA Original ist Ihre erste Wahl f\u00fcr ein erfolgreiches und zufriedenstellendes Druckerlebnis. <\/span><\/p>\n<p><span style=\"font-weight: 400;\">Um mehr \u00fcber PLA Filamente zu erfahren, lesen Sie unseren <a href=\"https:\/\/azurefilm.com\/de\/2023\/07\/04\/pla-filamente-alles-was-sie-wissen-muessen\/\" target=\"_blank\" rel=\"noopener\">Blog<\/a>. <\/span><\/p>\n<p><span style=\"font-weight: 400;\">Sie k\u00f6nnen das <\/span><b>Technische Datenblatt<\/b> <span style=\"font-weight: 400;\"><a href=\"https:\/\/azurefilm.com\/de\/technical-data-sheets\/\" target=\"_blank\" rel=\"noopener\">hier<\/a>.<\/span><\/p>\n<h3><strong>PLA Original Filament Anthrazit<\/strong><\/h3>\n<p>Entdecken Sie die Welt der ewigen Sch\u00f6nheit und lassen Sie Ihre Designs mit unserem PLA Original Filament Anthrazit erstrahlen.<\/p>\n<h3><strong>Druckempfehlungen:<\/strong><\/h3>\n<ul>\n<li style=\"font-weight: 400;\" aria-level=\"1\"><span style=\"font-weight: 400;\">Drucken Sie bei einer Temperatur von 200\u2013230\u00b0C f\u00fcr beste Ergebnisse.* <\/span><\/li>\n<li style=\"font-weight: 400;\" aria-level=\"1\"><span style=\"font-weight: 400;\">Sie ben\u00f6tigen keine beheizte Druckplatte, wir empfehlen jedoch, Ihre Druckplatte auf 50\u201360\u00b0C vorzuheizen.<\/span><\/li>\n<li style=\"font-weight: 400;\" aria-level=\"1\"><span style=\"font-weight: 400;\">Verwenden Sie ein Glasbett, eine PEI-Folie, Kapton oder Blaues Klebeband f\u00fcr die Bauplattform mit 3Dlac-Spray.<\/span><\/li>\n<\/ul>\n<p><i><span style=\"font-weight: 400;\">*Die ideale Temperatur kann je nach verwendetem Drucker variieren.<\/span><\/i><\/p>\n","protected":false},"excerpt":{"rendered":"<p>Entdecken Sie die Welt der ewigen Sch\u00f6nheit und lassen Sie Ihre Designs mit unserem PLA Original Filament Anthrazit erstrahlen.<\/p>\n","protected":false},"featured_media":114028,"comment_status":"closed","ping_status":"closed","template":"","meta":{"_acf_changed":false},"product_brand":[],"product_cat":[1847,1669,1672,1670],"product_tag":[],"brand":[],"class_list":{"0":"post-50226","1":"product","2":"type-product","3":"status-publish","4":"has-post-thumbnail","6":"product_cat-pla-original-de","7":"product_cat-3d-filamente","8":"product_cat-alle-filamente","9":"product_cat-pla-filamente","10":"pa_colour-gray","11":"pa_filament-diameter-1-75mm","12":"pa_filament-weight-1000g","14":"first","15":"outofstock","16":"taxable","17":"shipping-taxable","18":"purchasable","19":"product-type-variable","20":"has-default-attributes"},"acf":[],"_links":{"self":[{"href":"https:\/\/azurefilm.com\/de\/wp-json\/wp\/v2\/product\/50226","targetHints":{"allow":["GET"]}}],"collection":[{"href":"https:\/\/azurefilm.com\/de\/wp-json\/wp\/v2\/product"}],"about":[{"href":"https:\/\/azurefilm.com\/de\/wp-json\/wp\/v2\/types\/product"}],"replies":[{"embeddable":true,"href":"https:\/\/azurefilm.com\/de\/wp-json\/wp\/v2\/comments?post=50226"}],"wp:featuredmedia":[{"embeddable":true,"href":"https:\/\/azurefilm.com\/de\/wp-json\/wp\/v2\/media\/114028"}],"wp:attachment":[{"href":"https:\/\/azurefilm.com\/de\/wp-json\/wp\/v2\/media?parent=50226"}],"wp:term":[{"taxonomy":"product_brand","embeddable":true,"href":"https:\/\/azurefilm.com\/de\/wp-json\/wp\/v2\/product_brand?post=50226"},{"taxonomy":"product_cat","embeddable":true,"href":"https:\/\/azurefilm.com\/de\/wp-json\/wp\/v2\/product_cat?post=50226"},{"taxonomy":"product_tag","embeddable":true,"href":"https:\/\/azurefilm.com\/de\/wp-json\/wp\/v2\/product_tag?post=50226"},{"taxonomy":"brand","embeddable":true,"href":"https:\/\/azurefilm.com\/de\/wp-json\/wp\/v2\/brand?post=50226"}],"curies":[{"name":"wp","href":"https:\/\/api.w.org\/{rel}","templated":true}]}}