
{"id":50439,"date":"2023-10-29T14:07:45","date_gmt":"2023-10-29T14:07:45","guid":{"rendered":"https:\/\/azurefilm.com\/product\/pla-pastel-filament-ice-cream-pink\/"},"modified":"2026-03-25T06:03:59","modified_gmt":"2026-03-25T06:03:59","slug":"pla-pastel-filament-ice-cream-pink","status":"publish","type":"product","link":"https:\/\/azurefilm.com\/de\/produkt\/pla-pastel-filament-ice-cream-pink\/","title":{"rendered":"PLA Pastel Filament Ice Cream Pink"},"content":{"rendered":"<h2><b>PLA Pastel<\/b><\/h2>\n<p><span style=\"font-weight: 400;\">Entdecken Sie die PLA Pastel Filamentkollektion, die <\/span><b>zarte und weiche Farben<\/b> kombiniert<span style=\"font-weight: 400;\">. They offer a beautiful soft palette that\u2019s great for creating a variety of products. The pastel shades look great for decorations, gadgets, figurines and more. PLA Pastel is a <\/span><b>biologisch abbaubares <\/b><span style=\"font-weight: 400;\">Material, sehr <\/span><b>einfach zu verarbeiten<\/b><span style=\"font-weight: 400;\"> und <\/span><b>hervorragend f\u00fcr Anf\u00e4nger geeignet<\/b><span style=\"font-weight: 400;\">. <\/span><\/p>\n<h2><strong>PLA Pastel Filament Ice Cream Pink<\/strong><\/h2>\n<p>Probieren Sie das s\u00fc\u00dfe und charmante PLA Pastel Filament Ice Cream Pink, das pr\u00e4zise und saubere 3D-Drucke liefert.<\/p>\n<p><span style=\"font-weight: 400;\">Um mehr \u00fcber PLA Filamente zu erfahren, lesen Sie unseren <a href=\"https:\/\/azurefilm.com\/de\/2023\/07\/04\/pla-filamente-alles-was-sie-wissen-muessen\/\" target=\"_blank\" rel=\"noopener\">Blog<\/a>. <\/span><\/p>\n<p><span style=\"font-weight: 400;\">Sie k\u00f6nnen das <\/span><b>Technische Datenblatt<\/b> <span style=\"font-weight: 400;\"><a href=\"https:\/\/azurefilm.com\/de\/technical-data-sheets\/\" target=\"_blank\" rel=\"noopener\">hier<\/a>.<\/span><\/p>\n<p><span style=\"font-weight: 400;\">Druckempfehlungen:<\/span><\/p>\n<ul>\n<li style=\"font-weight: 400;\" aria-level=\"1\"><span style=\"font-weight: 400;\">F\u00fcr die besten Ergebnisse drucken Sie bei 200\u2013230\u00b0C. <\/span><\/li>\n<li style=\"font-weight: 400;\" aria-level=\"1\"><span style=\"font-weight: 400;\">Empfohlene Druckbett-Temperatur ist 60\u00b0C.<\/span><\/li>\n<li style=\"font-weight: 400;\" aria-level=\"1\"><span style=\"font-weight: 400;\">Verwenden Sie ein Glasbett, eine PEI-Folie, Kapton oder Blaues Klebeband f\u00fcr die Bauplattform mit 3Dlac-Spray.<\/span><\/li>\n<\/ul>\n<p><i><span style=\"font-weight: 400;\">*Die ideale Temperatur kann je nach verwendetem Drucker variieren.<\/span><\/i><\/p>\n<p>&nbsp;<\/p>\n","protected":false},"excerpt":{"rendered":"<p>Probieren Sie das s\u00fc\u00dfe und charmante PLA Pastel Filament Ice Cream Pink, das pr\u00e4zise und saubere 3D-Drucke liefert.<\/p>\n","protected":false},"featured_media":113980,"comment_status":"closed","ping_status":"closed","template":"","meta":{"_acf_changed":false},"product_brand":[],"product_cat":[1958,1669,1672,1670],"product_tag":[],"brand":[],"class_list":{"0":"post-50439","1":"product","2":"type-product","3":"status-publish","4":"has-post-thumbnail","6":"product_cat-pla-pastel-de","7":"product_cat-3d-filamente","8":"product_cat-alle-filamente","9":"product_cat-pla-filamente","10":"pa_colour-pink","11":"pa_filament-diameter-1-75mm","12":"pa_filament-weight-1000g","14":"first","15":"instock","16":"taxable","17":"shipping-taxable","18":"purchasable","19":"product-type-variable","20":"has-default-attributes"},"acf":[],"_links":{"self":[{"href":"https:\/\/azurefilm.com\/de\/wp-json\/wp\/v2\/product\/50439","targetHints":{"allow":["GET"]}}],"collection":[{"href":"https:\/\/azurefilm.com\/de\/wp-json\/wp\/v2\/product"}],"about":[{"href":"https:\/\/azurefilm.com\/de\/wp-json\/wp\/v2\/types\/product"}],"replies":[{"embeddable":true,"href":"https:\/\/azurefilm.com\/de\/wp-json\/wp\/v2\/comments?post=50439"}],"wp:featuredmedia":[{"embeddable":true,"href":"https:\/\/azurefilm.com\/de\/wp-json\/wp\/v2\/media\/113980"}],"wp:attachment":[{"href":"https:\/\/azurefilm.com\/de\/wp-json\/wp\/v2\/media?parent=50439"}],"wp:term":[{"taxonomy":"product_brand","embeddable":true,"href":"https:\/\/azurefilm.com\/de\/wp-json\/wp\/v2\/product_brand?post=50439"},{"taxonomy":"product_cat","embeddable":true,"href":"https:\/\/azurefilm.com\/de\/wp-json\/wp\/v2\/product_cat?post=50439"},{"taxonomy":"product_tag","embeddable":true,"href":"https:\/\/azurefilm.com\/de\/wp-json\/wp\/v2\/product_tag?post=50439"},{"taxonomy":"brand","embeddable":true,"href":"https:\/\/azurefilm.com\/de\/wp-json\/wp\/v2\/brand?post=50439"}],"curies":[{"name":"wp","href":"https:\/\/api.w.org\/{rel}","templated":true}]}}