
{"id":50525,"date":"2023-10-29T14:21:13","date_gmt":"2023-10-29T14:21:13","guid":{"rendered":"https:\/\/azurefilm.com\/product\/glas-mit-silikonbeschichtung-235x235mm-3\/"},"modified":"2025-07-24T20:04:24","modified_gmt":"2025-07-24T20:04:24","slug":"glas-mit-silikonbeschichtung-235x235mm-3","status":"publish","type":"product","link":"https:\/\/azurefilm.com\/de\/produkt\/glas-mit-silikonbeschichtung-235x235mm-3\/","title":{"rendered":"Glas mit Silikonbeschichtung 235x235mm"},"content":{"rendered":"<p><strong>Glas mit Silikonbeschichtung<\/strong> f\u00fcr 3D-Drucker ist perfekt geeignet f\u00fcr Ender 3, Ender 3 Pro, Ender 3 V2, Ender 3 S1, Ender 3 S1 PRO, Ender 3 Neo, Ender 3 Neo V2 oder jeden anderen 3D-Drucker mit einer Heizbettgr\u00f6\u00dfe von 235x235mm.<\/p>\n<h2><strong>Hauptmerkmale:<\/strong><\/h2>\n<ul>\n<li>Die Oberfl\u00e4che aus Kohlenstoff und Silikon bietet die beste Haftung auf dem Markt. Stellen Sie sicher, dass Sie direkt auf dem Glas ohne Beschichtung drucken.<\/li>\n<li>Sie k\u00f6nnen diese Glasplatte auf jede vorhandene Heizbett-Oberfl\u00e4che legen und mit einfachen Clips befestigen, da das Heizbett auf h\u00f6here Temperaturen erhitzt und noch mehr Haftung bietet.<\/li>\n<li>Wir empfehlen, das Glas vor jedem Gebrauch mit Reinigungsalkohol zu s\u00e4ubern, um Sch\u00e4den zu vermeiden.<\/li>\n<li>Die Kohlenstoff-Silikon-Basis l\u00f6st das Modell, sobald das Heizbett wieder auf Raumtemperatur abgek\u00fchlt ist, und es kann dann leicht von Hand entfernt werden.<\/li>\n<li>Dieses Glas mit Silikonbeschichtung ist perfekt f\u00fcr schwierige Verzugprobleme bei ABS-Drucken.<\/li>\n<li>Wenn Sie 100% sicher sein wollen oder Probleme haben, dass der 3D-Druck nicht an der Silikonbeschichtung haftet, spr\u00fchen Sie Ihr Glas mit Dimafix-Spray ein.<\/li>\n<li>Aber seien Sie vorsichtig: Dimafix funktioniert nur, wenn es mindestens 60\u00b0C hat.<\/li>\n<\/ul>\n<h2><strong>Temperatureinstellungen f\u00fcr verschiedene Filamente:<\/strong><\/h2>\n<ul>\n<li><a href=\"https:\/\/azurefilm.com\/de\/produkt-kategorie\/3d-filamente\/pla-filamente\/\">PLA<\/a>: 50-70\u00baC<\/li>\n<li><a href=\"https:\/\/azurefilm.com\/de\/produkt-kategorie\/3d-filamente\/petg-filamente\/\">PETG<\/a>: 80-90\u00baC (f\u00fcr bessere Ergebnisse)<\/li>\n<li><a href=\"https:\/\/azurefilm.com\/de\/produkt-kategorie\/3d-filamente\/abs-filamente\/\">ABS<\/a>: 100-125\u00baC (110\u00baC wird empfohlen)<\/li>\n<li><a href=\"https:\/\/azurefilm.com\/de\/produkt-kategorie\/3d-filamente\/flexible-filamente\/\">Flexibles Filament<\/a>: 50-70\u00baC<\/li>\n<\/ul>\n","protected":false},"excerpt":{"rendered":"<p><strong>Glas mit Silikonbeschichtung<\/strong> f\u00fcr 3D-Drucker ist perfekt geeignet f\u00fcr Ender 3, Ender 3 Pro, Ender 3 V2, Ender 3 S1, Ender 3 S1 PRO, Ender 3 Neo, Ender 3 Neo V2<\/p>\n","protected":false},"featured_media":0,"comment_status":"closed","ping_status":"closed","template":"","meta":{"_acf_changed":false},"product_brand":[],"product_cat":[1741],"product_tag":[],"brand":[],"class_list":{"0":"post-50525","1":"product","2":"type-product","3":"status-publish","5":"product_cat-nicht-kategorisiert","7":"first","8":"instock","9":"taxable","10":"shipping-taxable","11":"product-type-simple"},"acf":[],"_links":{"self":[{"href":"https:\/\/azurefilm.com\/de\/wp-json\/wp\/v2\/product\/50525","targetHints":{"allow":["GET"]}}],"collection":[{"href":"https:\/\/azurefilm.com\/de\/wp-json\/wp\/v2\/product"}],"about":[{"href":"https:\/\/azurefilm.com\/de\/wp-json\/wp\/v2\/types\/product"}],"replies":[{"embeddable":true,"href":"https:\/\/azurefilm.com\/de\/wp-json\/wp\/v2\/comments?post=50525"}],"wp:attachment":[{"href":"https:\/\/azurefilm.com\/de\/wp-json\/wp\/v2\/media?parent=50525"}],"wp:term":[{"taxonomy":"product_brand","embeddable":true,"href":"https:\/\/azurefilm.com\/de\/wp-json\/wp\/v2\/product_brand?post=50525"},{"taxonomy":"product_cat","embeddable":true,"href":"https:\/\/azurefilm.com\/de\/wp-json\/wp\/v2\/product_cat?post=50525"},{"taxonomy":"product_tag","embeddable":true,"href":"https:\/\/azurefilm.com\/de\/wp-json\/wp\/v2\/product_tag?post=50525"},{"taxonomy":"brand","embeddable":true,"href":"https:\/\/azurefilm.com\/de\/wp-json\/wp\/v2\/brand?post=50525"}],"curies":[{"name":"wp","href":"https:\/\/api.w.org\/{rel}","templated":true}]}}