
{"id":50526,"date":"2023-10-29T14:23:29","date_gmt":"2023-10-29T14:23:29","guid":{"rendered":"https:\/\/azurefilm.com\/product\/v-slot-gantry-plate-20-40-60\/"},"modified":"2023-10-29T14:23:29","modified_gmt":"2023-10-29T14:23:29","slug":"v-slot-gantry-plate-20-40-60","status":"publish","type":"product","link":"https:\/\/azurefilm.com\/de\/produkt\/v-slot-gantry-plate-20-40-60\/","title":{"rendered":"V-Slot Gantry Plate 20\/40\/60"},"content":{"rendered":"<h4><strong>V-Slot Gantry Plate 20\/40\/60 <\/strong><\/h4>\n<h3>Hauptmerkmale:<\/h3>\n<p>Diese V-Slot Gantry Platte besteht aus 6063-T6 Aluminium und kann mit allen Gr\u00f6\u00dfen von V-Slot Extrusion verwendet werden. Sie wurde speziell entwickelt, um den Aufbau zu vereinfachen. Durchgehende Schlitze wurden hinzugef\u00fcgt, um den Zahnriemen einfach zur\u00fcckzufalten und zu befestigen. Es gibt auch 5-mm-Schlitze, die es erm\u00f6glichen, Abstandshalter f\u00fcr 90-Grad-Riemenhalterungen an der Ober- oder Unterseite der Platte anzubringen.<\/p>\n<p>&nbsp;<\/p>\n<p>&nbsp;<\/p>\n","protected":false},"excerpt":{"rendered":"<h4>V-Slot Gantry Plate 20\/40\/60: Sie wurde speziell entwickelt, um den Aufbau zu vereinfachen.<\/h4>\n","protected":false},"featured_media":50528,"comment_status":"closed","ping_status":"closed","template":"","meta":{"_acf_changed":false},"product_brand":[],"product_cat":[1765,1767,1803,1671],"product_tag":[],"brand":[],"class_list":{"0":"post-50526","1":"product","2":"type-product","3":"status-publish","4":"has-post-thumbnail","6":"product_cat-ersatzteile","7":"product_cat-alle-ersatzteile","8":"product_cat-aluminiumprofile","9":"product_cat-angebote","11":"first","12":"instock","13":"sale","14":"taxable","15":"shipping-taxable","16":"purchasable","17":"product-type-simple"},"acf":[],"_links":{"self":[{"href":"https:\/\/azurefilm.com\/de\/wp-json\/wp\/v2\/product\/50526","targetHints":{"allow":["GET"]}}],"collection":[{"href":"https:\/\/azurefilm.com\/de\/wp-json\/wp\/v2\/product"}],"about":[{"href":"https:\/\/azurefilm.com\/de\/wp-json\/wp\/v2\/types\/product"}],"replies":[{"embeddable":true,"href":"https:\/\/azurefilm.com\/de\/wp-json\/wp\/v2\/comments?post=50526"}],"wp:featuredmedia":[{"embeddable":true,"href":"https:\/\/azurefilm.com\/de\/wp-json\/wp\/v2\/media\/50528"}],"wp:attachment":[{"href":"https:\/\/azurefilm.com\/de\/wp-json\/wp\/v2\/media?parent=50526"}],"wp:term":[{"taxonomy":"product_brand","embeddable":true,"href":"https:\/\/azurefilm.com\/de\/wp-json\/wp\/v2\/product_brand?post=50526"},{"taxonomy":"product_cat","embeddable":true,"href":"https:\/\/azurefilm.com\/de\/wp-json\/wp\/v2\/product_cat?post=50526"},{"taxonomy":"product_tag","embeddable":true,"href":"https:\/\/azurefilm.com\/de\/wp-json\/wp\/v2\/product_tag?post=50526"},{"taxonomy":"brand","embeddable":true,"href":"https:\/\/azurefilm.com\/de\/wp-json\/wp\/v2\/brand?post=50526"}],"curies":[{"name":"wp","href":"https:\/\/api.w.org\/{rel}","templated":true}]}}