
{"id":50527,"date":"2023-10-29T14:21:13","date_gmt":"2023-10-29T14:21:13","guid":{"rendered":"https:\/\/azurefilm.com\/product\/creality-original-heatsink\/"},"modified":"2023-10-29T14:21:13","modified_gmt":"2023-10-29T14:21:13","slug":"creality-original-heatsink","status":"publish","type":"product","link":"https:\/\/azurefilm.com\/de\/produkt\/creality-original-heatsink\/","title":{"rendered":"Creality Original Heatsink"},"content":{"rendered":"<h2><strong>Hauptmerkmale:<\/strong><\/h2>\n<p><strong>Entdecken Sie die Vorteile des Creality Original Heatsink<\/strong><\/p>\n<p>Wenn es um K\u00fchlk\u00f6rper geht, gibt es viele Optionen, aber der Creality Original Heatsink sticht aus einigen guten Gr\u00fcnden hervor.<\/p>\n<h2><strong>Hauptvorteile:<\/strong><\/h2>\n<ol>\n<li><strong>Bessere K\u00fchlung:<\/strong> Der Hauptunterschied zwischen dem Creality Original Heatsink und anderen ist seine F\u00e4higkeit, effizient zu k\u00fchlen. Er hat 9 Lamellen, um die W\u00e4rme effektiv abzuleiten, was bedeutet, dass Ihr 3D-Drucker die richtige Temperatur halten kann. <\/li>\n<li><strong>Weniger Verstopfungen:<\/strong> Mit diesem K\u00fchlk\u00f6rper sind D\u00fcsenverstopfungen weniger wahrscheinlich. Die gr\u00f6\u00dfere Oberfl\u00e4che hilft, Ihren Drucker reibungslos laufen zu lassen und sorgt f\u00fcr konsistente und zuverl\u00e4ssige 3D-Drucke. <\/li>\n<li><strong>Langlebig:<\/strong> Hergestellt aus massivem Aluminium, ist der Creality Original Heatsink robust und langlebig. Er kann den Anforderungen einer langfristigen Nutzung standhalten, sodass Sie sich darauf verlassen k\u00f6nnen, dass Ihr 3D-Drucker gut l\u00e4uft. <\/li>\n<li>Kompatibel mit: Ender 3, Ender 3 Pro, Ender 3 V2, Ender 3 S1, Ender 3 S1 PRO, Ender 3 Neo, Ender 3 Neo V2, CR10, CR10S, CR10S PRO, CR10S PRO V2, CR10 Smart, CR10 Smart PRO<\/li>\n<\/ol>\n","protected":false},"excerpt":{"rendered":"<p><strong>Creality Original Heatsink<\/strong> kompatibel mit Creality 3D-Druckern:<\/p>\n<p>&nbsp;<\/p>\n","protected":false},"featured_media":50530,"comment_status":"closed","ping_status":"closed","template":"","meta":{"_acf_changed":false},"product_brand":[],"product_cat":[1767,1671,1765,1890],"product_tag":[],"brand":[],"class_list":{"0":"post-50527","1":"product","2":"type-product","3":"status-publish","4":"has-post-thumbnail","6":"product_cat-alle-ersatzteile","7":"product_cat-angebote","8":"product_cat-ersatzteile","9":"product_cat-heizblocke","10":"pa_compatible-with-creality-fdm-3d-printers","11":"pa_fits-printer-creality-cr-10","12":"pa_fits-printer-creality-ender-3","14":"first","15":"instock","16":"sale","17":"taxable","18":"shipping-taxable","19":"purchasable","20":"product-type-simple"},"acf":[],"_links":{"self":[{"href":"https:\/\/azurefilm.com\/de\/wp-json\/wp\/v2\/product\/50527","targetHints":{"allow":["GET"]}}],"collection":[{"href":"https:\/\/azurefilm.com\/de\/wp-json\/wp\/v2\/product"}],"about":[{"href":"https:\/\/azurefilm.com\/de\/wp-json\/wp\/v2\/types\/product"}],"replies":[{"embeddable":true,"href":"https:\/\/azurefilm.com\/de\/wp-json\/wp\/v2\/comments?post=50527"}],"wp:featuredmedia":[{"embeddable":true,"href":"https:\/\/azurefilm.com\/de\/wp-json\/wp\/v2\/media\/50530"}],"wp:attachment":[{"href":"https:\/\/azurefilm.com\/de\/wp-json\/wp\/v2\/media?parent=50527"}],"wp:term":[{"taxonomy":"product_brand","embeddable":true,"href":"https:\/\/azurefilm.com\/de\/wp-json\/wp\/v2\/product_brand?post=50527"},{"taxonomy":"product_cat","embeddable":true,"href":"https:\/\/azurefilm.com\/de\/wp-json\/wp\/v2\/product_cat?post=50527"},{"taxonomy":"product_tag","embeddable":true,"href":"https:\/\/azurefilm.com\/de\/wp-json\/wp\/v2\/product_tag?post=50527"},{"taxonomy":"brand","embeddable":true,"href":"https:\/\/azurefilm.com\/de\/wp-json\/wp\/v2\/brand?post=50527"}],"curies":[{"name":"wp","href":"https:\/\/api.w.org\/{rel}","templated":true}]}}