
{"id":50543,"date":"2023-10-29T14:22:58","date_gmt":"2023-10-29T14:22:58","guid":{"rendered":"https:\/\/azurefilm.com\/product\/dc-kuehlventilator-5010-12-24v\/"},"modified":"2023-10-29T14:22:58","modified_gmt":"2023-10-29T14:22:58","slug":"dc-kuehlventilator-5010-12-24v","status":"publish","type":"product","link":"https:\/\/azurefilm.com\/de\/produkt\/dc-kuehlventilator-5010-12-24v\/","title":{"rendered":"DC K\u00fchlventilator 5010 12\/24V"},"content":{"rendered":"<h4>DC K\u00fchlventilator 5010 12\/24V<\/h4>\n<h3><strong>Hauptmerkmale:<\/strong><\/h3>\n<ul>\n<li>DC L\u00fcftergr\u00f6\u00dfe: 50x50x0,5mm<\/li>\n<li>L\u00fcftergeschwindigkeit: 4200 U\/min (\u00b110% U\/min)<\/li>\n<li>Ger\u00e4uschpegel: 25,4 DBA<\/li>\n<li>Nennspannung: 12V oder 24V<\/li>\n<li><span class=\"a-list-item\">Verwendung f\u00fcr: Creality Ender 3<\/span><\/li>\n<li>  f\u00fcr Creality Ender 3, Ender 3 Pro, Ender 3 V2, Ender 5, Ender 5 Pro, CR-10, CR-10S, CR-10 Mini, CR-10S Pro und CR-10 V2.<\/li>\n<\/ul>\n","protected":false},"excerpt":{"rendered":"<p>DC K\u00fchlventilator 5010 12\/24V wird zum K\u00fchlen von Komponenten in 3D-Druckern und anderen elektronischen Ger\u00e4ten verwendet. Die Abmessungen sind 50x50x0,5mm.<\/p>\n<ul>\n<li>  f\u00fcr Creality Ender 3, Ender 3 Pro, Ender 3 V2, Ender 5, Ender 5 Pro, CR-10, CR-10S, CR-10 Mini, CR-10S Pro und CR-10 V2.<\/li>\n<\/ul>\n","protected":false},"featured_media":50544,"comment_status":"closed","ping_status":"closed","template":"","meta":{"_acf_changed":false},"product_brand":[],"product_cat":[1767,1671,1765,1814],"product_tag":[],"brand":[],"class_list":{"0":"post-50543","1":"product","2":"type-product","3":"status-publish","4":"has-post-thumbnail","6":"product_cat-alle-ersatzteile","7":"product_cat-angebote","8":"product_cat-ersatzteile","9":"product_cat-lufter","11":"first","12":"instock","13":"sale","14":"taxable","15":"shipping-taxable","16":"purchasable","17":"product-type-variable"},"acf":[],"_links":{"self":[{"href":"https:\/\/azurefilm.com\/de\/wp-json\/wp\/v2\/product\/50543","targetHints":{"allow":["GET"]}}],"collection":[{"href":"https:\/\/azurefilm.com\/de\/wp-json\/wp\/v2\/product"}],"about":[{"href":"https:\/\/azurefilm.com\/de\/wp-json\/wp\/v2\/types\/product"}],"replies":[{"embeddable":true,"href":"https:\/\/azurefilm.com\/de\/wp-json\/wp\/v2\/comments?post=50543"}],"wp:featuredmedia":[{"embeddable":true,"href":"https:\/\/azurefilm.com\/de\/wp-json\/wp\/v2\/media\/50544"}],"wp:attachment":[{"href":"https:\/\/azurefilm.com\/de\/wp-json\/wp\/v2\/media?parent=50543"}],"wp:term":[{"taxonomy":"product_brand","embeddable":true,"href":"https:\/\/azurefilm.com\/de\/wp-json\/wp\/v2\/product_brand?post=50543"},{"taxonomy":"product_cat","embeddable":true,"href":"https:\/\/azurefilm.com\/de\/wp-json\/wp\/v2\/product_cat?post=50543"},{"taxonomy":"product_tag","embeddable":true,"href":"https:\/\/azurefilm.com\/de\/wp-json\/wp\/v2\/product_tag?post=50543"},{"taxonomy":"brand","embeddable":true,"href":"https:\/\/azurefilm.com\/de\/wp-json\/wp\/v2\/brand?post=50543"}],"curies":[{"name":"wp","href":"https:\/\/api.w.org\/{rel}","templated":true}]}}