
{"id":50552,"date":"2023-10-29T14:22:58","date_gmt":"2023-10-29T14:22:58","guid":{"rendered":"https:\/\/azurefilm.com\/product\/e3d-fan-mit-verlaengerung-v5\/"},"modified":"2023-10-29T14:22:58","modified_gmt":"2023-10-29T14:22:58","slug":"e3d-fan-mit-verlaengerung-v5","status":"publish","type":"product","link":"https:\/\/azurefilm.com\/de\/produkt\/e3d-fan-mit-verlaengerung-v5\/","title":{"rendered":"E3D Fan mit Verl\u00e4ngerung V5"},"content":{"rendered":"<h2><strong>Hauptmerkmale:<\/strong><\/h2>\n<ul>\n<li>L\u00fcfter mit Verl\u00e4ngerung f\u00fcr den E3D-Extruder<\/li>\n<li>Verf\u00fcgbar in V5 12V<\/li>\n<li>Abmessungen: 30x30x10mm<\/li>\n<li>Die Verl\u00e4ngerung besteht aus durchsichtigem blauem Polycarbonat<\/li>\n<li>Mit Verl\u00e4ngerung sind die L\u00fcfter viel verschlei\u00dffester und viel weniger vibrationsanf\u00e4llig<\/li>\n<\/ul>\n","protected":false},"excerpt":{"rendered":"<p><strong>E3D Fan mit Verl\u00e4ngerung V5<\/strong> ist viel verschlei\u00dffester und viel weniger vibrationsanf\u00e4llig.<\/p>\n","protected":false},"featured_media":50553,"comment_status":"closed","ping_status":"closed","template":"","meta":{"_acf_changed":false},"product_brand":[],"product_cat":[1767,1671,1765,1814],"product_tag":[],"brand":[],"class_list":{"0":"post-50552","1":"product","2":"type-product","3":"status-publish","4":"has-post-thumbnail","6":"product_cat-alle-ersatzteile","7":"product_cat-angebote","8":"product_cat-ersatzteile","9":"product_cat-lufter","11":"first","12":"instock","13":"sale","14":"taxable","15":"shipping-taxable","16":"purchasable","17":"product-type-simple"},"acf":[],"_links":{"self":[{"href":"https:\/\/azurefilm.com\/de\/wp-json\/wp\/v2\/product\/50552","targetHints":{"allow":["GET"]}}],"collection":[{"href":"https:\/\/azurefilm.com\/de\/wp-json\/wp\/v2\/product"}],"about":[{"href":"https:\/\/azurefilm.com\/de\/wp-json\/wp\/v2\/types\/product"}],"replies":[{"embeddable":true,"href":"https:\/\/azurefilm.com\/de\/wp-json\/wp\/v2\/comments?post=50552"}],"wp:featuredmedia":[{"embeddable":true,"href":"https:\/\/azurefilm.com\/de\/wp-json\/wp\/v2\/media\/50553"}],"wp:attachment":[{"href":"https:\/\/azurefilm.com\/de\/wp-json\/wp\/v2\/media?parent=50552"}],"wp:term":[{"taxonomy":"product_brand","embeddable":true,"href":"https:\/\/azurefilm.com\/de\/wp-json\/wp\/v2\/product_brand?post=50552"},{"taxonomy":"product_cat","embeddable":true,"href":"https:\/\/azurefilm.com\/de\/wp-json\/wp\/v2\/product_cat?post=50552"},{"taxonomy":"product_tag","embeddable":true,"href":"https:\/\/azurefilm.com\/de\/wp-json\/wp\/v2\/product_tag?post=50552"},{"taxonomy":"brand","embeddable":true,"href":"https:\/\/azurefilm.com\/de\/wp-json\/wp\/v2\/brand?post=50552"}],"curies":[{"name":"wp","href":"https:\/\/api.w.org\/{rel}","templated":true}]}}