
{"id":50565,"date":"2023-10-29T14:23:59","date_gmt":"2023-10-29T14:23:59","guid":{"rendered":"https:\/\/azurefilm.com\/product\/dc-kuehlventilator-6010-dc-12-24v\/"},"modified":"2026-01-08T22:11:57","modified_gmt":"2026-01-08T22:11:57","slug":"dc-kuehlventilator-6010-dc-12-24v","status":"publish","type":"product","link":"https:\/\/azurefilm.com\/de\/produkt\/dc-kuehlventilator-6010-dc-12-24v\/","title":{"rendered":"DC K\u00fchlventilator 6010 DC 12\/24V"},"content":{"rendered":"<h2><strong>Hauptmerkmale:<\/strong><\/h2>\n<ul>\n<li>Hervorragend zum K\u00fchlen von K\u00fchlk\u00f6rpern an Hotends, Drucken, Extrudern und anderen Teilen von 3D-Druckern geeignet,<\/li>\n<li>Hergestellt aus hochwertigen Materialien, umweltfreundlich, sicher und harmlos,<\/li>\n<li>Hitzebest\u00e4ndig und \u00e4u\u00dferst langlebig,<\/li>\n<li>Lager ist hochpr\u00e4zise, langlebig,<\/li>\n<li> Hohe Drehzahl bei geringer Ger\u00e4uschentwicklung,<\/li>\n<li>Einfach zu installieren.<\/li>\n<\/ul>\n<h2><strong>Spezifikationen:<\/strong><\/h2>\n<ul>\n<li>Artikelname: 6010 12\/24V K\u00fchlventilator<\/li>\n<li>L\u00fcfterabmessung: 60x60x10mm<\/li>\n<li>Lagertyp: Gleitlager<\/li>\n<li>Nennspannung: DC 12\/24V<\/li>\n<li>Nennstrom: 0,18Amp\u00b110%<\/li>\n<li>Nenndrehzahl: 3200RPM\u00b110%<\/li>\n<li>Ger\u00e4uschpegel: 24dBA\u00b110%<\/li>\n<li>Luftstrom: 12,6CFM\u00b110%<\/li>\n<li>Montageabmessung: 50,0\u00b10,3mm<\/li>\n<\/ul>\n","protected":false},"excerpt":{"rendered":"<p>Der DC K\u00fchlventilator 6010 DC12V 24V f\u00fcr 3D-Drucker ist hervorragend zum K\u00fchlen von K\u00fchlk\u00f6rpern an Hotends, Drucken, Extrudern und anderen Teilen des 3D-Druckers geeignet.<\/p>\n","protected":false},"featured_media":50569,"comment_status":"closed","ping_status":"closed","template":"","meta":{"_acf_changed":false},"product_brand":[],"product_cat":[1767,1671,1765,1814],"product_tag":[],"brand":[],"class_list":{"0":"post-50565","1":"product","2":"type-product","3":"status-publish","4":"has-post-thumbnail","6":"product_cat-alle-ersatzteile","7":"product_cat-angebote","8":"product_cat-ersatzteile","9":"product_cat-lufter","11":"first","12":"instock","13":"sale","14":"taxable","15":"shipping-taxable","16":"purchasable","17":"product-type-variable"},"acf":[],"_links":{"self":[{"href":"https:\/\/azurefilm.com\/de\/wp-json\/wp\/v2\/product\/50565","targetHints":{"allow":["GET"]}}],"collection":[{"href":"https:\/\/azurefilm.com\/de\/wp-json\/wp\/v2\/product"}],"about":[{"href":"https:\/\/azurefilm.com\/de\/wp-json\/wp\/v2\/types\/product"}],"replies":[{"embeddable":true,"href":"https:\/\/azurefilm.com\/de\/wp-json\/wp\/v2\/comments?post=50565"}],"wp:featuredmedia":[{"embeddable":true,"href":"https:\/\/azurefilm.com\/de\/wp-json\/wp\/v2\/media\/50569"}],"wp:attachment":[{"href":"https:\/\/azurefilm.com\/de\/wp-json\/wp\/v2\/media?parent=50565"}],"wp:term":[{"taxonomy":"product_brand","embeddable":true,"href":"https:\/\/azurefilm.com\/de\/wp-json\/wp\/v2\/product_brand?post=50565"},{"taxonomy":"product_cat","embeddable":true,"href":"https:\/\/azurefilm.com\/de\/wp-json\/wp\/v2\/product_cat?post=50565"},{"taxonomy":"product_tag","embeddable":true,"href":"https:\/\/azurefilm.com\/de\/wp-json\/wp\/v2\/product_tag?post=50565"},{"taxonomy":"brand","embeddable":true,"href":"https:\/\/azurefilm.com\/de\/wp-json\/wp\/v2\/brand?post=50565"}],"curies":[{"name":"wp","href":"https:\/\/api.w.org\/{rel}","templated":true}]}}