
{"id":50612,"date":"2023-10-29T14:24:55","date_gmt":"2023-10-29T14:24:55","guid":{"rendered":"https:\/\/azurefilm.com\/product\/5015-turbine-blower-cooling-fan-12-24v\/"},"modified":"2023-10-29T14:24:55","modified_gmt":"2023-10-29T14:24:55","slug":"5015-turbine-blower-cooling-fan-12-24v","status":"publish","type":"product","link":"https:\/\/azurefilm.com\/de\/produkt\/5015-turbine-blower-cooling-fan-12-24v\/","title":{"rendered":"5015 Turbine Blower Cooling Fan 12\/24V"},"content":{"rendered":"<h2><span style=\"text-decoration: underline;\"><strong>Hauptmerkmale:<\/strong><\/span><\/h2>\n<ul>\n<li>Hervorragend zum K\u00fchlen von K\u00fchlk\u00f6rpern an Hotends, Drucken, Extrudern und anderen Teilen von 3D-Druckern geeignet,<\/li>\n<li>Hergestellt aus hochwertigen Materialien, umweltfreundlich, sicher und harmlos,<\/li>\n<li>Hitzebest\u00e4ndig und \u00e4u\u00dferst langlebig,<\/li>\n<li>Lager ist hochpr\u00e4zise, langlebig,<\/li>\n<li>50mm Radiall\u00fcfter mit 2-Pin-Anschluss,<\/li>\n<li>Hohe Drehzahl bei geringer Ger\u00e4uschentwicklung,<\/li>\n<li>Einfach zu installieren.<\/li>\n<\/ul>\n<h2><span style=\"text-decoration: underline;\"><strong>Specifications<\/strong>:<\/span><\/h2>\n<ul>\n<li>Hauptk\u00f6rperfarbe: Schwarz Produkt<\/li>\n<li>Gr\u00f6\u00dfe: 50 * 15mm<\/li>\n<li>Lufteinlassgr\u00f6\u00dfe: 32,3mm<\/li>\n<li>Luftauslassgr\u00f6\u00dfe: 20 * 15mm<\/li>\n<li>Typen: 12V, 24V (Optional)<\/li>\n<\/ul>\n<h3><strong>F\u00fcr 12V L\u00fcfter:<\/strong><\/h3>\n<ul>\n<li>Nennspannung: DC 12V<\/li>\n<li>Nennstrom: 0,28A<\/li>\n<li>Leistungsaufnahme: 3,36W<\/li>\n<li>Umdrehungen: 6800 \u00b1 10% RPM<\/li>\n<li>Ger\u00e4usch: 35 DBA<\/li>\n<\/ul>\n<h3><strong>F\u00fcr 24V L\u00fcfter:<\/strong><\/h3>\n<ul>\n<li>Nennspannung: DC 24V<\/li>\n<li>Umdrehungen: 4200 \u00b1 10% RPM<\/li>\n<\/ul>\n","protected":false},"excerpt":{"rendered":"<p><strong>5015 Turbine Blower Cooling Fan<\/strong> f\u00fcr den 3D-Drucker ist hervorragend zum K\u00fchlen von K\u00fchlk\u00f6rpern an Hotends, Drucken, Extrudern und anderen Teilen des 3D-Druckers geeignet.<\/p>\n","protected":false},"featured_media":50613,"comment_status":"closed","ping_status":"closed","template":"","meta":{"_acf_changed":false},"product_brand":[],"product_cat":[1767,1671,1765,1814],"product_tag":[],"brand":[],"class_list":{"0":"post-50612","1":"product","2":"type-product","3":"status-publish","4":"has-post-thumbnail","6":"product_cat-alle-ersatzteile","7":"product_cat-angebote","8":"product_cat-ersatzteile","9":"product_cat-lufter","11":"first","12":"instock","13":"sale","14":"taxable","15":"shipping-taxable","16":"purchasable","17":"product-type-variable"},"acf":[],"_links":{"self":[{"href":"https:\/\/azurefilm.com\/de\/wp-json\/wp\/v2\/product\/50612","targetHints":{"allow":["GET"]}}],"collection":[{"href":"https:\/\/azurefilm.com\/de\/wp-json\/wp\/v2\/product"}],"about":[{"href":"https:\/\/azurefilm.com\/de\/wp-json\/wp\/v2\/types\/product"}],"replies":[{"embeddable":true,"href":"https:\/\/azurefilm.com\/de\/wp-json\/wp\/v2\/comments?post=50612"}],"wp:featuredmedia":[{"embeddable":true,"href":"https:\/\/azurefilm.com\/de\/wp-json\/wp\/v2\/media\/50613"}],"wp:attachment":[{"href":"https:\/\/azurefilm.com\/de\/wp-json\/wp\/v2\/media?parent=50612"}],"wp:term":[{"taxonomy":"product_brand","embeddable":true,"href":"https:\/\/azurefilm.com\/de\/wp-json\/wp\/v2\/product_brand?post=50612"},{"taxonomy":"product_cat","embeddable":true,"href":"https:\/\/azurefilm.com\/de\/wp-json\/wp\/v2\/product_cat?post=50612"},{"taxonomy":"product_tag","embeddable":true,"href":"https:\/\/azurefilm.com\/de\/wp-json\/wp\/v2\/product_tag?post=50612"},{"taxonomy":"brand","embeddable":true,"href":"https:\/\/azurefilm.com\/de\/wp-json\/wp\/v2\/brand?post=50612"}],"curies":[{"name":"wp","href":"https:\/\/api.w.org\/{rel}","templated":true}]}}