
{"id":50624,"date":"2023-10-29T14:24:55","date_gmt":"2023-10-29T14:24:55","guid":{"rendered":"https:\/\/azurefilm.com\/product\/aluminiumkuehler\/"},"modified":"2025-10-08T16:29:09","modified_gmt":"2025-10-08T16:29:09","slug":"aluminiumkuehler","status":"publish","type":"product","link":"https:\/\/azurefilm.com\/de\/produkt\/aluminiumkuehler\/","title":{"rendered":"Aluminiumk\u00fchler"},"content":{"rendered":"<h2><strong>Hauptmerkmale:<\/strong><\/h2>\n<ul>\n<li>Dieser Aluminiumk\u00fchler wird f\u00fcr den MK7\/MK8 3D-Drucker verwendet.<\/li>\n<li>Diese Aluminiumk\u00fchlk\u00f6rper bieten zus\u00e4tzliche K\u00fchlung f\u00fcr die Elektronik.<\/li>\n<li>Diese K\u00fchlk\u00f6rper k\u00f6nnen auch mit anderen Ger\u00e4ten verwendet werden, um Prozessoren, Regler usw. zu k\u00fchlen.<\/li>\n<li>Hochwertiges Aluminiumlegierungsmaterial, lange Lebensdauer.<\/li>\n<li>Farbe: Gold<\/li>\n<li>Material: Aluminiumlegierung<\/li>\n<\/ul>\n<p>&nbsp;<\/p>\n<p>&nbsp;<\/p>\n","protected":false},"excerpt":{"rendered":"<p><strong>Aluminiumk\u00fchler<\/strong> f\u00fcr den MK7\/MK8 3D-Drucker aus hochwertigem Aluminium.<\/p>\n","protected":false},"featured_media":50625,"comment_status":"closed","ping_status":"closed","template":"","meta":{"_acf_changed":false},"product_brand":[],"product_cat":[1767,1671,1765,1814],"product_tag":[],"brand":[],"class_list":{"0":"post-50624","1":"product","2":"type-product","3":"status-publish","4":"has-post-thumbnail","6":"product_cat-alle-ersatzteile","7":"product_cat-angebote","8":"product_cat-ersatzteile","9":"product_cat-lufter","11":"first","12":"instock","13":"sale","14":"taxable","15":"shipping-taxable","16":"purchasable","17":"product-type-simple"},"acf":[],"_links":{"self":[{"href":"https:\/\/azurefilm.com\/de\/wp-json\/wp\/v2\/product\/50624","targetHints":{"allow":["GET"]}}],"collection":[{"href":"https:\/\/azurefilm.com\/de\/wp-json\/wp\/v2\/product"}],"about":[{"href":"https:\/\/azurefilm.com\/de\/wp-json\/wp\/v2\/types\/product"}],"replies":[{"embeddable":true,"href":"https:\/\/azurefilm.com\/de\/wp-json\/wp\/v2\/comments?post=50624"}],"wp:featuredmedia":[{"embeddable":true,"href":"https:\/\/azurefilm.com\/de\/wp-json\/wp\/v2\/media\/50625"}],"wp:attachment":[{"href":"https:\/\/azurefilm.com\/de\/wp-json\/wp\/v2\/media?parent=50624"}],"wp:term":[{"taxonomy":"product_brand","embeddable":true,"href":"https:\/\/azurefilm.com\/de\/wp-json\/wp\/v2\/product_brand?post=50624"},{"taxonomy":"product_cat","embeddable":true,"href":"https:\/\/azurefilm.com\/de\/wp-json\/wp\/v2\/product_cat?post=50624"},{"taxonomy":"product_tag","embeddable":true,"href":"https:\/\/azurefilm.com\/de\/wp-json\/wp\/v2\/product_tag?post=50624"},{"taxonomy":"brand","embeddable":true,"href":"https:\/\/azurefilm.com\/de\/wp-json\/wp\/v2\/brand?post=50624"}],"curies":[{"name":"wp","href":"https:\/\/api.w.org\/{rel}","templated":true}]}}