
{"id":50629,"date":"2023-10-29T14:24:55","date_gmt":"2023-10-29T14:24:55","guid":{"rendered":"https:\/\/azurefilm.com\/product\/optischer-endschalter\/"},"modified":"2023-10-29T14:24:55","modified_gmt":"2023-10-29T14:24:55","slug":"optischer-endschalter","status":"publish","type":"product","link":"https:\/\/azurefilm.com\/de\/produkt\/optischer-endschalter\/","title":{"rendered":"Optischer Endschalter"},"content":{"rendered":"<h2><strong>Hauptmerkmale:<\/strong><\/h2>\n<ul>\n<li>Der optische Schalter ist eine zuverl\u00e4ssige End-\/Schalterl\u00f6sung f\u00fcr jeden Typ von 3D-Drucker\/CNC\/3D-Werkzeug.<\/li>\n<li>Vorteile: Durch die Verwendung optisch durchl\u00e4ssiger Designprinzipien keine Verluste, kein L\u00e4rm und l\u00e4ngere Lebensdauer.<\/li>\n<li>Das Ausl\u00f6sen ist empfindlich und leise.<\/li>\n<li>Tipps: Im Allgemeinen ben\u00f6tigt das System mindestens drei optische Schalter<\/li>\n<\/ul>\n","protected":false},"excerpt":{"rendered":"<p><strong>Optical Endstop Limit Switch <\/strong>EE-SX 674A ist eine zuverl\u00e4ssige Endschalterl\u00f6sung f\u00fcr jeden Typ von 3D-Drucker\/CNC\/3D-Werkzeug.<\/p>\n","protected":false},"featured_media":50633,"comment_status":"closed","ping_status":"closed","template":"","meta":{"_acf_changed":false},"product_brand":[],"product_cat":[1767,1671,1765,1766],"product_tag":[],"brand":[],"class_list":{"0":"post-50629","1":"product","2":"type-product","3":"status-publish","4":"has-post-thumbnail","6":"product_cat-alle-ersatzteile","7":"product_cat-angebote","8":"product_cat-ersatzteile","9":"product_cat-sonstige_artikel","11":"first","12":"instock","13":"sale","14":"taxable","15":"shipping-taxable","16":"purchasable","17":"product-type-simple"},"acf":[],"_links":{"self":[{"href":"https:\/\/azurefilm.com\/de\/wp-json\/wp\/v2\/product\/50629","targetHints":{"allow":["GET"]}}],"collection":[{"href":"https:\/\/azurefilm.com\/de\/wp-json\/wp\/v2\/product"}],"about":[{"href":"https:\/\/azurefilm.com\/de\/wp-json\/wp\/v2\/types\/product"}],"replies":[{"embeddable":true,"href":"https:\/\/azurefilm.com\/de\/wp-json\/wp\/v2\/comments?post=50629"}],"wp:featuredmedia":[{"embeddable":true,"href":"https:\/\/azurefilm.com\/de\/wp-json\/wp\/v2\/media\/50633"}],"wp:attachment":[{"href":"https:\/\/azurefilm.com\/de\/wp-json\/wp\/v2\/media?parent=50629"}],"wp:term":[{"taxonomy":"product_brand","embeddable":true,"href":"https:\/\/azurefilm.com\/de\/wp-json\/wp\/v2\/product_brand?post=50629"},{"taxonomy":"product_cat","embeddable":true,"href":"https:\/\/azurefilm.com\/de\/wp-json\/wp\/v2\/product_cat?post=50629"},{"taxonomy":"product_tag","embeddable":true,"href":"https:\/\/azurefilm.com\/de\/wp-json\/wp\/v2\/product_tag?post=50629"},{"taxonomy":"brand","embeddable":true,"href":"https:\/\/azurefilm.com\/de\/wp-json\/wp\/v2\/brand?post=50629"}],"curies":[{"name":"wp","href":"https:\/\/api.w.org\/{rel}","templated":true}]}}