
{"id":50657,"date":"2023-10-29T14:25:25","date_gmt":"2023-10-29T14:25:25","guid":{"rendered":"https:\/\/azurefilm.com\/product\/creality-aluminium-extruderfuehrung\/"},"modified":"2023-10-29T14:25:25","modified_gmt":"2023-10-29T14:25:25","slug":"creality-aluminium-extruderfuehrung","status":"publish","type":"product","link":"https:\/\/azurefilm.com\/de\/produkt\/creality-aluminium-extruderfuehrung\/","title":{"rendered":"Creality Aluminium-Extruderf\u00fchrung"},"content":{"rendered":"<h2><strong>Hauptmerkmale:<\/strong><\/h2>\n<ul>\n<li>Einfach zu installieren. Sie k\u00f6nnen es in 20-30 Minuten ohne Firmware-\u00c4nderungen und ohne Schneiden oder Splei\u00dfen von Kabeln installieren. <\/li>\n<li>Mehrere Lochgr\u00f6\u00dfen: Verschiedene Standardlochgr\u00f6\u00dfen f\u00fcr Gurte, Schrauben und andere Zubeh\u00f6roptionen.<\/li>\n<li>Langlebig: Stabilit\u00e4t, Fixierbarkeit, Anwendbarkeit und Flexibilit\u00e4t.<\/li>\n<li>Geeignet f\u00fcr: Creality CR10, Ender-3 3D-Drucker<\/li>\n<li>Material: Aluminiumlegierung<\/li>\n<li>Farbe: Schwarz<\/li>\n<li>Gr\u00f6\u00dfe: 10&#215;6,5cm<\/li>\n<\/ul>\n","protected":false},"excerpt":{"rendered":"<p><strong>Creality Aluminium-Extruderf\u00fchrung<\/strong> einfach zu installieren und kompatibel mit Creality CR10, Ender-3 3D-Druckern.<\/p>\n","protected":false},"featured_media":50659,"comment_status":"closed","ping_status":"closed","template":"","meta":{"_acf_changed":false},"product_brand":[],"product_cat":[1767,1671,1765,1786,1788,1774],"product_tag":[],"brand":[],"class_list":{"0":"post-50657","1":"product","2":"type-product","3":"status-publish","4":"has-post-thumbnail","6":"product_cat-alle-ersatzteile","7":"product_cat-angebote","8":"product_cat-ersatzteile","9":"product_cat-extruder-de","10":"product_cat-extruderteile","11":"product_cat-lager-fuhrungen","12":"pa_compatible-with-creality-fdm-3d-printers","13":"pa_fits-printer-creality-cr-10","14":"pa_fits-printer-creality-ender-3","16":"first","17":"instock","18":"sale","19":"taxable","20":"shipping-taxable","21":"purchasable","22":"product-type-simple"},"acf":[],"_links":{"self":[{"href":"https:\/\/azurefilm.com\/de\/wp-json\/wp\/v2\/product\/50657","targetHints":{"allow":["GET"]}}],"collection":[{"href":"https:\/\/azurefilm.com\/de\/wp-json\/wp\/v2\/product"}],"about":[{"href":"https:\/\/azurefilm.com\/de\/wp-json\/wp\/v2\/types\/product"}],"replies":[{"embeddable":true,"href":"https:\/\/azurefilm.com\/de\/wp-json\/wp\/v2\/comments?post=50657"}],"wp:featuredmedia":[{"embeddable":true,"href":"https:\/\/azurefilm.com\/de\/wp-json\/wp\/v2\/media\/50659"}],"wp:attachment":[{"href":"https:\/\/azurefilm.com\/de\/wp-json\/wp\/v2\/media?parent=50657"}],"wp:term":[{"taxonomy":"product_brand","embeddable":true,"href":"https:\/\/azurefilm.com\/de\/wp-json\/wp\/v2\/product_brand?post=50657"},{"taxonomy":"product_cat","embeddable":true,"href":"https:\/\/azurefilm.com\/de\/wp-json\/wp\/v2\/product_cat?post=50657"},{"taxonomy":"product_tag","embeddable":true,"href":"https:\/\/azurefilm.com\/de\/wp-json\/wp\/v2\/product_tag?post=50657"},{"taxonomy":"brand","embeddable":true,"href":"https:\/\/azurefilm.com\/de\/wp-json\/wp\/v2\/brand?post=50657"}],"curies":[{"name":"wp","href":"https:\/\/api.w.org\/{rel}","templated":true}]}}