
{"id":50660,"date":"2023-10-29T14:25:25","date_gmt":"2023-10-29T14:25:25","guid":{"rendered":"https:\/\/azurefilm.com\/product\/creality-cr-10s-pro-kuehlkoerper\/"},"modified":"2023-10-29T14:25:25","modified_gmt":"2023-10-29T14:25:25","slug":"creality-cr-10s-pro-kuehlkoerper","status":"publish","type":"product","link":"https:\/\/azurefilm.com\/de\/produkt\/creality-cr-10s-pro-kuehlkoerper\/","title":{"rendered":"Creality CR-10S PRO K\u00fchlk\u00f6rper"},"content":{"rendered":"<p><strong>Creality CR-10S PRO K\u00fchlk\u00f6rper<\/strong>, der die W\u00e4rmebremse und den Aluminium-W\u00e4rmeblock verbindet.<\/p>\n<h2><strong>Spezifikationen:<\/strong><\/h2>\n<ul>\n<li>Material: Aluminium<\/li>\n<li>Gewindetyp: M6<\/li>\n<li>Anwendung: F\u00fcr CR-10S PRO 3D-Drucker-Extruder<\/li>\n<li>Lieferumfang: 1x Creality Aluminium Extruder K\u00fchlk\u00f6rper<\/li>\n<\/ul>\n","protected":false},"excerpt":{"rendered":"<p><strong>Creality CR-10S PRO K\u00fchlk\u00f6rper<\/strong>, der die W\u00e4rmebremse und den Aluminium-W\u00e4rmeblock verbindet.<\/p>\n","protected":false},"featured_media":50663,"comment_status":"closed","ping_status":"closed","template":"","meta":{"_acf_changed":false},"product_brand":[],"product_cat":[1767,1671,1765,1890],"product_tag":[],"brand":[],"class_list":{"0":"post-50660","1":"product","2":"type-product","3":"status-publish","4":"has-post-thumbnail","6":"product_cat-alle-ersatzteile","7":"product_cat-angebote","8":"product_cat-ersatzteile","9":"product_cat-heizblocke","10":"pa_fits-printer-creality-cr-10s-pro-v2","12":"first","13":"instock","14":"sale","15":"taxable","16":"shipping-taxable","17":"purchasable","18":"product-type-simple"},"acf":[],"_links":{"self":[{"href":"https:\/\/azurefilm.com\/de\/wp-json\/wp\/v2\/product\/50660","targetHints":{"allow":["GET"]}}],"collection":[{"href":"https:\/\/azurefilm.com\/de\/wp-json\/wp\/v2\/product"}],"about":[{"href":"https:\/\/azurefilm.com\/de\/wp-json\/wp\/v2\/types\/product"}],"replies":[{"embeddable":true,"href":"https:\/\/azurefilm.com\/de\/wp-json\/wp\/v2\/comments?post=50660"}],"wp:featuredmedia":[{"embeddable":true,"href":"https:\/\/azurefilm.com\/de\/wp-json\/wp\/v2\/media\/50663"}],"wp:attachment":[{"href":"https:\/\/azurefilm.com\/de\/wp-json\/wp\/v2\/media?parent=50660"}],"wp:term":[{"taxonomy":"product_brand","embeddable":true,"href":"https:\/\/azurefilm.com\/de\/wp-json\/wp\/v2\/product_brand?post=50660"},{"taxonomy":"product_cat","embeddable":true,"href":"https:\/\/azurefilm.com\/de\/wp-json\/wp\/v2\/product_cat?post=50660"},{"taxonomy":"product_tag","embeddable":true,"href":"https:\/\/azurefilm.com\/de\/wp-json\/wp\/v2\/product_tag?post=50660"},{"taxonomy":"brand","embeddable":true,"href":"https:\/\/azurefilm.com\/de\/wp-json\/wp\/v2\/brand?post=50660"}],"curies":[{"name":"wp","href":"https:\/\/api.w.org\/{rel}","templated":true}]}}