
{"id":50671,"date":"2023-10-29T14:25:51","date_gmt":"2023-10-29T14:25:51","guid":{"rendered":"https:\/\/azurefilm.com\/product\/metal-throat-fuer-hoehere-temperaturen\/"},"modified":"2023-10-29T14:25:51","modified_gmt":"2023-10-29T14:25:51","slug":"metal-throat-fuer-hoehere-temperaturen","status":"publish","type":"product","link":"https:\/\/azurefilm.com\/de\/produkt\/metal-throat-fuer-hoehere-temperaturen\/","title":{"rendered":"Metal Throat f\u00fcr h\u00f6here Temperaturen"},"content":{"rendered":"<h2><strong>Hauptmerkmale:<\/strong><\/h2>\n<ul>\n<li>Metal Throat f\u00fcr Creality ohne Teflon f\u00fcr diesen Extruder, f\u00fcr eine h\u00f6here Temperatur von 300\u00b0C.<\/li>\n<li>Hergestellt aus hochwertigem, langlebigem Material.<\/li>\n<li>Passend f\u00fcr Creality 3D-Drucker Ender 3, CR-10, CR-10S.<\/li>\n<li>Farbe: Dunkelgrau.<\/li>\n<li>Abmessung: ca. 25x20x15cm. <\/li>\n<li>Der Preis gilt f\u00fcr 1 Artikel.<\/li>\n<\/ul>\n","protected":false},"excerpt":{"rendered":"<p><strong>Metal Throat f\u00fcr h\u00f6here Temperaturen<\/strong> von 300\u00b0C ohne Teflon.<\/p>\n","protected":false},"featured_media":50673,"comment_status":"closed","ping_status":"closed","template":"","meta":{"_acf_changed":false},"product_brand":[],"product_cat":[1767,1765,1786,1788,1895],"product_tag":[],"brand":[],"class_list":{"0":"post-50671","1":"product","2":"type-product","3":"status-publish","4":"has-post-thumbnail","6":"product_cat-alle-ersatzteile","7":"product_cat-ersatzteile","8":"product_cat-extruder-de","9":"product_cat-extruderteile","10":"product_cat-heatbreaks-de","11":"pa_compatible-with-creality-fdm-3d-printers","12":"pa_fits-printer-creality-cr-10","13":"pa_fits-printer-creality-ender-3","15":"first","16":"instock","17":"taxable","18":"shipping-taxable","19":"purchasable","20":"product-type-simple"},"acf":[],"_links":{"self":[{"href":"https:\/\/azurefilm.com\/de\/wp-json\/wp\/v2\/product\/50671","targetHints":{"allow":["GET"]}}],"collection":[{"href":"https:\/\/azurefilm.com\/de\/wp-json\/wp\/v2\/product"}],"about":[{"href":"https:\/\/azurefilm.com\/de\/wp-json\/wp\/v2\/types\/product"}],"replies":[{"embeddable":true,"href":"https:\/\/azurefilm.com\/de\/wp-json\/wp\/v2\/comments?post=50671"}],"wp:featuredmedia":[{"embeddable":true,"href":"https:\/\/azurefilm.com\/de\/wp-json\/wp\/v2\/media\/50673"}],"wp:attachment":[{"href":"https:\/\/azurefilm.com\/de\/wp-json\/wp\/v2\/media?parent=50671"}],"wp:term":[{"taxonomy":"product_brand","embeddable":true,"href":"https:\/\/azurefilm.com\/de\/wp-json\/wp\/v2\/product_brand?post=50671"},{"taxonomy":"product_cat","embeddable":true,"href":"https:\/\/azurefilm.com\/de\/wp-json\/wp\/v2\/product_cat?post=50671"},{"taxonomy":"product_tag","embeddable":true,"href":"https:\/\/azurefilm.com\/de\/wp-json\/wp\/v2\/product_tag?post=50671"},{"taxonomy":"brand","embeddable":true,"href":"https:\/\/azurefilm.com\/de\/wp-json\/wp\/v2\/brand?post=50671"}],"curies":[{"name":"wp","href":"https:\/\/api.w.org\/{rel}","templated":true}]}}