
{"id":50676,"date":"2023-10-29T14:25:51","date_gmt":"2023-10-29T14:25:51","guid":{"rendered":"https:\/\/azurefilm.com\/product\/creality-heatsink\/"},"modified":"2023-10-29T14:25:51","modified_gmt":"2023-10-29T14:25:51","slug":"creality-heatsink","status":"publish","type":"product","link":"https:\/\/azurefilm.com\/de\/produkt\/creality-heatsink\/","title":{"rendered":"Creality Heatsink"},"content":{"rendered":"<h4>Creality Heatsink<\/h4>\n<h3><strong>Hauptmerkmale:<\/strong><\/h3>\n<ul>\n<li><strong>Hitzebest\u00e4ndigkeit bis zu 300 \u00b0C:<\/strong> Der Creality K\u00fchler zeichnet sich durch seine F\u00e4higkeit aus, extrem hohe Temperaturen bis zu 300 \u00b0C zu bew\u00e4ltigen. Dies macht ihn ideal f\u00fcr das Drucken mit anspruchsvollen Filamenten, die extreme Bedingungen erfordern. <\/li>\n<li><strong>Einschr\u00e4nkung f\u00fcr Benutzer mit Materialien bis zu 260 \u00b0C:<\/strong> Trotz seiner Hochleistungskapazit\u00e4ten bei hohen Temperaturen wird der Creality K\u00fchler nicht f\u00fcr Benutzer empfohlen, die mit Standardmaterialien bei Temperaturen bis zu 260 \u00b0C drucken, wie PLA, PETG, ABS und ASA. In solchen F\u00e4llen wird die Verwendung des originalen Extrudersystems empfohlen. <\/li>\n<li><strong>Empfehlung f\u00fcr Basis-Materialien:<\/strong> Creality betont, dass f\u00fcr das Drucken mit Basis-Materialien die Verwendung des originalen Extrudersystems empfohlen wird. Dies gew\u00e4hrleistet optimale Kompatibilit\u00e4t und Betrieb mit Standard-Filamentmaterialien. <\/li>\n<li><strong>Fokus auf spezielle Hochtemperaturmaterialien:<\/strong> Der Creality K\u00fchler ist darauf ausgelegt, die Bed\u00fcrfnisse derjenigen zu erf\u00fcllen, die mit speziellen Hochtemperaturmaterialien drucken, und erm\u00f6glicht au\u00dfergew\u00f6hnliche Pr\u00e4zision und Zuverl\u00e4ssigkeit in anspruchsvolleren Anwendungen.<\/li>\n<\/ul>\n","protected":false},"excerpt":{"rendered":"<p><strong>Creality Heatsink<\/strong> f\u00fcr h\u00f6here Temperaturen von 300\u00b0C.<\/p>\n","protected":false},"featured_media":50677,"comment_status":"closed","ping_status":"closed","template":"","meta":{"_acf_changed":false},"product_brand":[],"product_cat":[1767,1671,1765,1788],"product_tag":[],"brand":[],"class_list":{"0":"post-50676","1":"product","2":"type-product","3":"status-publish","4":"has-post-thumbnail","6":"product_cat-alle-ersatzteile","7":"product_cat-angebote","8":"product_cat-ersatzteile","9":"product_cat-extruderteile","11":"first","12":"instock","13":"sale","14":"taxable","15":"shipping-taxable","16":"purchasable","17":"product-type-simple"},"acf":[],"_links":{"self":[{"href":"https:\/\/azurefilm.com\/de\/wp-json\/wp\/v2\/product\/50676","targetHints":{"allow":["GET"]}}],"collection":[{"href":"https:\/\/azurefilm.com\/de\/wp-json\/wp\/v2\/product"}],"about":[{"href":"https:\/\/azurefilm.com\/de\/wp-json\/wp\/v2\/types\/product"}],"replies":[{"embeddable":true,"href":"https:\/\/azurefilm.com\/de\/wp-json\/wp\/v2\/comments?post=50676"}],"wp:featuredmedia":[{"embeddable":true,"href":"https:\/\/azurefilm.com\/de\/wp-json\/wp\/v2\/media\/50677"}],"wp:attachment":[{"href":"https:\/\/azurefilm.com\/de\/wp-json\/wp\/v2\/media?parent=50676"}],"wp:term":[{"taxonomy":"product_brand","embeddable":true,"href":"https:\/\/azurefilm.com\/de\/wp-json\/wp\/v2\/product_brand?post=50676"},{"taxonomy":"product_cat","embeddable":true,"href":"https:\/\/azurefilm.com\/de\/wp-json\/wp\/v2\/product_cat?post=50676"},{"taxonomy":"product_tag","embeddable":true,"href":"https:\/\/azurefilm.com\/de\/wp-json\/wp\/v2\/product_tag?post=50676"},{"taxonomy":"brand","embeddable":true,"href":"https:\/\/azurefilm.com\/de\/wp-json\/wp\/v2\/brand?post=50676"}],"curies":[{"name":"wp","href":"https:\/\/api.w.org\/{rel}","templated":true}]}}