
{"id":50680,"date":"2023-10-29T14:25:51","date_gmt":"2023-10-29T14:25:51","guid":{"rendered":"https:\/\/azurefilm.com\/product\/nema-17-schrittmotor\/"},"modified":"2023-10-29T14:25:51","modified_gmt":"2023-10-29T14:25:51","slug":"nema-17-schrittmotor","status":"publish","type":"product","link":"https:\/\/azurefilm.com\/de\/produkt\/nema-17-schrittmotor\/","title":{"rendered":"Nema 17 Schrittmotor"},"content":{"rendered":"<p><strong>Nema 17 Schrittmotor<\/strong> (L=39mm mit \u00dcbersetzungsverh\u00e4ltnis 50:1) mit 39mm Geh\u00e4use und 1,68A Nennstrom, integriert mit einem 48,3mm Planetengetriebe mit einem \u00dcbersetzungsverh\u00e4ltnis von 50:1.<br \/>\nEs ist eine gute L\u00f6sung f\u00fcr Anwendungen mit speziellen Platzanforderungen, die jedoch niedrige Geschwindigkeit und\/oder hohes Drehmoment ben\u00f6tigen.<\/p>\n<h2><strong>Elektrische Spezifikationen:<\/strong><\/h2>\n<ul>\n<li>Herstellerteilenummer: 17HS15-1684S-HG50<\/li>\n<li>Motortyp: Bipolarer Schrittmotor<\/li>\n<li>Schrittwinkel: 0,036 Grad<\/li>\n<li>Haltemoment ohne Getriebe: 39Ncm(55oz.in)<\/li>\n<li>Nennstrom\/Phase: 1,68A<\/li>\n<li>Phasenwiderstand: 1,6 Ohm<\/li>\n<li>Spannung: 2,7V<\/li>\n<li>Induktivit\u00e4t: 3,2mH \u00b1 20%(1KHz)<\/li>\n<\/ul>\n<h2><strong>Getriebe-Spezifikationen:<\/strong><\/h2>\n<ul>\n<li>Getriebetyp: Planetengetriebe<\/li>\n<li>\u00dcbersetzungsverh\u00e4ltnis: 50 : 1<\/li>\n<li>Effizienz: 90%<\/li>\n<li>R\u00fcckspiel bei Leerlauf: &lt;=25 arcmin<\/li>\n<li>Max. zul\u00e4ssiges Drehmoment: 15Nm(2124oz.in) <\/li>\n<li>Momentanes zul\u00e4ssiges Drehmoment: 25Nm(3540oz.in)<\/li>\n<li>Max. radiale Belastung: 150N <\/li>\n<li>Umgebungstemperatur: -10 &#8211; 90\u2103<\/li>\n<li>Isolationsklasse: B<\/li>\n<li>Ger\u00e4usch: &lt;=50 dB<\/li>\n<li>Lebensdauer: 20000 h<\/li>\n<\/ul>\n<h2><strong>Physikalische Spezifikationen:<\/strong><\/h2>\n<ul>\n<li>Rahmengr\u00f6\u00dfe: 42 x 42mm<\/li>\n<li>Motorl\u00e4nge: 39mm<\/li>\n<li>Getriebel\u00e4nge: 48,3mm<\/li>\n<li>Wellendurchmesser: \u03a68mm<\/li>\n<li>Wellenl\u00e4nge: 23,5mm<\/li>\n<li>Keilnutl\u00e4nge: 14mm<\/li>\n<li>Anzahl der Leitungen: 4<\/li>\n<li>Leitungsl\u00e4nge: 320mm<\/li>\n<li>Gewicht: 880g<\/li>\n<\/ul>\n<h2><strong>Verbindung:<\/strong><\/h2>\n<table style=\"width: 300px;\" border=\"1\">\n<tbody>\n<tr>\n<td>A+<\/td>\n<td>A-<\/td>\n<td>B+<\/td>\n<td>B-<\/td>\n<\/tr>\n<tr>\n<td>Black<\/td>\n<td>Green<\/td>\n<td>Red<\/td>\n<td>Blue<\/td>\n<\/tr>\n<\/tbody>\n<\/table>\n","protected":false},"excerpt":{"rendered":"<p><strong>Nema 17 Schrittmotor<\/strong> mit 39mm Geh\u00e4use und 1,68A Nennstrom, integriert mit einem 48,3mm Planetengetriebe mit einem \u00dcbersetzungsverh\u00e4ltnis von 50:1.<\/p>\n","protected":false},"featured_media":50681,"comment_status":"closed","ping_status":"closed","template":"","meta":{"_acf_changed":false},"product_brand":[],"product_cat":[1767,1671,1765,1793,1830],"product_tag":[],"brand":[],"class_list":{"0":"post-50680","1":"product","2":"type-product","3":"status-publish","4":"has-post-thumbnail","6":"product_cat-alle-ersatzteile","7":"product_cat-angebote","8":"product_cat-ersatzteile","9":"product_cat-motoren-treiber","10":"product_cat-schrittmotoren","12":"first","13":"instock","14":"sale","15":"taxable","16":"shipping-taxable","17":"purchasable","18":"product-type-simple"},"acf":[],"_links":{"self":[{"href":"https:\/\/azurefilm.com\/de\/wp-json\/wp\/v2\/product\/50680","targetHints":{"allow":["GET"]}}],"collection":[{"href":"https:\/\/azurefilm.com\/de\/wp-json\/wp\/v2\/product"}],"about":[{"href":"https:\/\/azurefilm.com\/de\/wp-json\/wp\/v2\/types\/product"}],"replies":[{"embeddable":true,"href":"https:\/\/azurefilm.com\/de\/wp-json\/wp\/v2\/comments?post=50680"}],"wp:featuredmedia":[{"embeddable":true,"href":"https:\/\/azurefilm.com\/de\/wp-json\/wp\/v2\/media\/50681"}],"wp:attachment":[{"href":"https:\/\/azurefilm.com\/de\/wp-json\/wp\/v2\/media?parent=50680"}],"wp:term":[{"taxonomy":"product_brand","embeddable":true,"href":"https:\/\/azurefilm.com\/de\/wp-json\/wp\/v2\/product_brand?post=50680"},{"taxonomy":"product_cat","embeddable":true,"href":"https:\/\/azurefilm.com\/de\/wp-json\/wp\/v2\/product_cat?post=50680"},{"taxonomy":"product_tag","embeddable":true,"href":"https:\/\/azurefilm.com\/de\/wp-json\/wp\/v2\/product_tag?post=50680"},{"taxonomy":"brand","embeddable":true,"href":"https:\/\/azurefilm.com\/de\/wp-json\/wp\/v2\/brand?post=50680"}],"curies":[{"name":"wp","href":"https:\/\/api.w.org\/{rel}","templated":true}]}}