
{"id":50682,"date":"2023-10-29T14:25:51","date_gmt":"2023-10-29T14:25:51","guid":{"rendered":"https:\/\/azurefilm.com\/product\/duese-mk8\/"},"modified":"2025-11-20T13:17:32","modified_gmt":"2025-11-20T13:17:32","slug":"duese-mk8","status":"publish","type":"product","link":"https:\/\/azurefilm.com\/de\/produkt\/duese-mk8\/","title":{"rendered":"D\u00fcse MK8"},"content":{"rendered":"<h4>D\u00fcse MK8<\/h4>\n<h3><strong>Hauptmerkmale:<\/strong><\/h3>\n<ul>\n<li><strong>Messing MK8 Nozzle f\u00fcr 3D-Drucker<\/strong><\/li>\n<li><strong>Kompatibilit\u00e4t:<\/strong> Kompatibel mit Creality CR-10 V2, Creality CR-10S, Creality Ender 2, Creality Ender 3, Creality Ender 3 Pro, Creality Ender 3 V2, Creality Ender 5, Creality Ender 5 Pro, Creality CR10 mini, Creality CR10, Creality CR10 S, Creality CR10 S 4, Creality CR10 S 5, Creality CR10 MAX, Creality CR10S Pro.<\/li>\n<li><strong>Hochwertige D\u00fcsen:<\/strong> Sorgt f\u00fcr optimale Leistung und pr\u00e4zise Drucke.<\/li>\n<li><strong>Eingangsdurchmesser:<\/strong> Entwickelt f\u00fcr 1,75 mm Filament, eine g\u00e4ngige Gr\u00f6\u00dfe in der 3D-Druck-Community.<\/li>\n<li><strong>Auswahl der Ausgangsdurchmesser:<\/strong> W\u00e4hlen Sie aus einer Vielzahl von Optionen &#8211; 0,2mm, 0,3mm, 0,4mm, 0,5mm, 0,6mm und 0,8mm.<\/li>\n<li><strong>Material:<\/strong> Hergestellt aus hochwertigem Messing f\u00fcr Langlebigkeit und gleichbleibende Ergebnisse.<\/li>\n<li><strong>Preis:<\/strong> Einzelpreise f\u00fcr Ihre Bequemlichkeit.<\/li>\n<\/ul>\n","protected":false},"excerpt":{"rendered":"<p>MK8 D\u00fcsen f\u00fcr Creality 3D-Drucker, erh\u00e4ltlich in verschiedenen Abmessungen: 0,2mm, 0,3mm, 0,4mm, 0,5mm, 0,6mm und 0,8mm.<\/p>\n<p>&nbsp;<\/p>\n","protected":false},"featured_media":50683,"comment_status":"closed","ping_status":"closed","template":"","meta":{"_acf_changed":false},"product_brand":[],"product_cat":[1767,1671,1807,1765,1808],"product_tag":[],"brand":[270],"class_list":{"0":"post-50682","1":"product","2":"type-product","3":"status-publish","4":"has-post-thumbnail","6":"product_cat-alle-ersatzteile","7":"product_cat-angebote","8":"product_cat-dusen","9":"product_cat-ersatzteile","10":"product_cat-normale-dusen","11":"pa_compatible-with-creality-fdm-3d-printers","12":"pa_fits-printer-creality-cr-10","13":"pa_fits-printer-creality-cr-10-v2","14":"pa_fits-printer-creality-ender-3","15":"pa_nozzle-diameter-0-2mm","16":"pa_nozzle-diameter-0-3mm","17":"pa_nozzle-diameter-0-4mm","18":"pa_nozzle-diameter-0-5mm","19":"pa_nozzle-diameter-0-6mm","20":"pa_nozzle-diameter-0-8mm","21":"brand-creality","23":"first","24":"instock","25":"sale","26":"taxable","27":"shipping-taxable","28":"purchasable","29":"product-type-variable"},"acf":[],"_links":{"self":[{"href":"https:\/\/azurefilm.com\/de\/wp-json\/wp\/v2\/product\/50682","targetHints":{"allow":["GET"]}}],"collection":[{"href":"https:\/\/azurefilm.com\/de\/wp-json\/wp\/v2\/product"}],"about":[{"href":"https:\/\/azurefilm.com\/de\/wp-json\/wp\/v2\/types\/product"}],"replies":[{"embeddable":true,"href":"https:\/\/azurefilm.com\/de\/wp-json\/wp\/v2\/comments?post=50682"}],"wp:featuredmedia":[{"embeddable":true,"href":"https:\/\/azurefilm.com\/de\/wp-json\/wp\/v2\/media\/50683"}],"wp:attachment":[{"href":"https:\/\/azurefilm.com\/de\/wp-json\/wp\/v2\/media?parent=50682"}],"wp:term":[{"taxonomy":"product_brand","embeddable":true,"href":"https:\/\/azurefilm.com\/de\/wp-json\/wp\/v2\/product_brand?post=50682"},{"taxonomy":"product_cat","embeddable":true,"href":"https:\/\/azurefilm.com\/de\/wp-json\/wp\/v2\/product_cat?post=50682"},{"taxonomy":"product_tag","embeddable":true,"href":"https:\/\/azurefilm.com\/de\/wp-json\/wp\/v2\/product_tag?post=50682"},{"taxonomy":"brand","embeddable":true,"href":"https:\/\/azurefilm.com\/de\/wp-json\/wp\/v2\/brand?post=50682"}],"curies":[{"name":"wp","href":"https:\/\/api.w.org\/{rel}","templated":true}]}}