
{"id":50694,"date":"2023-10-29T14:25:51","date_gmt":"2023-10-29T14:25:51","guid":{"rendered":"https:\/\/azurefilm.com\/product\/nema-11-schrittmotor\/"},"modified":"2023-10-29T14:25:51","modified_gmt":"2023-10-29T14:25:51","slug":"nema-11-schrittmotor","status":"publish","type":"product","link":"https:\/\/azurefilm.com\/de\/produkt\/nema-11-schrittmotor\/","title":{"rendered":"Nema 11 Schrittmotor"},"content":{"rendered":"<p>Dieser <strong>Nema 11 Schrittmotor<\/strong> (Bipolar L=51mm mit \u00dcbersetzungsverh\u00e4ltnis 14:1) mit 51mm Geh\u00e4use und 0,67A Nennstrom, integriertem Planetengetriebe mit 13,73:1 \u00dcbersetzungsverh\u00e4ltnis. Es ist eine gute L\u00f6sung f\u00fcr Anwendungen mit begrenztem Platz, die jedoch niedrige Geschwindigkeit und\/oder hohes Drehmoment erfordern. <\/p>\n<h2><strong>Elektrische Spezifikationen:<\/strong><\/h2>\n<ul>\n<li><strong>Motortyp:<\/strong> Bipolarer Schrittmotor f\u00fcr pr\u00e4zise Steuerung.<\/li>\n<li><strong>Schrittwinkel:<\/strong> Feine 0,131 Grad f\u00fcr genaue Bewegungen.<\/li>\n<li><strong>Haltemoment:<\/strong> 12Ncm (16,99oz.in) ohne Getriebe f\u00fcr Stabilit\u00e4t.<\/li>\n<li><strong>Nennstrom\/Phase:<\/strong> 0,67A pro Phase f\u00fcr effiziente Leistung.<\/li>\n<li><strong>Phasenwiderstand:<\/strong> 9,2 Ohm f\u00fcr effektiven elektrischen Fluss.<\/li>\n<li><strong>Spannung:<\/strong> Betrieb bei 6,2V f\u00fcr ausgewogene Leistungsnutzung.<\/li>\n<li><strong>Induktivit\u00e4t:<\/strong> 5,7mH mit \u00b120% Toleranz bei 1KHz f\u00fcr stabiles elektrisches Verhalten.<\/li>\n<\/ul>\n<h2><strong>Getriebe-Spezifikationen:<\/strong><\/h2>\n<ul>\n<li><strong>Getriebetyp:<\/strong> Planetengetriebe zur Drehmomentverst\u00e4rkung.<\/li>\n<li><strong>\u00dcbersetzungsverh\u00e4ltnis:<\/strong> 13,73:1 f\u00fcr erh\u00f6htes Drehmoment und reduzierte Geschwindigkeit.<\/li>\n<li><strong>Getriebewirkungsgrad:<\/strong> 81% zur Minimierung von Leistungsverlusten w\u00e4hrend der \u00dcbertragung.<\/li>\n<li><strong>Spiel bei unbelastetem Zustand:<\/strong> Weniger als oder gleich 1 Grad f\u00fcr pr\u00e4zises Getriebeengagement.<\/li>\n<li><strong>Max. zul\u00e4ssiges Drehmoment: <\/strong> Handhabt bis zu 3Nm (425oz.in) f\u00fcr robuste Leistung.<\/li>\n<li><strong>Zul\u00e4ssiges Momentdrehmoment:<\/strong> Unterst\u00fctzt momentane Lasten bis zu 5Nm (708oz.in).<\/li>\n<li><strong>Maximale axiale Wellenlast:<\/strong> Unterst\u00fctzt eine maximale axiale Last von 5N f\u00fcr Stabilit\u00e4t unter axialer Kraft.<\/li>\n<li><strong>Maximale radiale Wellenlast:<\/strong> Widersteht einer maximalen radialen Last von 25N f\u00fcr Stabilit\u00e4t unter radialer Kraft.<\/li>\n<\/ul>\n<h2><strong>Physikalische Spezifikationen:<\/strong><\/h2>\n<ul>\n<li><strong>Rahmengr\u00f6\u00dfe:<\/strong> Kompaktes 30 x 30mm Geh\u00e4use.<\/li>\n<li><strong>Motorl\u00e4nge:<\/strong> 50,5mm, geeignet f\u00fcr verschiedene Anwendungen.<\/li>\n<li><strong>Getriebel\u00e4nge:<\/strong> 35mm f\u00fcr ein kompaktes Gesamtprofil.<\/li>\n<li><strong>Wellendurchmesser:<\/strong> Robuste \u03a66mm Welle.<\/li>\n<li><strong>Wellenl\u00e4nge:<\/strong> Erstreckt sich \u00fcber 18mm f\u00fcr Flexibilit\u00e4t bei Befestigungen.<\/li>\n<li><strong>D-Schnitt-L\u00e4nge:<\/strong> Verf\u00fcgt \u00fcber einen 12mm D-Schnitt an der Welle f\u00fcr pr\u00e4zise Kupplung.<\/li>\n<li><strong>Anzahl der Leitungen:<\/strong> 4 Leitungen f\u00fcr Stromversorgung und Steuerung.<\/li>\n<li><strong>Kabell\u00e4nge:<\/strong> 500mm f\u00fcr vielseitige Installationsm\u00f6glichkeiten.<\/li>\n<li><strong>Gewicht:<\/strong> Gesamtgewicht betr\u00e4gt 310g.<\/li>\n<\/ul>\n<h2><strong>Verbindung:<\/strong><\/h2>\n<table style=\"width: 300px;\" border=\"1\">\n<tbody>\n<tr>\n<td>A+<\/td>\n<td>A-<\/td>\n<td>B+<\/td>\n<td>B-<\/td>\n<\/tr>\n<tr>\n<td>Black<\/td>\n<td>Green<\/td>\n<td>Red<\/td>\n<td>Blue<\/td>\n<\/tr>\n<\/tbody>\n<\/table>\n","protected":false},"excerpt":{"rendered":"<p><strong>Nema 11 Schrittmotor<\/strong> mit 51mm Geh\u00e4use und 0,67A Nennstrom, integriertem Planetengetriebe mit 13,73:1 \u00dcbersetzungsverh\u00e4ltnis.<\/p>\n","protected":false},"featured_media":50697,"comment_status":"closed","ping_status":"closed","template":"","meta":{"_acf_changed":false},"product_brand":[],"product_cat":[1767,1671,1765,1793,1830],"product_tag":[],"brand":[],"class_list":{"0":"post-50694","1":"product","2":"type-product","3":"status-publish","4":"has-post-thumbnail","6":"product_cat-alle-ersatzteile","7":"product_cat-angebote","8":"product_cat-ersatzteile","9":"product_cat-motoren-treiber","10":"product_cat-schrittmotoren","12":"first","13":"instock","14":"sale","15":"taxable","16":"shipping-taxable","17":"purchasable","18":"product-type-simple"},"acf":[],"_links":{"self":[{"href":"https:\/\/azurefilm.com\/de\/wp-json\/wp\/v2\/product\/50694","targetHints":{"allow":["GET"]}}],"collection":[{"href":"https:\/\/azurefilm.com\/de\/wp-json\/wp\/v2\/product"}],"about":[{"href":"https:\/\/azurefilm.com\/de\/wp-json\/wp\/v2\/types\/product"}],"replies":[{"embeddable":true,"href":"https:\/\/azurefilm.com\/de\/wp-json\/wp\/v2\/comments?post=50694"}],"wp:featuredmedia":[{"embeddable":true,"href":"https:\/\/azurefilm.com\/de\/wp-json\/wp\/v2\/media\/50697"}],"wp:attachment":[{"href":"https:\/\/azurefilm.com\/de\/wp-json\/wp\/v2\/media?parent=50694"}],"wp:term":[{"taxonomy":"product_brand","embeddable":true,"href":"https:\/\/azurefilm.com\/de\/wp-json\/wp\/v2\/product_brand?post=50694"},{"taxonomy":"product_cat","embeddable":true,"href":"https:\/\/azurefilm.com\/de\/wp-json\/wp\/v2\/product_cat?post=50694"},{"taxonomy":"product_tag","embeddable":true,"href":"https:\/\/azurefilm.com\/de\/wp-json\/wp\/v2\/product_tag?post=50694"},{"taxonomy":"brand","embeddable":true,"href":"https:\/\/azurefilm.com\/de\/wp-json\/wp\/v2\/brand?post=50694"}],"curies":[{"name":"wp","href":"https:\/\/api.w.org\/{rel}","templated":true}]}}