
{"id":50698,"date":"2023-10-29T14:25:51","date_gmt":"2023-10-29T14:25:51","guid":{"rendered":"https:\/\/azurefilm.com\/product\/edelstahlnadel\/"},"modified":"2026-03-13T13:34:06","modified_gmt":"2026-03-13T13:34:06","slug":"edelstahlnadel","status":"publish","type":"product","link":"https:\/\/azurefilm.com\/de\/produkt\/edelstahlnadel\/","title":{"rendered":"Edelstahlnadel"},"content":{"rendered":"<h2><strong>Hauptmerkmale:<\/strong><\/h2>\n<ul>\n<li><strong>Edelstahlnadel<\/strong> zur D\u00fcsenreinigung.<\/li>\n<li>Mit Griffen ausgestattet, sodass Sie sie leicht drehen k\u00f6nnen.<\/li>\n<li>Geeignet f\u00fcr Duplicator, MakerBot, RepRap und andere 3D-Drucker auf dem Markt.<\/li>\n<li>Der Bohrer kann die Druckerd\u00fcse gut reinigen und das Druckergebnis verbessern.<\/li>\n<li>Es besteht aus einer gro\u00dfen Menge Edelstahl, daher ist es langlebig, rostbest\u00e4ndig und nicht leicht zu brechen.<\/li>\n<li>Drei g\u00e4ngige Gr\u00f6\u00dfen zur Auswahl: 0,2mm, 0,3mm, 0,4mm.<\/li>\n<\/ul>\n","protected":false},"excerpt":{"rendered":"<p><strong>Edelstahlnadel<\/strong> zur Reinigung der 3D-Druckerd\u00fcse in den Gr\u00f6\u00dfen: 0,2mm, 0,3mm, 0,4mm.<\/p>\n","protected":false},"featured_media":50699,"comment_status":"closed","ping_status":"closed","template":"","meta":{"_acf_changed":false},"product_brand":[],"product_cat":[1767,1671,1807,1765,1835,1808,1769],"product_tag":[],"brand":[],"class_list":{"0":"post-50698","1":"product","2":"type-product","3":"status-publish","4":"has-post-thumbnail","6":"product_cat-alle-ersatzteile","7":"product_cat-angebote","8":"product_cat-dusen","9":"product_cat-ersatzteile","10":"product_cat-gehartete-verschleisfeste-dusen","11":"product_cat-normale-dusen","12":"product_cat-werkzeuge","14":"first","15":"instock","16":"sale","17":"taxable","18":"shipping-taxable","19":"purchasable","20":"product-type-variable"},"acf":[],"_links":{"self":[{"href":"https:\/\/azurefilm.com\/de\/wp-json\/wp\/v2\/product\/50698","targetHints":{"allow":["GET"]}}],"collection":[{"href":"https:\/\/azurefilm.com\/de\/wp-json\/wp\/v2\/product"}],"about":[{"href":"https:\/\/azurefilm.com\/de\/wp-json\/wp\/v2\/types\/product"}],"replies":[{"embeddable":true,"href":"https:\/\/azurefilm.com\/de\/wp-json\/wp\/v2\/comments?post=50698"}],"wp:featuredmedia":[{"embeddable":true,"href":"https:\/\/azurefilm.com\/de\/wp-json\/wp\/v2\/media\/50699"}],"wp:attachment":[{"href":"https:\/\/azurefilm.com\/de\/wp-json\/wp\/v2\/media?parent=50698"}],"wp:term":[{"taxonomy":"product_brand","embeddable":true,"href":"https:\/\/azurefilm.com\/de\/wp-json\/wp\/v2\/product_brand?post=50698"},{"taxonomy":"product_cat","embeddable":true,"href":"https:\/\/azurefilm.com\/de\/wp-json\/wp\/v2\/product_cat?post=50698"},{"taxonomy":"product_tag","embeddable":true,"href":"https:\/\/azurefilm.com\/de\/wp-json\/wp\/v2\/product_tag?post=50698"},{"taxonomy":"brand","embeddable":true,"href":"https:\/\/azurefilm.com\/de\/wp-json\/wp\/v2\/brand?post=50698"}],"curies":[{"name":"wp","href":"https:\/\/api.w.org\/{rel}","templated":true}]}}