
{"id":50754,"date":"2023-10-29T14:26:34","date_gmt":"2023-10-29T14:26:34","guid":{"rendered":"https:\/\/azurefilm.com\/product\/heater-40w-12v-fi-6mm-15mm-30mm\/"},"modified":"2023-10-29T14:26:34","modified_gmt":"2023-10-29T14:26:34","slug":"heater-40w-12v-fi-6mm-15mm-30mm","status":"publish","type":"product","link":"https:\/\/azurefilm.com\/de\/produkt\/heater-40w-12v-fi-6mm-15mm-30mm\/","title":{"rendered":"Heater 40W 12V Fi 6mm 15mm\/30mm"},"content":{"rendered":"<h4>Heater 40W 12V Fi 6mm 15mm\/30mm<\/h4>\n<h3><strong>Hauptmerkmale:<\/strong><\/h3>\n<ul>\n<li>Heater 40W 12V Fi 6mm 15mm\/30mm besteht aus einem zylindrischen Edelstahlrohr und bietet somit einen hohen Korrosionsschutz.<\/li>\n<li>Der Heizdraht im Inneren ist auf einen Keramikkern gewickelt.<\/li>\n<li>Die Anzahl der Windungen variiert je nach Leistung und sorgt f\u00fcr eine gleichm\u00e4\u00dfige W\u00e4rmeverteilung, was die Lebensdauer des Heizelements erheblich verl\u00e4ngert und die Oxidation des Heizdrahts auch bei hohen Temperaturen verhindert.<\/li>\n<\/ul>\n<h3><strong>Spezifikationen:<\/strong><\/h3>\n<ul>\n<li><strong>Korrosionsbest\u00e4ndige Konstruktion:<\/strong> Der Heater 40W\/12V ist in einem zylindrischen Edelstahlrohr untergebracht, das einen hohen Korrosionsschutz f\u00fcr Langlebigkeit in verschiedenen Umgebungen bietet.<\/li>\n<li><strong>Effiziente Heiztechnologie:<\/strong> Der Heizdraht, der auf einen Keramikkern gewickelt ist, sorgt f\u00fcr eine optimale W\u00e4rmeverteilung. Die Anzahl der Wicklungen variiert je nach Leistung und f\u00f6rdert eine gleichm\u00e4\u00dfige W\u00e4rmeverteilung und verl\u00e4ngert die Lebensdauer des Heizers. <\/li>\n<li><strong>Oxidationsschutz:<\/strong> Selbst bei hohen Temperaturen verhindert das Design die Oxidation des Heizdrahts und erh\u00e4lt die Integrit\u00e4t des Heizers \u00fcber einen l\u00e4ngeren Zeitraum.<\/li>\n<li><strong>Spannung und Leistung:<\/strong> Mit einer Betriebsspannung von 12V und einer Leistung von 40W bietet der Heizer eine zuverl\u00e4ssige und energieeffiziente Leistung f\u00fcr verschiedene Anwendungen.<\/li>\n<li><strong>Edelstahlmaterial:<\/strong> Der Einsatz von Edelstahl tr\u00e4gt nicht nur zur Korrosionsbest\u00e4ndigkeit bei, sondern erh\u00f6ht auch die Gesamtlebensdauer des Heizelements.<\/li>\n<li><strong>Flexible Installation:<\/strong> Mit einer gro\u00dfz\u00fcgigen Kabell\u00e4nge von 1m bietet der Heizer Flexibilit\u00e4t f\u00fcr die Installation in verschiedenen Umgebungen und passt sich unterschiedlichen r\u00e4umlichen Anforderungen an.<\/li>\n<li><strong>Kompakte Abmessungen:<\/strong> Mit einem Durchmesser von 6mm und in L\u00e4ngen von 15mm oder 30mm erh\u00e4ltlich, sorgt das kompakte Design des Heizers f\u00fcr Anpassungsf\u00e4higkeit an verschiedene Ger\u00e4te und Platzanforderungen.<\/li>\n<li><strong>Vielseitige Anwendungen:<\/strong> Geeignet f\u00fcr industrielle Prozesse, wissenschaftliche Anwendungen und alle Heizanforderungen, die Pr\u00e4zision und Zuverl\u00e4ssigkeit erfordern.<\/li>\n<li>Der Heater 40W\/12V kombiniert fortschrittliche Materialien und durchdachtes Design, um eine Heizl\u00f6sung zu bieten, die in Leistung, Langlebigkeit und Vielseitigkeit \u00fcberzeugt.<\/li>\n<\/ul>\n","protected":false},"excerpt":{"rendered":"<h4><span style=\"vertical-align: inherit;\">Der Heater 40W 12V Fi 6mm 15mm\/30mm besteht aus einem zylindrischen Edelstahlrohr und bietet somit einen hohen Schutz gegen Korrosion.<\/span><\/h4>\n<p>&nbsp;<\/p>\n","protected":false},"featured_media":50756,"comment_status":"closed","ping_status":"closed","template":"","meta":{"_acf_changed":false},"product_brand":[],"product_cat":[1767,1671,1765,1786,1788],"product_tag":[],"brand":[],"class_list":{"0":"post-50754","1":"product","2":"type-product","3":"status-publish","4":"has-post-thumbnail","6":"product_cat-alle-ersatzteile","7":"product_cat-angebote","8":"product_cat-ersatzteile","9":"product_cat-extruder-de","10":"product_cat-extruderteile","11":"pa_compatible-with-artillery-fdm-3d-printers","12":"pa_compatible-with-creality-fdm-3d-printers","13":"pa_fits-printer-cr-x","14":"pa_fits-printer-creality-cr-10","15":"pa_fits-printer-creality-cr-10-v2","17":"first","18":"instock","19":"sale","20":"taxable","21":"shipping-taxable","22":"purchasable","23":"product-type-variable"},"acf":[],"_links":{"self":[{"href":"https:\/\/azurefilm.com\/de\/wp-json\/wp\/v2\/product\/50754","targetHints":{"allow":["GET"]}}],"collection":[{"href":"https:\/\/azurefilm.com\/de\/wp-json\/wp\/v2\/product"}],"about":[{"href":"https:\/\/azurefilm.com\/de\/wp-json\/wp\/v2\/types\/product"}],"replies":[{"embeddable":true,"href":"https:\/\/azurefilm.com\/de\/wp-json\/wp\/v2\/comments?post=50754"}],"wp:featuredmedia":[{"embeddable":true,"href":"https:\/\/azurefilm.com\/de\/wp-json\/wp\/v2\/media\/50756"}],"wp:attachment":[{"href":"https:\/\/azurefilm.com\/de\/wp-json\/wp\/v2\/media?parent=50754"}],"wp:term":[{"taxonomy":"product_brand","embeddable":true,"href":"https:\/\/azurefilm.com\/de\/wp-json\/wp\/v2\/product_brand?post=50754"},{"taxonomy":"product_cat","embeddable":true,"href":"https:\/\/azurefilm.com\/de\/wp-json\/wp\/v2\/product_cat?post=50754"},{"taxonomy":"product_tag","embeddable":true,"href":"https:\/\/azurefilm.com\/de\/wp-json\/wp\/v2\/product_tag?post=50754"},{"taxonomy":"brand","embeddable":true,"href":"https:\/\/azurefilm.com\/de\/wp-json\/wp\/v2\/brand?post=50754"}],"curies":[{"name":"wp","href":"https:\/\/api.w.org\/{rel}","templated":true}]}}