
{"id":50807,"date":"2023-10-29T14:27:26","date_gmt":"2023-10-29T14:27:26","guid":{"rendered":"https:\/\/azurefilm.com\/product\/hex-screwdriver-tool-kit\/"},"modified":"2023-10-29T14:27:26","modified_gmt":"2023-10-29T14:27:26","slug":"hex-screwdriver-tool-kit","status":"publish","type":"product","link":"https:\/\/azurefilm.com\/de\/produkt\/hex-screwdriver-tool-kit\/","title":{"rendered":"Hex Screwdriver Tool Kit"},"content":{"rendered":"<h2><strong>Hauptmerkmale:<\/strong><\/h2>\n<ul>\n<li><strong>Weit verbreitet<\/strong><br \/>\nDieses <strong>Hex Screwdriver Tool Kit<\/strong> enth\u00e4lt insgesamt 7 Schraubendreher in verschiedenen Gr\u00f6\u00dfen von H1.5\/H2.0\/H2.5\/ 0&#8243;+\/1&#8243;-\/4.0 BOX\/5.0 BOX, die weit verbreitet f\u00fcr die Reparatur oder Montage von ferngesteuerten Autos, Modellflugzeugen usw. verwendet werden k\u00f6nnen, was Ihre Bed\u00fcrfnisse absolut erf\u00fcllen kann.<\/li>\n<li><strong>Tipps<\/strong><br \/>\nAls Modell-Enthusiast m\u00fcssen Sie m\u00f6glicherweise manchmal Ihre Modelle auseinandernehmen oder zusammenbauen, dann wird dieses Schraubendreher-Set sehr n\u00fctzlich sein.<\/li>\n<li><strong>Hohe Qualit\u00e4t<\/strong><br \/>\nDie Schraubendreher-Bits bestehen aus Hochgeschwindigkeitsstahl mit titanbeschichteter Oberfl\u00e4che, die Schraubendreher-Griffe bestehen aus hochwertiger Aluminiumlegierung und sind pr\u00e4zise CNC-gefr\u00e4st. Diese hochwertigen Materialien gew\u00e4hrleisten die hohe Leistung. <\/li>\n<li><strong>Leichtes Design<\/strong><br \/>\nDas hohle Griffdesign reduziert das Gewicht und sorgt f\u00fcr eine komfortable Nutzung.<\/li>\n<\/ul>\n","protected":false},"excerpt":{"rendered":"<p>Dieses <strong>Hex Screwdriver Tool Kit<\/strong> enth\u00e4lt insgesamt 7 Schraubendreher in verschiedenen Gr\u00f6\u00dfen.<\/p>\n","protected":false},"featured_media":50809,"comment_status":"closed","ping_status":"closed","template":"","meta":{"_acf_changed":false},"product_brand":[],"product_cat":[1767,1671,1765,1769],"product_tag":[],"brand":[],"class_list":{"0":"post-50807","1":"product","2":"type-product","3":"status-publish","4":"has-post-thumbnail","6":"product_cat-alle-ersatzteile","7":"product_cat-angebote","8":"product_cat-ersatzteile","9":"product_cat-werkzeuge","11":"first","12":"instock","13":"sale","14":"taxable","15":"shipping-taxable","16":"purchasable","17":"product-type-simple"},"acf":[],"_links":{"self":[{"href":"https:\/\/azurefilm.com\/de\/wp-json\/wp\/v2\/product\/50807","targetHints":{"allow":["GET"]}}],"collection":[{"href":"https:\/\/azurefilm.com\/de\/wp-json\/wp\/v2\/product"}],"about":[{"href":"https:\/\/azurefilm.com\/de\/wp-json\/wp\/v2\/types\/product"}],"replies":[{"embeddable":true,"href":"https:\/\/azurefilm.com\/de\/wp-json\/wp\/v2\/comments?post=50807"}],"wp:featuredmedia":[{"embeddable":true,"href":"https:\/\/azurefilm.com\/de\/wp-json\/wp\/v2\/media\/50809"}],"wp:attachment":[{"href":"https:\/\/azurefilm.com\/de\/wp-json\/wp\/v2\/media?parent=50807"}],"wp:term":[{"taxonomy":"product_brand","embeddable":true,"href":"https:\/\/azurefilm.com\/de\/wp-json\/wp\/v2\/product_brand?post=50807"},{"taxonomy":"product_cat","embeddable":true,"href":"https:\/\/azurefilm.com\/de\/wp-json\/wp\/v2\/product_cat?post=50807"},{"taxonomy":"product_tag","embeddable":true,"href":"https:\/\/azurefilm.com\/de\/wp-json\/wp\/v2\/product_tag?post=50807"},{"taxonomy":"brand","embeddable":true,"href":"https:\/\/azurefilm.com\/de\/wp-json\/wp\/v2\/brand?post=50807"}],"curies":[{"name":"wp","href":"https:\/\/api.w.org\/{rel}","templated":true}]}}