
{"id":50816,"date":"2023-10-29T14:27:57","date_gmt":"2023-10-29T14:27:57","guid":{"rendered":"https:\/\/azurefilm.com\/product\/nozzle-e3d-v5-v6-steel\/"},"modified":"2025-10-16T12:31:06","modified_gmt":"2025-10-16T12:31:06","slug":"nozzle-e3d-v5-v6-steel","status":"publish","type":"product","link":"https:\/\/azurefilm.com\/de\/produkt\/nozzle-e3d-v5-v6-steel\/","title":{"rendered":"Nozzle E3D V5\/V6 STEEL"},"content":{"rendered":"<h2><strong>Hauptmerkmale:<\/strong><\/h2>\n<ul>\n<li>Erzeugen Sie konsistente Drucke mit glatter und gl\u00e4nzender Politur,<\/li>\n<li>Die 3D-Druckerd\u00fcse besteht aus hochwertigem Edelstahlmaterial,<\/li>\n<li>Best\u00e4ndig gegen Rost und Korrosion<\/li>\n<li>Robust und langlebig,<\/li>\n<li>Einfach zu installieren<\/li>\n<li>Kompatibel mit allen 1,75mm PLA ABS 3D-Druckern,<\/li>\n<li>Nach dem Austausch der D\u00fcse kalibrieren Sie bitte den Abstand zwischen D\u00fcse und Bauplatte neu, um die Qualit\u00e4t der Druckteile sicherzustellen.<\/li>\n<li>Der Preis gilt f\u00fcr 1 Artikel.<\/li>\n<\/ul>\n","protected":false},"excerpt":{"rendered":"<p><strong>Nozzle E3D V5\/V6 STEEL<\/strong> mit den 1,75mm Eing\u00e4ngen kann das Austreten des Druckkopfes effektiv verhindern und konsistente Drucke mit glatter und gl\u00e4nzender Politur erzeugen.<\/p>\n","protected":false},"featured_media":50818,"comment_status":"closed","ping_status":"closed","template":"","meta":{"_acf_changed":false},"product_brand":[],"product_cat":[1767,1671,1807,1765,1835],"product_tag":[],"brand":[],"class_list":{"0":"post-50816","1":"product","2":"type-product","3":"status-publish","4":"has-post-thumbnail","6":"product_cat-alle-ersatzteile","7":"product_cat-angebote","8":"product_cat-dusen","9":"product_cat-ersatzteile","10":"product_cat-gehartete-verschleisfeste-dusen","11":"pa_nozzle-diameter-0-2mm","12":"pa_nozzle-diameter-0-3mm","13":"pa_nozzle-diameter-0-4mm","14":"pa_nozzle-diameter-0-6mm","16":"first","17":"instock","18":"sale","19":"taxable","20":"shipping-taxable","21":"purchasable","22":"product-type-variable"},"acf":[],"_links":{"self":[{"href":"https:\/\/azurefilm.com\/de\/wp-json\/wp\/v2\/product\/50816","targetHints":{"allow":["GET"]}}],"collection":[{"href":"https:\/\/azurefilm.com\/de\/wp-json\/wp\/v2\/product"}],"about":[{"href":"https:\/\/azurefilm.com\/de\/wp-json\/wp\/v2\/types\/product"}],"replies":[{"embeddable":true,"href":"https:\/\/azurefilm.com\/de\/wp-json\/wp\/v2\/comments?post=50816"}],"wp:featuredmedia":[{"embeddable":true,"href":"https:\/\/azurefilm.com\/de\/wp-json\/wp\/v2\/media\/50818"}],"wp:attachment":[{"href":"https:\/\/azurefilm.com\/de\/wp-json\/wp\/v2\/media?parent=50816"}],"wp:term":[{"taxonomy":"product_brand","embeddable":true,"href":"https:\/\/azurefilm.com\/de\/wp-json\/wp\/v2\/product_brand?post=50816"},{"taxonomy":"product_cat","embeddable":true,"href":"https:\/\/azurefilm.com\/de\/wp-json\/wp\/v2\/product_cat?post=50816"},{"taxonomy":"product_tag","embeddable":true,"href":"https:\/\/azurefilm.com\/de\/wp-json\/wp\/v2\/product_tag?post=50816"},{"taxonomy":"brand","embeddable":true,"href":"https:\/\/azurefilm.com\/de\/wp-json\/wp\/v2\/brand?post=50816"}],"curies":[{"name":"wp","href":"https:\/\/api.w.org\/{rel}","templated":true}]}}