
{"id":50847,"date":"2023-10-29T14:28:24","date_gmt":"2023-10-29T14:28:24","guid":{"rendered":"https:\/\/azurefilm.com\/product\/micro-swiss-all-metal-hotend-kit-fuer-flashforge\/"},"modified":"2023-10-29T14:28:24","modified_gmt":"2023-10-29T14:28:24","slug":"micro-swiss-all-metal-hotend-kit-fuer-flashforge","status":"publish","type":"product","link":"https:\/\/azurefilm.com\/de\/produkt\/micro-swiss-all-metal-hotend-kit-fuer-flashforge\/","title":{"rendered":"Micro Swiss All Metal Hotend Kit f\u00fcr Flashforge"},"content":{"rendered":"<h2><strong>Hauptmerkmale:<\/strong><\/h2>\n<p>Dies ist ein All-Metal-Hotend-Upgrade-Kit f\u00fcr Flashforge Finder und Flashforge Guider 2S. Das All-Metal-Hotend erm\u00f6glicht das Drucken bei viel h\u00f6heren Temperaturen als mit dem originalen PTFE-ausgekleideten Hotend. Ein weiterer Vorteil des All-Metal-Hotend-Designs ist eine konsistentere Steuerung der Schmelzkammer. Bei einer langsamen Extrusionsrate neigt die \u00dcbergangszone von festem zu geschmolzenem Kunststoff in einem PTFE-ausgekleideten Hotend dazu, nach oben zu wandern, was zu fadenf\u00f6rmigen Drucken f\u00fchrt. Mit dem All-Metal-Design bleibt die \u00dcbergangszone immer konstant und befindet sich direkt am W\u00e4rmetrenner. Bei einer schnellen Extrusionsrate hat das PTFE-Rohr nicht genug W\u00e4rmeleitf\u00e4higkeit, um den gesamten austretenden Kunststoff richtig zu schmelzen. Das All-Metal-Hotend l\u00f6st dieses Problem, da der Kunststoff \u00fcber seine gesamte L\u00e4nge von einer thermisch leitf\u00e4higen D\u00fcse umgeben ist.      <\/p>\n<h2><strong>Geeignet f\u00fcr die folgenden 3D-Drucker:<\/strong><\/h2>\n<ul>\n<li>FlashForge Finder<\/li>\n<li>FlashForge Inventor 2<\/li>\n<li>FlashForge Guider 2 (\u00c4ltere Version, ohne Metallplatte \u00fcber dem Heizblock)<\/li>\n<li>FlashForge Guider 2S<\/li>\n<li>Dremel 3D40 Idea Builder<\/li>\n<\/ul>\n<h2><strong>Installation:<\/strong><\/h2>\n<p><iframe loading=\"lazy\" class=\"allowed-iframe\" src=\"https:\/\/www.youtube.com\/embed\/G04dj9DcJUI\" width=\"900\" height=\"500\"><\/iframe><\/p>\n<p>&nbsp;<\/p>\n","protected":false},"excerpt":{"rendered":"<p><strong>Das Micro Swiss All Metal Hotend Kit f\u00fcr Flashforge<\/strong> besteht aus 1 plattierten, verschlei\u00dffesten Messingd\u00fcse, 1 Thermorohr und 2 Kontermuttern.<\/p>\n","protected":false},"featured_media":50848,"comment_status":"closed","ping_status":"closed","template":"","meta":{"_acf_changed":false},"product_brand":[],"product_cat":[1767,1671,1807,1765,1786,1800,1788,1835],"product_tag":[],"brand":[],"class_list":{"0":"post-50847","1":"product","2":"type-product","3":"status-publish","4":"has-post-thumbnail","6":"product_cat-alle-ersatzteile","7":"product_cat-angebote","8":"product_cat-dusen","9":"product_cat-ersatzteile","10":"product_cat-extruder-de","11":"product_cat-extruder-upgrades","12":"product_cat-extruderteile","13":"product_cat-gehartete-verschleisfeste-dusen","14":"pa_compatible-with-creality-fdm-3d-printers","15":"pa_fits-printer-flashforge-guider-2","16":"pa_fits-printer-flashforge-guider-2s","18":"first","19":"instock","20":"sale","21":"taxable","22":"shipping-taxable","23":"purchasable","24":"product-type-simple"},"acf":[],"_links":{"self":[{"href":"https:\/\/azurefilm.com\/de\/wp-json\/wp\/v2\/product\/50847","targetHints":{"allow":["GET"]}}],"collection":[{"href":"https:\/\/azurefilm.com\/de\/wp-json\/wp\/v2\/product"}],"about":[{"href":"https:\/\/azurefilm.com\/de\/wp-json\/wp\/v2\/types\/product"}],"replies":[{"embeddable":true,"href":"https:\/\/azurefilm.com\/de\/wp-json\/wp\/v2\/comments?post=50847"}],"wp:featuredmedia":[{"embeddable":true,"href":"https:\/\/azurefilm.com\/de\/wp-json\/wp\/v2\/media\/50848"}],"wp:attachment":[{"href":"https:\/\/azurefilm.com\/de\/wp-json\/wp\/v2\/media?parent=50847"}],"wp:term":[{"taxonomy":"product_brand","embeddable":true,"href":"https:\/\/azurefilm.com\/de\/wp-json\/wp\/v2\/product_brand?post=50847"},{"taxonomy":"product_cat","embeddable":true,"href":"https:\/\/azurefilm.com\/de\/wp-json\/wp\/v2\/product_cat?post=50847"},{"taxonomy":"product_tag","embeddable":true,"href":"https:\/\/azurefilm.com\/de\/wp-json\/wp\/v2\/product_tag?post=50847"},{"taxonomy":"brand","embeddable":true,"href":"https:\/\/azurefilm.com\/de\/wp-json\/wp\/v2\/brand?post=50847"}],"curies":[{"name":"wp","href":"https:\/\/api.w.org\/{rel}","templated":true}]}}