
{"id":50958,"date":"2023-10-29T14:31:41","date_gmt":"2023-10-29T14:31:41","guid":{"rendered":"https:\/\/azurefilm.com\/product\/klemme-mit-kunststoffgriff\/"},"modified":"2023-10-29T14:31:41","modified_gmt":"2023-10-29T14:31:41","slug":"klemme-mit-kunststoffgriff","status":"publish","type":"product","link":"https:\/\/azurefilm.com\/de\/produkt\/klemme-mit-kunststoffgriff\/","title":{"rendered":"Klemme mit Kunststoffgriff"},"content":{"rendered":"<h2><strong>Hauptmerkmale:<\/strong><\/h2>\n<ul>\n<li>25mm<\/li>\n<li>Schlauchklemmen mit Griff.<\/li>\n<li>Die Schlauchklemme ist mit einem Griff ausgestattet. Einfach zu verwenden und zu installieren, korrosionsbest\u00e4ndig. <\/li>\n<li>Die gute Qualit\u00e4t des Edelstahls.<\/li>\n<li>Wird f\u00fcr Kraftstoff-, Vakuum-, Luftschl\u00e4uche oder zur Sicherung von Schl\u00e4uchen um Rohre verwendet.<\/li>\n<li>Das Innere ist glatt und bei\u00dft nicht in den Schlauch.<\/li>\n<li>Verstellbar, verdrehungsfest und langlebig.<\/li>\n<li>Material: Edelstahl + Kunststoffgriff.<\/li>\n<\/ul>\n","protected":false},"excerpt":{"rendered":"<p><strong>Klemme mit Kunststoffgriff<\/strong>, die einfach zu verwenden und zu installieren ist und korrosionsbest\u00e4ndig ist.<\/p>\n","protected":false},"featured_media":50959,"comment_status":"closed","ping_status":"closed","template":"","meta":{"_acf_changed":false},"product_brand":[],"product_cat":[1767,1671,1765,1766],"product_tag":[],"brand":[],"class_list":{"0":"post-50958","1":"product","2":"type-product","3":"status-publish","4":"has-post-thumbnail","6":"product_cat-alle-ersatzteile","7":"product_cat-angebote","8":"product_cat-ersatzteile","9":"product_cat-sonstige_artikel","11":"first","12":"instock","13":"sale","14":"taxable","15":"shipping-taxable","16":"purchasable","17":"product-type-simple"},"acf":[],"_links":{"self":[{"href":"https:\/\/azurefilm.com\/de\/wp-json\/wp\/v2\/product\/50958","targetHints":{"allow":["GET"]}}],"collection":[{"href":"https:\/\/azurefilm.com\/de\/wp-json\/wp\/v2\/product"}],"about":[{"href":"https:\/\/azurefilm.com\/de\/wp-json\/wp\/v2\/types\/product"}],"replies":[{"embeddable":true,"href":"https:\/\/azurefilm.com\/de\/wp-json\/wp\/v2\/comments?post=50958"}],"wp:featuredmedia":[{"embeddable":true,"href":"https:\/\/azurefilm.com\/de\/wp-json\/wp\/v2\/media\/50959"}],"wp:attachment":[{"href":"https:\/\/azurefilm.com\/de\/wp-json\/wp\/v2\/media?parent=50958"}],"wp:term":[{"taxonomy":"product_brand","embeddable":true,"href":"https:\/\/azurefilm.com\/de\/wp-json\/wp\/v2\/product_brand?post=50958"},{"taxonomy":"product_cat","embeddable":true,"href":"https:\/\/azurefilm.com\/de\/wp-json\/wp\/v2\/product_cat?post=50958"},{"taxonomy":"product_tag","embeddable":true,"href":"https:\/\/azurefilm.com\/de\/wp-json\/wp\/v2\/product_tag?post=50958"},{"taxonomy":"brand","embeddable":true,"href":"https:\/\/azurefilm.com\/de\/wp-json\/wp\/v2\/brand?post=50958"}],"curies":[{"name":"wp","href":"https:\/\/api.w.org\/{rel}","templated":true}]}}