
{"id":50968,"date":"2023-10-29T14:33:26","date_gmt":"2023-10-29T14:33:26","guid":{"rendered":"https:\/\/azurefilm.com\/product\/creality-duese-mk8-10er-pack\/"},"modified":"2023-10-29T14:33:26","modified_gmt":"2023-10-29T14:33:26","slug":"creality-duese-mk8-10er-pack","status":"publish","type":"product","link":"https:\/\/azurefilm.com\/de\/produkt\/creality-duese-mk8-10er-pack\/","title":{"rendered":"Creality D\u00fcse MK8 (10er-Pack)"},"content":{"rendered":"<h4>Creality D\u00fcse MK8 (10er-Pack)<\/h4>\n<h3><b>Hauptmerkmale:<\/b><\/h3>\n<ul>\n<li><strong>Kompatibilit\u00e4t:<\/strong> Kompatibel mit Creality CR-10 V2, Creality CR-10S, Creality Ender 2, Creality Ender 3, Creality Ender 3 Pro, Creality Ender 3 V2, Creality Ender 5, Creality Ender 5 Pro, Creality CR10 mini, Creality CR10, Creality CR10 S, Creality CR10 S 4, Creality CR10 S 5, Creality CR10 MAX, Creality CR10S Pro.<\/li>\n<li><strong>Hochwertige D\u00fcsen:<\/strong> Sorgt f\u00fcr optimale Leistung und pr\u00e4zise Drucke.<\/li>\n<li><strong>Eingangsdurchmesser:<\/strong> Entwickelt f\u00fcr 1,75 mm Filament, eine g\u00e4ngige Gr\u00f6\u00dfe in der 3D-Druck-Community.<\/li>\n<li><strong>Ausgangsdurchmesser-Optionen:<\/strong> W\u00e4hlen Sie aus verschiedenen Optionen \u2013 0,2 mm, 0,3 mm, 0,4 mm, 0,5 mm, 0,6 mm und 0,8 mm.<\/li>\n<li><strong>Material:<\/strong> Messing<\/li>\n<li><strong>Preis<\/strong> ist f\u00fcr 10 St\u00fcck<\/li>\n<\/ul>\n","protected":false},"excerpt":{"rendered":"<h4>Creality D\u00fcse MK8 (10er-Pack) kompatibel mit Creality 3D-Druckern<\/h4>\n","protected":false},"featured_media":50969,"comment_status":"closed","ping_status":"closed","template":"","meta":{"_acf_changed":false},"product_brand":[],"product_cat":[1671,1807,1765,1808],"product_tag":[],"brand":[270],"class_list":{"0":"post-50968","1":"product","2":"type-product","3":"status-publish","4":"has-post-thumbnail","6":"product_cat-angebote","7":"product_cat-dusen","8":"product_cat-ersatzteile","9":"product_cat-normale-dusen","10":"pa_nozzle-diameter-0-2mm","11":"pa_nozzle-diameter-0-3mm","12":"pa_nozzle-diameter-0-4mm","13":"pa_nozzle-diameter-0-6mm","14":"pa_nozzle-diameter-0-8mm","15":"brand-creality","17":"first","18":"instock","19":"sale","20":"taxable","21":"shipping-taxable","22":"purchasable","23":"product-type-variable"},"acf":[],"_links":{"self":[{"href":"https:\/\/azurefilm.com\/de\/wp-json\/wp\/v2\/product\/50968","targetHints":{"allow":["GET"]}}],"collection":[{"href":"https:\/\/azurefilm.com\/de\/wp-json\/wp\/v2\/product"}],"about":[{"href":"https:\/\/azurefilm.com\/de\/wp-json\/wp\/v2\/types\/product"}],"replies":[{"embeddable":true,"href":"https:\/\/azurefilm.com\/de\/wp-json\/wp\/v2\/comments?post=50968"}],"wp:featuredmedia":[{"embeddable":true,"href":"https:\/\/azurefilm.com\/de\/wp-json\/wp\/v2\/media\/50969"}],"wp:attachment":[{"href":"https:\/\/azurefilm.com\/de\/wp-json\/wp\/v2\/media?parent=50968"}],"wp:term":[{"taxonomy":"product_brand","embeddable":true,"href":"https:\/\/azurefilm.com\/de\/wp-json\/wp\/v2\/product_brand?post=50968"},{"taxonomy":"product_cat","embeddable":true,"href":"https:\/\/azurefilm.com\/de\/wp-json\/wp\/v2\/product_cat?post=50968"},{"taxonomy":"product_tag","embeddable":true,"href":"https:\/\/azurefilm.com\/de\/wp-json\/wp\/v2\/product_tag?post=50968"},{"taxonomy":"brand","embeddable":true,"href":"https:\/\/azurefilm.com\/de\/wp-json\/wp\/v2\/brand?post=50968"}],"curies":[{"name":"wp","href":"https:\/\/api.w.org\/{rel}","templated":true}]}}