
{"id":50982,"date":"2023-10-29T14:08:22","date_gmt":"2023-10-29T14:08:22","guid":{"rendered":"https:\/\/azurefilm.com\/product\/pla-strongman-filament-grau\/"},"modified":"2025-10-24T14:40:13","modified_gmt":"2025-10-24T14:40:13","slug":"pla-strongman-filament-grau","status":"publish","type":"product","link":"https:\/\/azurefilm.com\/de\/produkt\/pla-strongman-filament-grau\/","title":{"rendered":"PLA Strongman Filament Grau"},"content":{"rendered":"<h2><b>PLA Strongman<\/b><\/h2>\n<p><span style=\"font-weight: 400;\">Einf\u00fchrung unseres PLA Strongman Filaments &#8211; ein <\/span><b>einzigartiges Material<\/b><span style=\"font-weight: 400;\"> das wir entwickelt haben. Vor unserem PLA Strongman gab es kein anderes Filament auf dem Markt, das so einfach zu drucken war wie PLA und gleichzeitig starke Eigenschaften wie verbesserte Z\u00e4higkeit und Widerstandsf\u00e4higkeit aufwies. Wir haben uns mit einer der besten Universit\u00e4ten f\u00fcr Polymercharakterisierung zusammengetan und dieses <\/span><b>z\u00e4he, schlagfeste<\/b><span style=\"font-weight: 400;\"> und dennoch <\/span><b>sehr einfach zu druckende Filament<\/b><span style=\"font-weight: 400;\">. PLA Strongman is now used for printing drones, bearings, mechanical parts and all kinds of products that require greater strength. <\/span><\/p>\n<h2><strong>PLA Strongman Filament Grau<\/strong><\/h2>\n<p>Erreichen Sie das ultimative professionelle Erscheinungsbild und probieren Sie unser PLA Strongman Filament Grau.<\/p>\n<p><span style=\"font-weight: 400;\">Um mehr \u00fcber PLA Filamente zu erfahren, lesen Sie unseren <a href=\"https:\/\/azurefilm.com\/de\/2023\/07\/04\/pla-filamente-alles-was-sie-wissen-muessen\/\" target=\"_blank\" rel=\"noopener\">Blog<\/a>. <\/span><\/p>\n<p><span style=\"font-weight: 400;\">Sie k\u00f6nnen das <\/span><b>Technische Datenblatt<\/b> <span style=\"font-weight: 400;\"><a href=\"https:\/\/azurefilm.com\/de\/technical-data-sheets\/\" target=\"_blank\" rel=\"noopener\">hier<\/a>.<\/span><\/p>\n<h3><strong>Druckempfehlungen:<\/strong><\/h3>\n<ul>\n<li style=\"font-weight: 400;\" aria-level=\"1\"><span style=\"font-weight: 400;\">Drucken Sie bei einer Temperatur von 200\u2013230\u00b0C f\u00fcr beste Ergebnisse. <\/span><\/li>\n<li style=\"font-weight: 400;\" aria-level=\"1\"><span style=\"font-weight: 400;\">Die empfohlene Temperatur f\u00fcr den Drucktisch betr\u00e4gt 50\u201360\u00b0C.<\/span><\/li>\n<li style=\"font-weight: 400;\" aria-level=\"1\"><span style=\"font-weight: 400;\">Verwenden Sie ein Glasbett, eine PEI-Folie, Kapton oder Blaues Klebeband f\u00fcr die Bauplattform mit 3Dlac-Spray.<\/span><\/li>\n<\/ul>\n<p><i><span style=\"font-weight: 400;\">*Die ideale Temperatur kann je nach verwendetem Drucker variieren.<\/span><\/i><\/p>\n","protected":false},"excerpt":{"rendered":"<p>Erreichen Sie das ultimative professionelle Erscheinungsbild und probieren Sie unser PLA Strongman Filament Grau.<\/p>\n","protected":false},"featured_media":113271,"comment_status":"closed","ping_status":"closed","template":"","meta":{"_acf_changed":false},"product_brand":[],"product_cat":[1959,1669,1672,1670],"product_tag":[1675],"brand":[],"class_list":{"0":"post-50982","1":"product","2":"type-product","3":"status-publish","4":"has-post-thumbnail","6":"product_cat-pla-strongman-de","7":"product_cat-3d-filamente","8":"product_cat-alle-filamente","9":"product_cat-pla-filamente","10":"product_tag-high-speed","11":"pa_colour-gray","12":"pa_filament-diameter-1-75mm","13":"pa_filament-weight-1000g","15":"first","16":"outofstock","17":"taxable","18":"shipping-taxable","19":"purchasable","20":"product-type-variable","21":"has-default-attributes"},"acf":[],"_links":{"self":[{"href":"https:\/\/azurefilm.com\/de\/wp-json\/wp\/v2\/product\/50982","targetHints":{"allow":["GET"]}}],"collection":[{"href":"https:\/\/azurefilm.com\/de\/wp-json\/wp\/v2\/product"}],"about":[{"href":"https:\/\/azurefilm.com\/de\/wp-json\/wp\/v2\/types\/product"}],"replies":[{"embeddable":true,"href":"https:\/\/azurefilm.com\/de\/wp-json\/wp\/v2\/comments?post=50982"}],"wp:featuredmedia":[{"embeddable":true,"href":"https:\/\/azurefilm.com\/de\/wp-json\/wp\/v2\/media\/113271"}],"wp:attachment":[{"href":"https:\/\/azurefilm.com\/de\/wp-json\/wp\/v2\/media?parent=50982"}],"wp:term":[{"taxonomy":"product_brand","embeddable":true,"href":"https:\/\/azurefilm.com\/de\/wp-json\/wp\/v2\/product_brand?post=50982"},{"taxonomy":"product_cat","embeddable":true,"href":"https:\/\/azurefilm.com\/de\/wp-json\/wp\/v2\/product_cat?post=50982"},{"taxonomy":"product_tag","embeddable":true,"href":"https:\/\/azurefilm.com\/de\/wp-json\/wp\/v2\/product_tag?post=50982"},{"taxonomy":"brand","embeddable":true,"href":"https:\/\/azurefilm.com\/de\/wp-json\/wp\/v2\/brand?post=50982"}],"curies":[{"name":"wp","href":"https:\/\/api.w.org\/{rel}","templated":true}]}}