
{"id":51071,"date":"2023-10-29T14:14:48","date_gmt":"2023-10-29T14:14:48","guid":{"rendered":"https:\/\/azurefilm.com\/product\/cr-touch-auto-leveling-kit\/"},"modified":"2023-10-29T14:14:48","modified_gmt":"2023-10-29T14:14:48","slug":"cr-touch-auto-leveling-kit","status":"publish","type":"product","link":"https:\/\/azurefilm.com\/de\/produkt\/cr-touch-auto-leveling-kit\/","title":{"rendered":"CR-Touch Auto Leveling Kit"},"content":{"rendered":"<p>CR-Touch ist eine 3D-Drucker-Plattform-Nivellierungsl\u00f6sung, die von Creality auf der Grundlage von Hunderten Millionen von Nutzerdaten entwickelt wurde. Im Vergleich zur traditionellen Auto-Ausrichtung ist es mit mehreren 3D-Druckerplattformen kompatibel, stabiler und erschwinglicher. <\/p>\n<h2><span style=\"text-decoration: underline;\"><strong>Hauptmerkmale:<\/strong><\/span><\/h2>\n<h3><strong>Mehrpunkt-Erkennung und intelligente Ausbalancierung<\/strong><\/h3>\n<p>Der CR-Touch-Nivelliersensor f\u00fchrt eine Mehrpunkt-Erkennung auf der Druckplattform durch und zeichnet die H\u00f6he jedes Erkennungspunkts auf. Das System erstellt eine virtuelle Ebene basierend auf der H\u00f6he jedes Punkts und berechnet den Neigungswinkel zwischen der D\u00fcse und der Platte, um automatisch f\u00fcr verschiedene Punkte zu kompensieren. <\/p>\n<h3><strong>Langlebige Qualit\u00e4t<\/strong><\/h3>\n<p>Hohe Qualit\u00e4t gew\u00e4hrleistet eine lange Lebensdauer von mehr als 100.000 Anwendungen.<\/p>\n<h3><strong>Langlebigere Metallsonden<\/strong><\/h3>\n<p>Der CR-Touch verf\u00fcgt \u00fcber eine Metallsonde, die den Verschlei\u00df reduziert und die Lebensdauer erheblich verl\u00e4ngert.<\/p>\n<h3><strong>Kompatible Modelle<\/strong><\/h3>\n<p>Ender-3\/Ender-3 pro\/Ender-3 V2\/Ender-3 MAX\/Ender-5\/Ender-5 pro\/CR-10 mit 4.2.2\/4.2.7 Motherboard<\/p>\n<h3><strong>Hochpr\u00e4zise elektromagnetische Komponenten und fotoelektrischer Sensor<\/strong><\/h3>\n<p>Nach dem Einschalten der elektromagnetischen Komponente saugt die Sonde. Wenn die Sonde die Druckplattform ber\u00fchrt, erkennt ein fotoelektrischer Sensor auf der Schaltung das Kontaktsignal und das System zeichnet die aktuelle Plattformh\u00f6he auf. Gilt nur f\u00fcr 3D-Drucker mit einem 32-Bit-Motherboard 4.2.2 oder einem Motherboard 4.2.7. Der Nivelliersensor kann auf den folgenden Arbeitsplattformoberfl\u00e4chen verwendet werden: <\/p>\n<ul>\n<li>PEI<\/li>\n<li>Glas<\/li>\n<li>Metall<\/li>\n<li>Magnetische Arbeitsplatten<\/li>\n<li>Karborundumglas<\/li>\n<\/ul>\n<h3><strong>Einfach zu installieren und zu verwenden<\/strong><\/h3>\n<p>Laden Sie das CR-Touch-Programm von der offiziellen Creality-Website herunter und kopieren Sie es auf die TF-\/SD-Karte. Stecken Sie die Karte direkt in den Kartensteckplatz des 3D-Druckers. Sie k\u00f6nnen das Programm nach dem Einschalten aktualisieren.  <\/p>\n<p><iframe loading=\"lazy\" class=\"allowed-iframe\" src=\"https:\/\/www.youtube.com\/embed\/HqzQ-OH9bQk\" width=\"900\" height=\"500\"><\/iframe><\/p>\n","protected":false},"excerpt":{"rendered":"<p><strong>CR-Touch Auto Leveling Kit<\/strong> mit Mehrpunkt-Erkennung, intelligenter Ausbalancierung, langlebiger Qualit\u00e4t und hoher Kompatibilit\u00e4t mit Ger\u00e4ten.<\/p>\n","protected":false},"featured_media":51072,"comment_status":"closed","ping_status":"closed","template":"","meta":{"_acf_changed":false},"product_brand":[],"product_cat":[1767,1765],"product_tag":[],"brand":[],"class_list":{"0":"post-51071","1":"product","2":"type-product","3":"status-publish","4":"has-post-thumbnail","6":"product_cat-alle-ersatzteile","7":"product_cat-ersatzteile","9":"first","10":"outofstock","11":"taxable","12":"shipping-taxable","13":"purchasable","14":"product-type-simple"},"acf":[],"_links":{"self":[{"href":"https:\/\/azurefilm.com\/de\/wp-json\/wp\/v2\/product\/51071","targetHints":{"allow":["GET"]}}],"collection":[{"href":"https:\/\/azurefilm.com\/de\/wp-json\/wp\/v2\/product"}],"about":[{"href":"https:\/\/azurefilm.com\/de\/wp-json\/wp\/v2\/types\/product"}],"replies":[{"embeddable":true,"href":"https:\/\/azurefilm.com\/de\/wp-json\/wp\/v2\/comments?post=51071"}],"wp:featuredmedia":[{"embeddable":true,"href":"https:\/\/azurefilm.com\/de\/wp-json\/wp\/v2\/media\/51072"}],"wp:attachment":[{"href":"https:\/\/azurefilm.com\/de\/wp-json\/wp\/v2\/media?parent=51071"}],"wp:term":[{"taxonomy":"product_brand","embeddable":true,"href":"https:\/\/azurefilm.com\/de\/wp-json\/wp\/v2\/product_brand?post=51071"},{"taxonomy":"product_cat","embeddable":true,"href":"https:\/\/azurefilm.com\/de\/wp-json\/wp\/v2\/product_cat?post=51071"},{"taxonomy":"product_tag","embeddable":true,"href":"https:\/\/azurefilm.com\/de\/wp-json\/wp\/v2\/product_tag?post=51071"},{"taxonomy":"brand","embeddable":true,"href":"https:\/\/azurefilm.com\/de\/wp-json\/wp\/v2\/brand?post=51071"}],"curies":[{"name":"wp","href":"https:\/\/api.w.org\/{rel}","templated":true}]}}