
{"id":51084,"date":"2023-10-29T14:14:48","date_gmt":"2023-10-29T14:14:48","guid":{"rendered":"https:\/\/azurefilm.com\/product\/stainless-steel-nipper\/"},"modified":"2025-10-25T08:36:58","modified_gmt":"2025-10-25T08:36:58","slug":"stainless-steel-nipper","status":"publish","type":"product","link":"https:\/\/azurefilm.com\/de\/produkt\/stainless-steel-nipper\/","title":{"rendered":"Stainless Steel Nipper"},"content":{"rendered":"<h2><strong>Eigenschaften:<\/strong><\/h2>\n<ul>\n<li>Der Stainless Steel Nipper besteht aus 100% chirurgischem Edelstahl, um eine langlebige Schneide zu gew\u00e4hrleisten und kann ohne Rost sterilisiert werden.<\/li>\n<li>Es ist ein unverzichtbares Werkzeug im 3D-Druck.<\/li>\n<li>Wurde entwickelt, um die kleinsten Bereiche um das 3D-Modell herum zu schneiden.<\/li>\n<li>Die Knipser sind langlebig, pr\u00e4zise und einfach zu bedienen.<\/li>\n<li>Die Spannstange, die den Knipser \u00f6ffnet, hat eine gute Spannung und rastet zufriedenstellend und sicher in ihre Kerbe ein.<\/li>\n<li>Die hochwertige Doppelfeder erm\u00f6glicht eine reibungslose, komfortable, pr\u00e4zisere und einfache Schneidaktion.<\/li>\n<li>Das ergonomische Design des Knipsers gibt Ihnen mehr Kontrolle und Griff beim Halten und Schneiden.<\/li>\n<li>Wischen Sie die Klingen nach Gebrauch einfach mit Alkohol ab.<\/li>\n<li>Die Verpackung enth\u00e4lt eine Kunststoffspitze, um versehentliche Stiche oder St\u00f6\u00dfe zu verhindern.<\/li>\n<\/ul>\n","protected":false},"excerpt":{"rendered":"<p>Der Stainless Steel Nipper ist langlebig, pr\u00e4zise und einfach zu bedienen. Hergestellt aus Edelstahl. <\/p>\n","protected":false},"featured_media":51088,"comment_status":"closed","ping_status":"closed","template":"","meta":{"_acf_changed":false},"product_brand":[],"product_cat":[1767,1671,1765,1769],"product_tag":[],"brand":[],"class_list":{"0":"post-51084","1":"product","2":"type-product","3":"status-publish","4":"has-post-thumbnail","6":"product_cat-alle-ersatzteile","7":"product_cat-angebote","8":"product_cat-ersatzteile","9":"product_cat-werkzeuge","11":"first","12":"instock","13":"sale","14":"taxable","15":"shipping-taxable","16":"purchasable","17":"product-type-simple"},"acf":[],"_links":{"self":[{"href":"https:\/\/azurefilm.com\/de\/wp-json\/wp\/v2\/product\/51084","targetHints":{"allow":["GET"]}}],"collection":[{"href":"https:\/\/azurefilm.com\/de\/wp-json\/wp\/v2\/product"}],"about":[{"href":"https:\/\/azurefilm.com\/de\/wp-json\/wp\/v2\/types\/product"}],"replies":[{"embeddable":true,"href":"https:\/\/azurefilm.com\/de\/wp-json\/wp\/v2\/comments?post=51084"}],"wp:featuredmedia":[{"embeddable":true,"href":"https:\/\/azurefilm.com\/de\/wp-json\/wp\/v2\/media\/51088"}],"wp:attachment":[{"href":"https:\/\/azurefilm.com\/de\/wp-json\/wp\/v2\/media?parent=51084"}],"wp:term":[{"taxonomy":"product_brand","embeddable":true,"href":"https:\/\/azurefilm.com\/de\/wp-json\/wp\/v2\/product_brand?post=51084"},{"taxonomy":"product_cat","embeddable":true,"href":"https:\/\/azurefilm.com\/de\/wp-json\/wp\/v2\/product_cat?post=51084"},{"taxonomy":"product_tag","embeddable":true,"href":"https:\/\/azurefilm.com\/de\/wp-json\/wp\/v2\/product_tag?post=51084"},{"taxonomy":"brand","embeddable":true,"href":"https:\/\/azurefilm.com\/de\/wp-json\/wp\/v2\/brand?post=51084"}],"curies":[{"name":"wp","href":"https:\/\/api.w.org\/{rel}","templated":true}]}}