
{"id":51094,"date":"2023-10-29T14:14:48","date_gmt":"2023-10-29T14:14:48","guid":{"rendered":"https:\/\/azurefilm.com\/product\/3d-druck-nachbearbeitungswerkzeuge\/"},"modified":"2023-10-29T14:14:48","modified_gmt":"2023-10-29T14:14:48","slug":"3d-druck-nachbearbeitungswerkzeuge","status":"publish","type":"product","link":"https:\/\/azurefilm.com\/de\/produkt\/3d-druck-nachbearbeitungswerkzeuge\/","title":{"rendered":"3D-Druck-Nachbearbeitungswerkzeuge"},"content":{"rendered":"<h2>Eigenschaften:<\/h2>\n<ul>\n<li>3D-Druck-Nachbearbeitungswerkzeuge, unverzichtbar f\u00fcr alle 3D-Druck-Profis und Hobbyisten, um Ihnen zu helfen, raue Stellen am Modell zu beseitigen und Ihr Modell glatter und feiner zu machen.<\/li>\n<li>Das ergonomische Design wurde entwickelt, um bequem in der Hand zu liegen und pr\u00e4zise Genauigkeit zu erm\u00f6glichen.<\/li>\n<li>Es ist f\u00fcr eine Vielzahl von 3D-Druck-Nachbearbeitungsaufgaben konzipiert, von der Entfernung von St\u00fctzmaterial und der Verfeinerung von Schichtunregelm\u00e4\u00dfigkeiten bis hin zum Verschmelzen von Druckoberfl\u00e4chen und dem Auff\u00fcllen von L\u00fccken, unter anderem.<\/li>\n<\/ul>\n<h2>Packliste:<\/h2>\n<ul>\n<li>1x Modellschleifset<\/li>\n<li>1x Xacto-Messer mit<\/li>\n<li>5x Ersatzklingen<\/li>\n<li>2x Polierstreifen<\/li>\n<li>3x Sichelmesser<\/li>\n<li>1x Modelltrenner<\/li>\n<li>1x Nadelstift<\/li>\n<li>2x Pinzetten<\/li>\n<li>1x Minischere<\/li>\n<li>1x Lineal<\/li>\n<\/ul>\n","protected":false},"excerpt":{"rendered":"<p>3D-Druck-Nachbearbeitungswerkzeuge, unverzichtbar f\u00fcr alle 3D-Druck-Profis und Hobbyisten, um Ihnen zu helfen, glatte und feine Modelle zu erstellen.<\/p>\n","protected":false},"featured_media":51100,"comment_status":"closed","ping_status":"closed","template":"","meta":{"_acf_changed":false},"product_brand":[],"product_cat":[1767,1671,1765,1769],"product_tag":[],"brand":[],"class_list":{"0":"post-51094","1":"product","2":"type-product","3":"status-publish","4":"has-post-thumbnail","6":"product_cat-alle-ersatzteile","7":"product_cat-angebote","8":"product_cat-ersatzteile","9":"product_cat-werkzeuge","11":"first","12":"instock","13":"sale","14":"taxable","15":"shipping-taxable","16":"purchasable","17":"product-type-simple"},"acf":[],"_links":{"self":[{"href":"https:\/\/azurefilm.com\/de\/wp-json\/wp\/v2\/product\/51094","targetHints":{"allow":["GET"]}}],"collection":[{"href":"https:\/\/azurefilm.com\/de\/wp-json\/wp\/v2\/product"}],"about":[{"href":"https:\/\/azurefilm.com\/de\/wp-json\/wp\/v2\/types\/product"}],"replies":[{"embeddable":true,"href":"https:\/\/azurefilm.com\/de\/wp-json\/wp\/v2\/comments?post=51094"}],"wp:featuredmedia":[{"embeddable":true,"href":"https:\/\/azurefilm.com\/de\/wp-json\/wp\/v2\/media\/51100"}],"wp:attachment":[{"href":"https:\/\/azurefilm.com\/de\/wp-json\/wp\/v2\/media?parent=51094"}],"wp:term":[{"taxonomy":"product_brand","embeddable":true,"href":"https:\/\/azurefilm.com\/de\/wp-json\/wp\/v2\/product_brand?post=51094"},{"taxonomy":"product_cat","embeddable":true,"href":"https:\/\/azurefilm.com\/de\/wp-json\/wp\/v2\/product_cat?post=51094"},{"taxonomy":"product_tag","embeddable":true,"href":"https:\/\/azurefilm.com\/de\/wp-json\/wp\/v2\/product_tag?post=51094"},{"taxonomy":"brand","embeddable":true,"href":"https:\/\/azurefilm.com\/de\/wp-json\/wp\/v2\/brand?post=51094"}],"curies":[{"name":"wp","href":"https:\/\/api.w.org\/{rel}","templated":true}]}}