
{"id":51106,"date":"2023-10-29T14:14:48","date_gmt":"2023-10-29T14:14:48","guid":{"rendered":"https:\/\/azurefilm.com\/product\/hex-screwdriver-package\/"},"modified":"2025-03-30T09:26:46","modified_gmt":"2025-03-30T09:26:46","slug":"hex-screwdriver-package","status":"publish","type":"product","link":"https:\/\/azurefilm.com\/de\/produkt\/hex-screwdriver-package\/","title":{"rendered":"Hex Screwdriver Package"},"content":{"rendered":"<h2><strong>Spezifikation: <\/strong><\/h2>\n<ul>\n<li>Material: Chrom-Vanadium-Legierungsstahl<\/li>\n<li>Durchmesser des Griffs: 1,5 cm<\/li>\n<li>L\u00e4nge des Griffs: 7,5 cm<\/li>\n<li>Gesamtl\u00e4nge: 17 cm<\/li>\n<\/ul>\n<h2><strong>Eigenschaften: <\/strong><\/h2>\n<p>Alles, was Sie ben\u00f6tigen, um Ihre Lieblingsger\u00e4te zu reparieren! Kann f\u00fcr Modelle von Autos, Hubschraubern, Flugzeugen und mehr verwendet werden. Ein Muss f\u00fcr den RC-Enthusiasten!  <\/p>\n<h2><strong>Paket beinhaltet: <\/strong><\/h2>\n<ul>\n<li>1x 1,5 mm Inbusschl\u00fcssel,<\/li>\n<li>1x 2,0 mm Inbusschl\u00fcssel,<\/li>\n<li>1x 2,5 mm Inbusschl\u00fcssel,<\/li>\n<li>1x 3,0 mm Inbusschl\u00fcssel.<\/li>\n<\/ul>\n","protected":false},"excerpt":{"rendered":"<p>Hex Screwdriver Package enth\u00e4lt alles, was Sie ben\u00f6tigen, um Ihre Lieblingsger\u00e4te zu reparieren.<\/p>\n","protected":false},"featured_media":51107,"comment_status":"closed","ping_status":"closed","template":"","meta":{"_acf_changed":false},"product_brand":[],"product_cat":[1767,1671,1765,1769],"product_tag":[],"brand":[],"class_list":{"0":"post-51106","1":"product","2":"type-product","3":"status-publish","4":"has-post-thumbnail","6":"product_cat-alle-ersatzteile","7":"product_cat-angebote","8":"product_cat-ersatzteile","9":"product_cat-werkzeuge","11":"first","12":"instock","13":"sale","14":"taxable","15":"shipping-taxable","16":"purchasable","17":"product-type-simple"},"acf":[],"_links":{"self":[{"href":"https:\/\/azurefilm.com\/de\/wp-json\/wp\/v2\/product\/51106","targetHints":{"allow":["GET"]}}],"collection":[{"href":"https:\/\/azurefilm.com\/de\/wp-json\/wp\/v2\/product"}],"about":[{"href":"https:\/\/azurefilm.com\/de\/wp-json\/wp\/v2\/types\/product"}],"replies":[{"embeddable":true,"href":"https:\/\/azurefilm.com\/de\/wp-json\/wp\/v2\/comments?post=51106"}],"wp:featuredmedia":[{"embeddable":true,"href":"https:\/\/azurefilm.com\/de\/wp-json\/wp\/v2\/media\/51107"}],"wp:attachment":[{"href":"https:\/\/azurefilm.com\/de\/wp-json\/wp\/v2\/media?parent=51106"}],"wp:term":[{"taxonomy":"product_brand","embeddable":true,"href":"https:\/\/azurefilm.com\/de\/wp-json\/wp\/v2\/product_brand?post=51106"},{"taxonomy":"product_cat","embeddable":true,"href":"https:\/\/azurefilm.com\/de\/wp-json\/wp\/v2\/product_cat?post=51106"},{"taxonomy":"product_tag","embeddable":true,"href":"https:\/\/azurefilm.com\/de\/wp-json\/wp\/v2\/product_tag?post=51106"},{"taxonomy":"brand","embeddable":true,"href":"https:\/\/azurefilm.com\/de\/wp-json\/wp\/v2\/brand?post=51106"}],"curies":[{"name":"wp","href":"https:\/\/api.w.org\/{rel}","templated":true}]}}