
{"id":51135,"date":"2023-10-29T14:15:26","date_gmt":"2023-10-29T14:15:26","guid":{"rendered":"https:\/\/azurefilm.com\/product\/praezise-pinzetten\/"},"modified":"2025-11-10T18:04:37","modified_gmt":"2025-11-10T18:04:37","slug":"praezise-pinzetten","status":"publish","type":"product","link":"https:\/\/azurefilm.com\/de\/produkt\/praezise-pinzetten\/","title":{"rendered":"Pr\u00e4zise Pinzetten"},"content":{"rendered":"<p>Pr\u00e4zise Pinzetten stark, langlebig und vielseitig, unverzichtbar in jedem 3D-Druck-Reinigungszubeh\u00f6r-Set. Perfekt f\u00fcr Anf\u00e4nger, Experten oder als praktisches Geschenk f\u00fcr jeden mit einem 3D-Drucker. <\/p>\n<ul>\n<li><strong>Reinigungswerkzeug:<\/strong> F\u00fcgen Sie die vielseitigen Pinzetten Ihrem 3D-Druck-Zubeh\u00f6r-Set hinzu, um St\u00fctzmaterial effizient zu entfernen und sauberere Drucke zu erzeugen.<\/li>\n<li><strong>D\u00fcsenreinigung:<\/strong> Verhindern Sie verbrannte Finger beim Reinigen der Druckerd\u00fcse und Entfernen von hei\u00dfem, austretendem Filament.<\/li>\n<li><strong>Edelstahl:<\/strong> Sie sind aus starkem, hochwertig beschichtetem Edelstahl f\u00fcr einen komfortablen Griff gefertigt.<\/li>\n<li><strong>Pr\u00e4zision und Genauigkeit:<\/strong> Die feinen Stahlspitzen des Druckwerkzeugs helfen, St\u00fctzmaterial an schwer zug\u00e4nglichen Stellen zu unterheben, anzuheben und zu entfernen.<\/li>\n<\/ul>\n","protected":false},"excerpt":{"rendered":"<p>Pr\u00e4zise Pinzetten stark, langlebig und vielseitig, unverzichtbar in jedem 3D-Druck-Reinigungszubeh\u00f6r-Set. Perfekt f\u00fcr Anf\u00e4nger, Experten oder als praktisches Geschenk f\u00fcr jeden mit einem 3D-Drucker. <\/p>\n","protected":false},"featured_media":51140,"comment_status":"closed","ping_status":"closed","template":"","meta":{"_acf_changed":false},"product_brand":[],"product_cat":[1767,1671,1765,1769],"product_tag":[],"brand":[],"class_list":{"0":"post-51135","1":"product","2":"type-product","3":"status-publish","4":"has-post-thumbnail","6":"product_cat-alle-ersatzteile","7":"product_cat-angebote","8":"product_cat-ersatzteile","9":"product_cat-werkzeuge","11":"first","12":"instock","13":"sale","14":"taxable","15":"shipping-taxable","16":"purchasable","17":"product-type-simple"},"acf":[],"_links":{"self":[{"href":"https:\/\/azurefilm.com\/de\/wp-json\/wp\/v2\/product\/51135","targetHints":{"allow":["GET"]}}],"collection":[{"href":"https:\/\/azurefilm.com\/de\/wp-json\/wp\/v2\/product"}],"about":[{"href":"https:\/\/azurefilm.com\/de\/wp-json\/wp\/v2\/types\/product"}],"replies":[{"embeddable":true,"href":"https:\/\/azurefilm.com\/de\/wp-json\/wp\/v2\/comments?post=51135"}],"wp:featuredmedia":[{"embeddable":true,"href":"https:\/\/azurefilm.com\/de\/wp-json\/wp\/v2\/media\/51140"}],"wp:attachment":[{"href":"https:\/\/azurefilm.com\/de\/wp-json\/wp\/v2\/media?parent=51135"}],"wp:term":[{"taxonomy":"product_brand","embeddable":true,"href":"https:\/\/azurefilm.com\/de\/wp-json\/wp\/v2\/product_brand?post=51135"},{"taxonomy":"product_cat","embeddable":true,"href":"https:\/\/azurefilm.com\/de\/wp-json\/wp\/v2\/product_cat?post=51135"},{"taxonomy":"product_tag","embeddable":true,"href":"https:\/\/azurefilm.com\/de\/wp-json\/wp\/v2\/product_tag?post=51135"},{"taxonomy":"brand","embeddable":true,"href":"https:\/\/azurefilm.com\/de\/wp-json\/wp\/v2\/brand?post=51135"}],"curies":[{"name":"wp","href":"https:\/\/api.w.org\/{rel}","templated":true}]}}