
{"id":51141,"date":"2023-10-29T14:15:26","date_gmt":"2023-10-29T14:15:26","guid":{"rendered":"https:\/\/azurefilm.com\/product\/30-klinge-fuer-aluminium\/"},"modified":"2025-10-27T13:30:54","modified_gmt":"2025-10-27T13:30:54","slug":"30-klinge-fuer-aluminium","status":"publish","type":"product","link":"https:\/\/azurefilm.com\/de\/produkt\/30-klinge-fuer-aluminium\/","title":{"rendered":"30\u00b0 Klinge f\u00fcr Aluminium"},"content":{"rendered":"<h2>Eigenschaften:<\/h2>\n<ul>\n<li>30\u00b0 Klinge f\u00fcr Aluminium ist die ideale Wahl, wenn Sie eine \u00fcberlegene Sch\u00e4rfe f\u00fcr einen pr\u00e4zisen Schnitt erreichen m\u00f6chten. Mit 7 Schneidkanten pro Klinge erhalten Sie bei jedem Abbrechen eine neue scharfe Kante. <\/li>\n<li>F\u00fcr maximale Schneidleistung ausgelegt und ideal f\u00fcr Anwendungen, bei denen \u00fcberlegene Sch\u00e4rfe erforderlich ist.<\/li>\n<li>Verpackt in 10 St\u00fcck, erhalten Sie viel f\u00fcr Ihr Geld. Dieses 10er-Pack ist ideal f\u00fcr diejenigen, die nicht h\u00e4ufig Klingen kaufen m\u00f6chten. <\/li>\n<li>Sieben Segmente pro Klinge.<\/li>\n<li>70 x 9 x 0,4 mm<\/li>\n<\/ul>\n<p>&nbsp;<\/p>\n","protected":false},"excerpt":{"rendered":"<p>30\u00b0 Klinge f\u00fcr Aluminium ist f\u00fcr maximale Schneidleistung ausgelegt und ideal f\u00fcr Anwendungen, bei denen \u00fcberlegene Sch\u00e4rfe erforderlich ist.<\/p>\n","protected":false},"featured_media":51147,"comment_status":"closed","ping_status":"closed","template":"","meta":{"_acf_changed":false},"product_brand":[],"product_cat":[1767,1671,1765,1769],"product_tag":[],"brand":[],"class_list":{"0":"post-51141","1":"product","2":"type-product","3":"status-publish","4":"has-post-thumbnail","6":"product_cat-alle-ersatzteile","7":"product_cat-angebote","8":"product_cat-ersatzteile","9":"product_cat-werkzeuge","11":"first","12":"instock","13":"sale","14":"taxable","15":"shipping-taxable","16":"purchasable","17":"product-type-simple"},"acf":[],"_links":{"self":[{"href":"https:\/\/azurefilm.com\/de\/wp-json\/wp\/v2\/product\/51141","targetHints":{"allow":["GET"]}}],"collection":[{"href":"https:\/\/azurefilm.com\/de\/wp-json\/wp\/v2\/product"}],"about":[{"href":"https:\/\/azurefilm.com\/de\/wp-json\/wp\/v2\/types\/product"}],"replies":[{"embeddable":true,"href":"https:\/\/azurefilm.com\/de\/wp-json\/wp\/v2\/comments?post=51141"}],"wp:featuredmedia":[{"embeddable":true,"href":"https:\/\/azurefilm.com\/de\/wp-json\/wp\/v2\/media\/51147"}],"wp:attachment":[{"href":"https:\/\/azurefilm.com\/de\/wp-json\/wp\/v2\/media?parent=51141"}],"wp:term":[{"taxonomy":"product_brand","embeddable":true,"href":"https:\/\/azurefilm.com\/de\/wp-json\/wp\/v2\/product_brand?post=51141"},{"taxonomy":"product_cat","embeddable":true,"href":"https:\/\/azurefilm.com\/de\/wp-json\/wp\/v2\/product_cat?post=51141"},{"taxonomy":"product_tag","embeddable":true,"href":"https:\/\/azurefilm.com\/de\/wp-json\/wp\/v2\/product_tag?post=51141"},{"taxonomy":"brand","embeddable":true,"href":"https:\/\/azurefilm.com\/de\/wp-json\/wp\/v2\/brand?post=51141"}],"curies":[{"name":"wp","href":"https:\/\/api.w.org\/{rel}","templated":true}]}}