
{"id":51149,"date":"2023-10-29T14:15:26","date_gmt":"2023-10-29T14:15:26","guid":{"rendered":"https:\/\/azurefilm.com\/product\/diamond-file-kit\/"},"modified":"2026-02-03T18:13:29","modified_gmt":"2026-02-03T18:13:29","slug":"diamond-file-kit","status":"publish","type":"product","link":"https:\/\/azurefilm.com\/de\/produkt\/diamond-file-kit\/","title":{"rendered":"Diamond File KIT"},"content":{"rendered":"<h2><strong>Spezifikationen:<\/strong><\/h2>\n<ul>\n<li>Farbe: rot und silber<\/li>\n<li>K\u00f6rpermaterial: Schleifmittel<\/li>\n<li>Griffmaterial: PVC<\/li>\n<li>Oberfl\u00e4chenbehandlung: Vernickelung<\/li>\n<li>Gr\u00f6\u00dfe: 4x160mm<\/li>\n<li>Arbeitsl\u00e4nge: 50mm<\/li>\n<\/ul>\n<h2><strong>Hauptmerkmale:<\/strong><\/h2>\n<ul>\n<li>Geeignet f\u00fcr das Schleifen von 3D-Drucken, Jade-Schleifen, Holzschnitzerei, Keramik-Schleifen, Metall-Schleifen usw.<\/li>\n<li>Vernickelte Oberfl\u00e4che, verschlei\u00dffest, hohe Schnittleistung und gute Oberfl\u00e4chenqualit\u00e4t.<\/li>\n<li>Der Griff besteht aus hochwertigem Weichgummi, ergonomisch gestaltet f\u00fcr einen bequemen Griff.<\/li>\n<\/ul>\n<h2><strong>Lieferumfang:<\/strong><\/h2>\n<ul>\n<li>10 Stk x Nadelfeile<\/li>\n<\/ul>\n","protected":false},"excerpt":{"rendered":"<p><strong>Diamond File KIT<\/strong> geeignet f\u00fcr das Schleifen von 3D-Drucken, Jade-Schleifen, Holzschnitzerei, Keramik-Schleifen, Metall-Schleifen usw.<\/p>\n","protected":false},"featured_media":51151,"comment_status":"closed","ping_status":"closed","template":"","meta":{"_acf_changed":false},"product_brand":[],"product_cat":[1767,1671,1765,1769],"product_tag":[],"brand":[],"class_list":{"0":"post-51149","1":"product","2":"type-product","3":"status-publish","4":"has-post-thumbnail","6":"product_cat-alle-ersatzteile","7":"product_cat-angebote","8":"product_cat-ersatzteile","9":"product_cat-werkzeuge","11":"first","12":"instock","13":"sale","14":"taxable","15":"shipping-taxable","16":"purchasable","17":"product-type-simple"},"acf":[],"_links":{"self":[{"href":"https:\/\/azurefilm.com\/de\/wp-json\/wp\/v2\/product\/51149","targetHints":{"allow":["GET"]}}],"collection":[{"href":"https:\/\/azurefilm.com\/de\/wp-json\/wp\/v2\/product"}],"about":[{"href":"https:\/\/azurefilm.com\/de\/wp-json\/wp\/v2\/types\/product"}],"replies":[{"embeddable":true,"href":"https:\/\/azurefilm.com\/de\/wp-json\/wp\/v2\/comments?post=51149"}],"wp:featuredmedia":[{"embeddable":true,"href":"https:\/\/azurefilm.com\/de\/wp-json\/wp\/v2\/media\/51151"}],"wp:attachment":[{"href":"https:\/\/azurefilm.com\/de\/wp-json\/wp\/v2\/media?parent=51149"}],"wp:term":[{"taxonomy":"product_brand","embeddable":true,"href":"https:\/\/azurefilm.com\/de\/wp-json\/wp\/v2\/product_brand?post=51149"},{"taxonomy":"product_cat","embeddable":true,"href":"https:\/\/azurefilm.com\/de\/wp-json\/wp\/v2\/product_cat?post=51149"},{"taxonomy":"product_tag","embeddable":true,"href":"https:\/\/azurefilm.com\/de\/wp-json\/wp\/v2\/product_tag?post=51149"},{"taxonomy":"brand","embeddable":true,"href":"https:\/\/azurefilm.com\/de\/wp-json\/wp\/v2\/brand?post=51149"}],"curies":[{"name":"wp","href":"https:\/\/api.w.org\/{rel}","templated":true}]}}