
{"id":51290,"date":"2023-10-29T14:16:34","date_gmt":"2023-10-29T14:16:34","guid":{"rendered":"https:\/\/azurefilm.com\/product\/uv-licht-fuer-sla-drucker\/"},"modified":"2023-10-29T14:16:34","modified_gmt":"2023-10-29T14:16:34","slug":"uv-licht-fuer-sla-drucker","status":"publish","type":"product","link":"https:\/\/azurefilm.com\/de\/produkt\/uv-licht-fuer-sla-drucker\/","title":{"rendered":"UV-Licht f\u00fcr SLA-Drucker"},"content":{"rendered":"<h2><strong>Hauptmerkmale:<\/strong><\/h2>\n<ul>\n<li>Dieses UV-Licht f\u00fcr SLA-Drucker mit 6 leistungsstarken 405nm UV-LEDs kann 405nm UV-Harz gedruckte Objekte schnell aush\u00e4rten.<\/li>\n<li>Innerhalb von 5 cm zum Licht kann das Harz innerhalb von 10-15 Sekunden aush\u00e4rten, aber dickere Teile ben\u00f6tigen mehr Zeit.<\/li>\n<li>Hochfestes Material, sicher, umweltfreundlich, stark.<\/li>\n<li>Dieses Licht kann in einem DIY-Aush\u00e4rtungsgeh\u00e4use verwendet oder als Handger\u00e4t eingesetzt werden.<\/li>\n<li>Hochintensive LED-UV-Lampen bieten starkes, gleichm\u00e4\u00dfiges und zuverl\u00e4ssiges Aush\u00e4rtungslicht.<\/li>\n<li>Ein\/Aus-Schalter f\u00fcr einfache Bedienung und Kontrolle, Energieeinsparung.<\/li>\n<li>Gute Leuchtkraft und kurze Aush\u00e4rtungszeit. Geeignet f\u00fcr UV-Aush\u00e4rtung, Harzaush\u00e4rtung. Der Griff enth\u00e4lt Befestigungsl\u00f6cher zur Montage auf jeder Oberfl\u00e4che. <\/li>\n<\/ul>\n<h2><strong>Spezifikationen:<\/strong><\/h2>\n<ul>\n<li>Artikeltyp: UV-Harz-Aush\u00e4rtungslicht<\/li>\n<li>Eingangsspannung: 110-260V<\/li>\n<li>Lichtemissionswellenl\u00e4nge: 405nm<\/li>\n<li>Lichtleistung: 6W Leistung und 60W UV-Einfluss<\/li>\n<li>Lampentyp: Hochhelle Fu\u00df-UV-Lampe<\/li>\n<li>Gr\u00f6\u00dfe: 115x85x75mm<\/li>\n<li>Packliste: 1 St\u00fcck<\/li>\n<\/ul>\n","protected":false},"excerpt":{"rendered":"<p><strong>UV-Licht f\u00fcr SLA-Drucker<\/strong> kann Harz innerhalb von 5 cm zum Licht in 10-15 Sekunden aush\u00e4rten.<\/p>\n","protected":false},"featured_media":51291,"comment_status":"closed","ping_status":"closed","template":"","meta":{"_acf_changed":false},"product_brand":[],"product_cat":[1767,1671,1765,1766],"product_tag":[],"brand":[],"class_list":{"0":"post-51290","1":"product","2":"type-product","3":"status-publish","4":"has-post-thumbnail","6":"product_cat-alle-ersatzteile","7":"product_cat-angebote","8":"product_cat-ersatzteile","9":"product_cat-sonstige_artikel","11":"first","12":"instock","13":"sale","14":"taxable","15":"shipping-taxable","16":"purchasable","17":"product-type-simple"},"acf":[],"_links":{"self":[{"href":"https:\/\/azurefilm.com\/de\/wp-json\/wp\/v2\/product\/51290","targetHints":{"allow":["GET"]}}],"collection":[{"href":"https:\/\/azurefilm.com\/de\/wp-json\/wp\/v2\/product"}],"about":[{"href":"https:\/\/azurefilm.com\/de\/wp-json\/wp\/v2\/types\/product"}],"replies":[{"embeddable":true,"href":"https:\/\/azurefilm.com\/de\/wp-json\/wp\/v2\/comments?post=51290"}],"wp:featuredmedia":[{"embeddable":true,"href":"https:\/\/azurefilm.com\/de\/wp-json\/wp\/v2\/media\/51291"}],"wp:attachment":[{"href":"https:\/\/azurefilm.com\/de\/wp-json\/wp\/v2\/media?parent=51290"}],"wp:term":[{"taxonomy":"product_brand","embeddable":true,"href":"https:\/\/azurefilm.com\/de\/wp-json\/wp\/v2\/product_brand?post=51290"},{"taxonomy":"product_cat","embeddable":true,"href":"https:\/\/azurefilm.com\/de\/wp-json\/wp\/v2\/product_cat?post=51290"},{"taxonomy":"product_tag","embeddable":true,"href":"https:\/\/azurefilm.com\/de\/wp-json\/wp\/v2\/product_tag?post=51290"},{"taxonomy":"brand","embeddable":true,"href":"https:\/\/azurefilm.com\/de\/wp-json\/wp\/v2\/brand?post=51290"}],"curies":[{"name":"wp","href":"https:\/\/api.w.org\/{rel}","templated":true}]}}