
{"id":51333,"date":"2023-10-29T14:34:12","date_gmt":"2023-10-29T14:34:12","guid":{"rendered":"https:\/\/azurefilm.com\/product\/nozzle-e3d-v5-v6-m6-10er-pack\/"},"modified":"2023-10-29T14:34:12","modified_gmt":"2023-10-29T14:34:12","slug":"nozzle-e3d-v5-v6-m6-10er-pack","status":"publish","type":"product","link":"https:\/\/azurefilm.com\/de\/produkt\/nozzle-e3d-v5-v6-m6-10er-pack\/","title":{"rendered":"Nozzle E3D V5-V6 M6 (10er Pack)"},"content":{"rendered":"<h4>Nozzle E3D V5-V6 M6 (10er Pack)<\/h4>\n<h3><b>Hauptmerkmale:<\/b><\/h3>\n<ul>\n<li><strong>Vielseitige Filamentkompatibilit\u00e4t:<\/strong> Die E3D V5-V6 M6 D\u00fcse unterst\u00fctzt einen Eingabedurchmesser von 1,75 mm und bietet eine breite Palette von Filamenttypen f\u00fcr optimale Druckflexibilit\u00e4t.<\/li>\n<li><strong>Pr\u00e4zise Ausgabeoptionen:<\/strong> Mit Ausgabedurchmessern von 0,2 mm bis 1,00 mm k\u00f6nnen Benutzer die perfekte D\u00fcsen Gr\u00f6\u00dfe w\u00e4hlen, um das gew\u00fcnschte Detailniveau und die Schichtdicke in ihren 3D-Drucken zu erreichen.<\/li>\n<li><strong>Universelles M6-Gewinde:<\/strong> Das M6-Gewinde sorgt f\u00fcr eine weit verbreitete Kompatibilit\u00e4t und erm\u00f6glicht eine nahtlose Integration mit einer Vielzahl von 3D-Druckern, speziell abgestimmt auf E3D V5 V6 Modelle.<\/li>\n<li><strong>Hochwertige Messingkonstruktion:<\/strong> Hergestellt aus hochwertigem Messingmaterial, sind diese D\u00fcsen nicht nur langlebig, sondern bieten auch eine robuste L\u00f6sung f\u00fcr l\u00e4ngere 3D-Drucksitzungen, die Langlebigkeit und Zuverl\u00e4ssigkeit gew\u00e4hrleisten.<\/li>\n<li><strong>Breites Anwendungsspektrum:<\/strong> Kompatibel mit 1,75 mm PLA- und ABS-Filamenten sind diese D\u00fcsen f\u00fcr ein breites Spektrum von 3D-Druckanwendungen geeignet und erf\u00fcllen die Bed\u00fcrfnisse von sowohl Hobbyisten als auch Profis.<\/li>\n<li><strong>Haltbarkeit und Widerstandsf\u00e4higkeit:<\/strong> Die Konstruktion der D\u00fcsen aus hochwertigem Messing garantiert nicht nur St\u00e4rke, sondern auch Widerstandsf\u00e4higkeit, wodurch sie den Anforderungen verschiedener Druckprojekte, sowohl gro\u00dfer als auch komplexer, standhalten k\u00f6nnen.<\/li>\n<\/ul>\n<p>Zusammenfassend bietet die E3D V5-V6 M6 D\u00fcse ein umfassendes Paket an Funktionen und macht sie zu einem unverzichtbaren Werkzeug f\u00fcr 3D-Druck-Enthusiasten, die Pr\u00e4zision, Anpassungsf\u00e4higkeit und Haltbarkeit in ihren Druckvorhaben suchen.<\/p>\n","protected":false},"excerpt":{"rendered":"<p><strong>Nozzle E3D V5-V6 M6<\/strong> 3D-Druckerd\u00fcsen sind aus hochwertigem Messingmaterial gefertigt, robust und langlebig.<\/p>\n<p>&nbsp;<\/p>\n","protected":false},"featured_media":51335,"comment_status":"closed","ping_status":"closed","template":"","meta":{"_acf_changed":false},"product_brand":[],"product_cat":[1767,1671,1807,1765,1808],"product_tag":[],"brand":[270],"class_list":{"0":"post-51333","1":"product","2":"type-product","3":"status-publish","4":"has-post-thumbnail","6":"product_cat-alle-ersatzteile","7":"product_cat-angebote","8":"product_cat-dusen","9":"product_cat-ersatzteile","10":"product_cat-normale-dusen","11":"pa_nozzle-diameter-0-2mm","12":"pa_nozzle-diameter-0-3mm","13":"pa_nozzle-diameter-0-4mm","14":"pa_nozzle-diameter-0-5mm","15":"pa_nozzle-diameter-0-6mm","16":"pa_nozzle-diameter-0-8mm","17":"pa_nozzle-diameter-1-0mm","18":"brand-creality","20":"first","21":"instock","22":"sale","23":"taxable","24":"shipping-taxable","25":"purchasable","26":"product-type-variable"},"acf":[],"_links":{"self":[{"href":"https:\/\/azurefilm.com\/de\/wp-json\/wp\/v2\/product\/51333","targetHints":{"allow":["GET"]}}],"collection":[{"href":"https:\/\/azurefilm.com\/de\/wp-json\/wp\/v2\/product"}],"about":[{"href":"https:\/\/azurefilm.com\/de\/wp-json\/wp\/v2\/types\/product"}],"replies":[{"embeddable":true,"href":"https:\/\/azurefilm.com\/de\/wp-json\/wp\/v2\/comments?post=51333"}],"wp:featuredmedia":[{"embeddable":true,"href":"https:\/\/azurefilm.com\/de\/wp-json\/wp\/v2\/media\/51335"}],"wp:attachment":[{"href":"https:\/\/azurefilm.com\/de\/wp-json\/wp\/v2\/media?parent=51333"}],"wp:term":[{"taxonomy":"product_brand","embeddable":true,"href":"https:\/\/azurefilm.com\/de\/wp-json\/wp\/v2\/product_brand?post=51333"},{"taxonomy":"product_cat","embeddable":true,"href":"https:\/\/azurefilm.com\/de\/wp-json\/wp\/v2\/product_cat?post=51333"},{"taxonomy":"product_tag","embeddable":true,"href":"https:\/\/azurefilm.com\/de\/wp-json\/wp\/v2\/product_tag?post=51333"},{"taxonomy":"brand","embeddable":true,"href":"https:\/\/azurefilm.com\/de\/wp-json\/wp\/v2\/brand?post=51333"}],"curies":[{"name":"wp","href":"https:\/\/api.w.org\/{rel}","templated":true}]}}