
{"id":51334,"date":"2023-10-29T14:33:26","date_gmt":"2023-10-29T14:33:26","guid":{"rendered":"https:\/\/azurefilm.com\/product\/ptfe-tube-cutter-mini\/"},"modified":"2025-11-20T13:17:26","modified_gmt":"2025-11-20T13:17:26","slug":"ptfe-tube-cutter-mini","status":"publish","type":"product","link":"https:\/\/azurefilm.com\/de\/produkt\/ptfe-tube-cutter-mini\/","title":{"rendered":"PTFE Tube Cutter Mini"},"content":{"rendered":"<p><strong>PTFE Tube Cutter Mini<\/strong><\/p>\n<p>Beim Schneiden von PTFE-Schl\u00e4uchen stellen Sie sicher, dass Sie es richtig machen. Ein Bowden-Schlauch mit einem schlechten Schnitt kann ein Grund f\u00fcr Verstopfungen am Hotend sein. PTFE Tube Cutter Mini erm\u00f6glicht es Ihnen, jeden PTFE-Schlauch schnell und effizient auszurichten und zu schneiden, um einen sauberen und perfekt quadratischen Schnitt zu erzielen.<br \/>\nDazu m\u00fcssen Sie nur die Klemme \u00f6ffnen, den Schlauch einf\u00fchren und ausrichten, ihn zusammendr\u00fccken und die scharfe Edelstahlklinge den Schnitt machen lassen.  <\/p>\n<p><img decoding=\"async\" style=\"height: 375px; width: 600px;\" src=\"https:\/\/azurefilm.com\/wp-content\/uploads\/2023\/10\/2Q\" alt=\"\" title=\"\"><br \/>\n\u2714\ufe0f Dieser PTFE Tube Cutter Mini ist einfach und sicher zu verwenden, langlebig und wasserdicht. \u2714\ufe0f Kann auch verwendet werden, um Filament in verschiedene L\u00e4ngen zu schneiden, je nachdem, wie lang Sie es ben\u00f6tigen. \u2714\ufe0f Verf\u00fcgt \u00fcber eine Edelstahlklinge und eine Feder. Das Geh\u00e4use besteht aus robustem, langlebigem Kunststoff. \u2714\ufe0f Passt f\u00fcr Schl\u00e4uche bis zu einem Durchmesser von 6 mm. Geeignet f\u00fcr PE- oder PU-Schl\u00e4uche, kann in verschiedene L\u00e4ngen geschnitten werden, PE-Rohr und PU-Trachea nach Bedarf. (Verwenden Sie es jedoch nicht als Drahtschneider, da Sie sonst die Klinge stumpf machen.) \u2714\ufe0f Um Ihren Bowden-Schlauch richtig zu befestigen, ist es unerl\u00e4sslich, ein sauberes, quadratisches Ende zu haben. Ohne dies riskieren Sie ein Auslaufen oder schlimmer noch, eine Verstopfung im Hotend. \u2714\ufe0f Dieser super-scharfe Schlauchschneider ist das perfekte Werkzeug, um jedes Mal einen sauberen, quadratischen Schnitt in Ihrem Schlauch zu erzielen.<\/p>\n<p>&nbsp;<\/p>\n<p>&nbsp;<\/p>\n","protected":false},"excerpt":{"rendered":"<p>PTFE Tube Cutter Mini erm\u00f6glicht es Ihnen, jeden PTFE-Schlauch schnell und effizient auszurichten und zu schneiden, um einen sauberen und perfekt quadratischen Schnitt zu erzielen.<\/p>\n","protected":false},"featured_media":51339,"comment_status":"closed","ping_status":"closed","template":"","meta":{"_acf_changed":false},"product_brand":[],"product_cat":[1671,1767,1855,1765],"product_tag":[],"brand":[],"class_list":{"0":"post-51334","1":"product","2":"type-product","3":"status-publish","4":"has-post-thumbnail","6":"product_cat-angebote","7":"product_cat-alle-ersatzteile","8":"product_cat-bowden-schlauche","9":"product_cat-ersatzteile","11":"first","12":"instock","13":"sale","14":"taxable","15":"shipping-taxable","16":"purchasable","17":"product-type-simple"},"acf":[],"_links":{"self":[{"href":"https:\/\/azurefilm.com\/de\/wp-json\/wp\/v2\/product\/51334","targetHints":{"allow":["GET"]}}],"collection":[{"href":"https:\/\/azurefilm.com\/de\/wp-json\/wp\/v2\/product"}],"about":[{"href":"https:\/\/azurefilm.com\/de\/wp-json\/wp\/v2\/types\/product"}],"replies":[{"embeddable":true,"href":"https:\/\/azurefilm.com\/de\/wp-json\/wp\/v2\/comments?post=51334"}],"wp:featuredmedia":[{"embeddable":true,"href":"https:\/\/azurefilm.com\/de\/wp-json\/wp\/v2\/media\/51339"}],"wp:attachment":[{"href":"https:\/\/azurefilm.com\/de\/wp-json\/wp\/v2\/media?parent=51334"}],"wp:term":[{"taxonomy":"product_brand","embeddable":true,"href":"https:\/\/azurefilm.com\/de\/wp-json\/wp\/v2\/product_brand?post=51334"},{"taxonomy":"product_cat","embeddable":true,"href":"https:\/\/azurefilm.com\/de\/wp-json\/wp\/v2\/product_cat?post=51334"},{"taxonomy":"product_tag","embeddable":true,"href":"https:\/\/azurefilm.com\/de\/wp-json\/wp\/v2\/product_tag?post=51334"},{"taxonomy":"brand","embeddable":true,"href":"https:\/\/azurefilm.com\/de\/wp-json\/wp\/v2\/brand?post=51334"}],"curies":[{"name":"wp","href":"https:\/\/api.w.org\/{rel}","templated":true}]}}