
{"id":51396,"date":"2023-10-29T14:35:02","date_gmt":"2023-10-29T14:35:02","guid":{"rendered":"https:\/\/azurefilm.com\/product\/sprite-extruder-fuer-ender-3-s1-creality\/"},"modified":"2023-10-29T14:35:02","modified_gmt":"2023-10-29T14:35:02","slug":"sprite-extruder-fuer-ender-3-s1-creality","status":"publish","type":"product","link":"https:\/\/azurefilm.com\/de\/produkt\/sprite-extruder-fuer-ender-3-s1-creality\/","title":{"rendered":"Sprite Extruder f\u00fcr Ender 3 S1 Creality"},"content":{"rendered":"<p>OHNE KABEL UND R\u00c4DER! Kleiner Extruder, gro\u00dfe Leistung Trotz seiner geringen Gr\u00f6\u00dfe von nur 54 x 50 x 64,3 mm und einem Gewicht von nur 266 g ist der Sprite Extruder eine leistungsstarke Kombination aus Extruder und Hotend, die viele praktische Funktionen bietet. Direktantrieb &amp; Bowden-Extrusion f\u00fcr h\u00f6here Filamentkompatibilit\u00e4t Der Extruder kann sowohl mit Direktantrieb als auch mit Bowden-Filamentzuf\u00fchrung verwendet werden, um den Druckanforderungen beider Benutzer gerecht zu werden. Neben &#8220;normalen&#8221; Filamenten wie PLA oder PET-G k\u00f6nnen auch spezielle Materialien wie flexible Filamente problemlos gedruckt werden.<\/p>\n","protected":false},"excerpt":{"rendered":"<p>Extruder f\u00fcr 3D-Drucker Ender 3 S1 Kleiner Extruder, gro\u00dfe Kapazit\u00e4t<\/p>\n","protected":false},"featured_media":51397,"comment_status":"closed","ping_status":"closed","template":"","meta":{"_acf_changed":false},"product_brand":[],"product_cat":[1671,1741],"product_tag":[],"brand":[],"class_list":{"0":"post-51396","1":"product","2":"type-product","3":"status-publish","4":"has-post-thumbnail","6":"product_cat-angebote","7":"product_cat-nicht-kategorisiert","9":"first","10":"outofstock","11":"sale","12":"taxable","13":"shipping-taxable","14":"purchasable","15":"product-type-simple"},"acf":[],"_links":{"self":[{"href":"https:\/\/azurefilm.com\/de\/wp-json\/wp\/v2\/product\/51396","targetHints":{"allow":["GET"]}}],"collection":[{"href":"https:\/\/azurefilm.com\/de\/wp-json\/wp\/v2\/product"}],"about":[{"href":"https:\/\/azurefilm.com\/de\/wp-json\/wp\/v2\/types\/product"}],"replies":[{"embeddable":true,"href":"https:\/\/azurefilm.com\/de\/wp-json\/wp\/v2\/comments?post=51396"}],"wp:featuredmedia":[{"embeddable":true,"href":"https:\/\/azurefilm.com\/de\/wp-json\/wp\/v2\/media\/51397"}],"wp:attachment":[{"href":"https:\/\/azurefilm.com\/de\/wp-json\/wp\/v2\/media?parent=51396"}],"wp:term":[{"taxonomy":"product_brand","embeddable":true,"href":"https:\/\/azurefilm.com\/de\/wp-json\/wp\/v2\/product_brand?post=51396"},{"taxonomy":"product_cat","embeddable":true,"href":"https:\/\/azurefilm.com\/de\/wp-json\/wp\/v2\/product_cat?post=51396"},{"taxonomy":"product_tag","embeddable":true,"href":"https:\/\/azurefilm.com\/de\/wp-json\/wp\/v2\/product_tag?post=51396"},{"taxonomy":"brand","embeddable":true,"href":"https:\/\/azurefilm.com\/de\/wp-json\/wp\/v2\/brand?post=51396"}],"curies":[{"name":"wp","href":"https:\/\/api.w.org\/{rel}","templated":true}]}}