
{"id":51403,"date":"2023-10-29T14:35:02","date_gmt":"2023-10-29T14:35:02","guid":{"rendered":"https:\/\/azurefilm.com\/product\/steel-nozzle-mk8-10er-pack\/"},"modified":"2023-10-29T14:35:02","modified_gmt":"2023-10-29T14:35:02","slug":"steel-nozzle-mk8-10er-pack","status":"publish","type":"product","link":"https:\/\/azurefilm.com\/de\/produkt\/steel-nozzle-mk8-10er-pack\/","title":{"rendered":"Steel Nozzle MK8 (10er-Pack)"},"content":{"rendered":"<h4>Steel Nozzle MK8 (10er-Pack)<\/h4>\n<h3><b>Hauptmerkmale:<\/b><\/h3>\n<p>Das Steel Nozzle MK8 (10er-Pack) ist eine zuverl\u00e4ssige Wahl f\u00fcr 3D-Druck-Enthusiasten und bietet wichtige Funktionen, die die Druckleistung verbessern:<\/p>\n<ul>\n<li><strong>Optimale Gr\u00f6\u00dfe und Extrusion:<\/strong> Mit einer Gr\u00f6\u00dfe von 1,75 mm Eingangs- und 0,4 mm Extruderd\u00fcsen verhindert dieses D\u00fcsenset effektiv das Auslaufen des Druckkopfs und sorgt f\u00fcr einen gleichm\u00e4\u00dfigen und pr\u00e4zisen Extrusionsprozess. Das Ergebnis sind glatte und gl\u00e4nzend polierte Drucke, die den hohen Standards im 3D-Druck entsprechen. <\/li>\n<li><strong>Hochwertiger Edelstahl:<\/strong> Gefertigt aus erstklassigem Edelstahl, sind diese D\u00fcsen rost- und korrosionsbest\u00e4ndig und bieten Haltbarkeit und Langlebigkeit. Die robuste Konstruktion sorgt f\u00fcr ein zuverl\u00e4ssiges und stabiles Druckerlebnis \u00fcber die Zeit. <\/li>\n<li><strong>Breite Kompatibilit\u00e4t:<\/strong> Kompatibel mit einer Reihe beliebter Creality 3D-Drucker, einschlie\u00dflich Creality CR-10 V2, Creality Ender-Serie und mehr. Diese breite Kompatibilit\u00e4t stellt sicher, dass Benutzer mit verschiedenen Creality-Modellen von der Leistung und Zuverl\u00e4ssigkeit dieser Edelstahld\u00fcsen profitieren k\u00f6nnen. <\/li>\n<li><strong>Einfache Installation:<\/strong> Die D\u00fcsen sind f\u00fcr eine unkomplizierte Installation konzipiert, was es den Benutzern erleichtert, ihre vorhandenen D\u00fcsen ohne Komplikationen zu ersetzen oder aufzur\u00fcsten.<\/li>\n<li><strong>Kosteneffizientes 10er-Pack:<\/strong> Das Paket enth\u00e4lt 10 Edelstahld\u00fcsen und bietet den Benutzern eine kosteng\u00fcnstige L\u00f6sung f\u00fcr mehrere Ersatzteile oder f\u00fcr diejenigen, die gerne Ersatzd\u00fcsen zur Hand haben. Diese Bulk-Option bietet langfristigen Wert f\u00fcr 3D-Druck-Enthusiasten. <\/li>\n<\/ul>\n<p>Zusammenfassend kombiniert das Steel Nozzle MK8 (10er-Pack) pr\u00e4zise Extrusion, hochwertige Materialien, breite Kompatibilit\u00e4t und Kosteneffizienz und ist somit eine ausgezeichnete Wahl f\u00fcr Benutzer von Creality 3D-Druckern, die zuverl\u00e4ssige und konsistente 3D-Druckergebnisse suchen.<\/p>\n","protected":false},"excerpt":{"rendered":"<p>Steel Nozzle MK8 (10er-Pack) sind Extruderd\u00fcsen, die ein Auslaufen des Druckkopfs effektiv verhindern und konsistente Drucke mit glatter und gl\u00e4nzender Oberfl\u00e4che erzeugen.<\/p>\n","protected":false},"featured_media":51404,"comment_status":"closed","ping_status":"closed","template":"","meta":{"_acf_changed":false},"product_brand":[],"product_cat":[1767,1671,1807,1765,1808],"product_tag":[],"brand":[],"class_list":{"0":"post-51403","1":"product","2":"type-product","3":"status-publish","4":"has-post-thumbnail","6":"product_cat-alle-ersatzteile","7":"product_cat-angebote","8":"product_cat-dusen","9":"product_cat-ersatzteile","10":"product_cat-normale-dusen","11":"pa_compatible-with-creality-fdm-3d-printers","12":"pa_fits-printer-creality-cr-10","13":"pa_fits-printer-creality-ender-3","15":"first","16":"instock","17":"sale","18":"taxable","19":"shipping-taxable","20":"purchasable","21":"product-type-simple"},"acf":[],"_links":{"self":[{"href":"https:\/\/azurefilm.com\/de\/wp-json\/wp\/v2\/product\/51403","targetHints":{"allow":["GET"]}}],"collection":[{"href":"https:\/\/azurefilm.com\/de\/wp-json\/wp\/v2\/product"}],"about":[{"href":"https:\/\/azurefilm.com\/de\/wp-json\/wp\/v2\/types\/product"}],"replies":[{"embeddable":true,"href":"https:\/\/azurefilm.com\/de\/wp-json\/wp\/v2\/comments?post=51403"}],"wp:featuredmedia":[{"embeddable":true,"href":"https:\/\/azurefilm.com\/de\/wp-json\/wp\/v2\/media\/51404"}],"wp:attachment":[{"href":"https:\/\/azurefilm.com\/de\/wp-json\/wp\/v2\/media?parent=51403"}],"wp:term":[{"taxonomy":"product_brand","embeddable":true,"href":"https:\/\/azurefilm.com\/de\/wp-json\/wp\/v2\/product_brand?post=51403"},{"taxonomy":"product_cat","embeddable":true,"href":"https:\/\/azurefilm.com\/de\/wp-json\/wp\/v2\/product_cat?post=51403"},{"taxonomy":"product_tag","embeddable":true,"href":"https:\/\/azurefilm.com\/de\/wp-json\/wp\/v2\/product_tag?post=51403"},{"taxonomy":"brand","embeddable":true,"href":"https:\/\/azurefilm.com\/de\/wp-json\/wp\/v2\/brand?post=51403"}],"curies":[{"name":"wp","href":"https:\/\/api.w.org\/{rel}","templated":true}]}}