
{"id":51748,"date":"2023-10-29T14:39:30","date_gmt":"2023-10-29T14:39:30","guid":{"rendered":"https:\/\/azurefilm.com\/?post_type=product&#038;p=51748"},"modified":"2025-03-12T07:30:15","modified_gmt":"2025-03-12T07:30:15","slug":"lumberlay-glitter-filament-kork","status":"publish","type":"product","link":"https:\/\/azurefilm.com\/de\/produkt\/lumberlay-glitter-filament-kork\/","title":{"rendered":"LumberLay Glitter Filament Kork"},"content":{"rendered":"<h2><b>PLA Glitter<\/b><\/h2>\n<p><span style=\"font-weight: 400;\">Einf\u00fchrung unserer PLA Glitter Filamente. Dieses Material besteht aus unserem PLA Original und enth\u00e4lt <\/span><b>Glitzerpartikel<\/b><span style=\"font-weight: 400;\"> f\u00fcr einen schillernderen Effekt bei Ihren Drucken. Da PLA Glitter wie normales PLA ist, ist es <\/span><b>biologisch abbaubar<\/b><span style=\"font-weight: 400;\">, sehr <\/span><b>einfach zu verarbeiten<\/b><span style=\"font-weight: 400;\"> und liefert <\/span><b>konstante Ergebnisse<\/b><span style=\"font-weight: 400;\">. However, there is one thing to be careful about when printing with PLA Glitter filaments. The glitter particles are slightly abrasive so <\/span><b>wir empfehlen die Verwendung einer 0,6mm abriebfesten D\u00fcse<\/b><span style=\"font-weight: 400;\">. <\/span><\/p>\n<h2><b>LumberLay<\/b><\/h2>\n<p><span style=\"font-weight: 400;\">Lernen Sie unsere LumberLay-Filamente kennen &#8211; ein einzigartiges Material, das das <\/span><b>Aussehen und Gef\u00fchl von echtem Holz<\/b> hat<span style=\"font-weight: 400;\">. LumberLay combines <\/span><b>40% recyceltes Holz<\/b><span style=\"font-weight: 400;\"> und 60% PLA-Filament. Aufgrund dieser Mischung haben Ihre Drucke das <\/span><b>Aussehen von nat\u00fcrlichem Holz<\/b><span style=\"font-weight: 400;\">, und die physikalischen Eigenschaften des Produkts werden extrem \u00e4hnlich wie bei nat\u00fcrlichem Holz sein. Der einzige Nachteil dieses Filaments ist, dass es aufgrund seiner Struktur dazu neigt, die D\u00fcse abzunutzen. Deshalb <\/span><b>empfehlen wir die Verwendung einer mindestens 0,6 mm abriebfesten D\u00fcse<\/b><span style=\"font-weight: 400;\">.<\/span><\/p>\n<h2><strong>LumberLay Glitter Filament Kork<\/strong><\/h2>\n<p>Erwecken Sie das Gef\u00fchl einer sch\u00f6nen, gem\u00fctlichen Atmosph\u00e4re und drucken Sie mit unserem LumberLay Glitter Filament Kork.<\/p>\n<p><span style=\"font-weight: 400;\">Um mehr \u00fcber PLA Filamente zu erfahren, lesen Sie unseren <a href=\"https:\/\/azurefilm.com\/de\/2023\/07\/04\/pla-filamente-alles-was-sie-wissen-muessen\/\" target=\"_blank\" rel=\"noopener\">Blog<\/a>. <\/span><\/p>\n<p><span style=\"font-weight: 400;\">Sie k\u00f6nnen das <\/span><b>Technische Datenblatt<\/b> <span style=\"font-weight: 400;\"><a href=\"https:\/\/azurefilm.com\/de\/technical-data-sheets\/?_gl=1*ogur1a*_up*MQ..*_ga*MTA2OTQ5MDAzNC4xNzMyNTIxMzMz*_ga_P213FF6C6P*MTczMjUyMTMzMS4xLjAuMTczMjUyMTMzMS4wLjAuMA..\" target=\"_blank\" rel=\"noopener\">hier<\/a>.<\/span><\/p>\n<h3><strong>Druckempfehlungen:<\/strong><\/h3>\n<ul>\n<li><strong>Der Filament muss vor der Verwendung getrocknet werden (8 Stunden bei 55\u00b0C).<\/strong><\/li>\n<li><strong>Wir empfehlen die Verwendung einer mindestens 0,6 mm D\u00fcse, um Verstopfungen zu vermeiden<i>.<\/i><\/strong><\/li>\n<li><span style=\"font-weight: 400;\">Drucken Sie bei einer Temperatur von 200\u2013230\u00b0C f\u00fcr beste Ergebnisse. <\/span><\/li>\n<li><span style=\"font-weight: 400;\">Sie ben\u00f6tigen kein beheiztes Bett, wir empfehlen jedoch, Ihren Drucktisch auf 50\u201360\u00b0C vorzuheizen. <\/span><\/li>\n<li><span style=\"font-weight: 400;\">Verwenden Sie ein Glasbett, eine PEI-Folie, Kapton oder Blaues Klebeband f\u00fcr die Bauplattform mit 3Dlac-Spray.<\/span><\/li>\n<\/ul>\n<p><i><span style=\"font-weight: 400;\">*Die ideale Temperatur kann je nach verwendetem Drucker variieren.<\/span><\/i><\/p>\n","protected":false},"excerpt":{"rendered":"<p>Erwecken Sie das Gef\u00fchl einer sch\u00f6nen, gem\u00fctlichen Atmosph\u00e4re und drucken Sie mit unserem LumberLay Glitter Filament Kork.<\/p>\n<p><b>Hinweis: <\/b><span style=\"font-weight: 400;\">Aufgrund nat\u00fcrlicher Variationen in den Holzfasern kann es zwischen den Chargen der LumberLay-Filamente zu geringf\u00fcgigen Farbabweichungen kommen. <\/span><\/p>\n","protected":false},"featured_media":48654,"comment_status":"closed","ping_status":"closed","template":"","meta":{"_acf_changed":false},"product_brand":[],"product_cat":[2020,1669,1672,1991,1670],"product_tag":[],"brand":[267],"class_list":{"0":"post-51748","1":"product","2":"type-product","3":"status-publish","4":"has-post-thumbnail","6":"product_cat-pla-glitter-de","7":"product_cat-3d-filamente","8":"product_cat-alle-filamente","9":"product_cat-lumberlay-filamente","10":"product_cat-pla-filamente","11":"pa_colour-brown","12":"pa_filament-diameter-1-75mm","13":"pa_filament-weight-750g","14":"brand-azurefilm","16":"first","17":"outofstock","18":"taxable","19":"shipping-taxable","20":"purchasable","21":"product-type-variable","22":"has-default-attributes"},"acf":[],"_links":{"self":[{"href":"https:\/\/azurefilm.com\/de\/wp-json\/wp\/v2\/product\/51748","targetHints":{"allow":["GET"]}}],"collection":[{"href":"https:\/\/azurefilm.com\/de\/wp-json\/wp\/v2\/product"}],"about":[{"href":"https:\/\/azurefilm.com\/de\/wp-json\/wp\/v2\/types\/product"}],"replies":[{"embeddable":true,"href":"https:\/\/azurefilm.com\/de\/wp-json\/wp\/v2\/comments?post=51748"}],"wp:featuredmedia":[{"embeddable":true,"href":"https:\/\/azurefilm.com\/de\/wp-json\/wp\/v2\/media\/48654"}],"wp:attachment":[{"href":"https:\/\/azurefilm.com\/de\/wp-json\/wp\/v2\/media?parent=51748"}],"wp:term":[{"taxonomy":"product_brand","embeddable":true,"href":"https:\/\/azurefilm.com\/de\/wp-json\/wp\/v2\/product_brand?post=51748"},{"taxonomy":"product_cat","embeddable":true,"href":"https:\/\/azurefilm.com\/de\/wp-json\/wp\/v2\/product_cat?post=51748"},{"taxonomy":"product_tag","embeddable":true,"href":"https:\/\/azurefilm.com\/de\/wp-json\/wp\/v2\/product_tag?post=51748"},{"taxonomy":"brand","embeddable":true,"href":"https:\/\/azurefilm.com\/de\/wp-json\/wp\/v2\/brand?post=51748"}],"curies":[{"name":"wp","href":"https:\/\/api.w.org\/{rel}","templated":true}]}}