
{"id":51755,"date":"2023-10-29T14:39:30","date_gmt":"2023-10-29T14:39:30","guid":{"rendered":"https:\/\/azurefilm.com\/product\/3d-pen-10-pack-rainbow-5m-pro-stueck\/"},"modified":"2024-11-25T09:25:03","modified_gmt":"2024-11-25T09:25:03","slug":"3d-pen-10-pack-rainbow-5m-pro-stueck","status":"publish","type":"product","link":"https:\/\/azurefilm.com\/de\/produkt\/3d-pen-10-pack-rainbow-5m-pro-stueck\/","title":{"rendered":"3D Pen 10-pack Rainbow 5m pro St\u00fcck"},"content":{"rendered":"<h2><b>PLA Original 5m pro St\u00fcck<\/b><\/h2>\n<p><span style=\"font-weight: 400;\">Einf\u00fchrung von PLA Original, unserer<\/span> <span style=\"font-weight: 400;\">Filamentlinie, die<\/span><b>zuverl\u00e4ssige Leistung<\/b><span style=\"font-weight: 400;\"> und eine<\/span><b>gro\u00dfe Farbpalette<\/b><span style=\"font-weight: 400;\"> Optionen. Diese Edition bietet alle traditionellen PLA-Eigenschaften und liefert <\/span><b>konsistente und zuverl\u00e4ssige Ergebnisse<\/b><span style=\"font-weight: 400;\">. PLA Original is <\/span><b>einfach zu drucken<\/b><span style=\"font-weight: 400;\"> und ist ideal f\u00fcr Anf\u00e4nger. Ob Sie an Dekorationen, Prototypen oder anderen Modellen arbeiten, PLA Original ist Ihre erste Wahl f\u00fcr ein erfolgreiches und zufriedenstellendes Druckerlebnis. <\/span><\/p>\n<h2><strong>3D Pen 10-pack Rainbow 5m pro St\u00fcck<\/strong><\/h2>\n<p>3D-Druck war noch nie so unterhaltsam und m\u00fchelos wie mit unserem 3D Pen 10-pack Rainbow. Entfesseln Sie Ihre Kreativit\u00e4t und beginnen Sie mit dem Drucken mit schwarzem, violettem, blauem, grauem, gr\u00fcnem, gelbem, orangem, rotem, rosa und wei\u00dfem Filament.<\/p>\n<p><span style=\"font-weight: 400;\">Um mehr \u00fcber PLA-Filamente zu erfahren, lesen Sie unseren <\/span><a href=\"https:\/\/azurefilm.com\/de\/2023\/07\/04\/pla-filamente-alles-was-sie-wissen-muessen\/\" target=\"_blank\" rel=\"noopener\"><strong>Blog<\/strong><\/a><span style=\"font-weight: 400;\">. <\/span><\/p>\n<p><span style=\"font-weight: 400;\">Sie k\u00f6nnen das <\/span><b>Technische Datenblatt<\/b> <span style=\"font-weight: 400;\"><a href=\"https:\/\/azurefilm.com\/de\/technical-data-sheets\/?_gl=1*ogur1a*_up*MQ..*_ga*MTA2OTQ5MDAzNC4xNzMyNTIxMzMz*_ga_P213FF6C6P*MTczMjUyMTMzMS4xLjAuMTczMjUyMTMzMS4wLjAuMA..\"><strong> hier<\/strong><\/a>.<\/span><\/p>\n<h3><strong>Druckempfehlungen:<\/strong><\/h3>\n<ul>\n<li style=\"font-weight: 400;\" aria-level=\"1\"><span style=\"font-weight: 400;\">Drucken Sie bei einer Temperatur von 200\u2013230\u00b0C f\u00fcr beste Ergebnisse.* <\/span><\/li>\n<li style=\"font-weight: 400;\" aria-level=\"1\"><span style=\"font-weight: 400;\">Sie ben\u00f6tigen keine beheizte Druckplatte, wir empfehlen jedoch, Ihre Druckplatte auf 50\u201360\u00b0C vorzuheizen.<\/span><\/li>\n<li style=\"font-weight: 400;\" aria-level=\"1\"><span style=\"font-weight: 400;\">Verwenden Sie ein Glasbett, eine PEI-Folie, Kapton oder Blaues Klebeband f\u00fcr die Bauplattform mit 3Dlac-Spray.<\/span><\/li>\n<\/ul>\n<p><i><span style=\"font-weight: 400;\">*Die ideale Temperatur kann je nach verwendetem Drucker variieren.<\/span><\/i><\/p>\n","protected":false},"excerpt":{"rendered":"<p>3D-Druck war noch nie so unterhaltsam und m\u00fchelos wie mit unserem 3D Pen 10-pack Rainbow. Entfesseln Sie Ihre Kreativit\u00e4t und beginnen Sie mit dem Drucken mit schwarzem, violettem, blauem, grauem, gr\u00fcnem, gelbem, orangem, rotem, rosa und wei\u00dfem Filament.<\/p>\n","protected":false},"featured_media":51757,"comment_status":"closed","ping_status":"closed","template":"","meta":{"_acf_changed":false},"product_brand":[],"product_cat":[2034,1669,1672,1671,2035],"product_tag":[],"brand":[],"class_list":{"0":"post-51755","1":"product","2":"type-product","3":"status-publish","4":"has-post-thumbnail","6":"product_cat-3d-pen-filamente","7":"product_cat-3d-filamente","8":"product_cat-alle-filamente","9":"product_cat-angebote","10":"product_cat-vorteilspacks","12":"first","13":"outofstock","14":"sale","15":"taxable","16":"shipping-taxable","17":"purchasable","18":"product-type-simple"},"acf":[],"_links":{"self":[{"href":"https:\/\/azurefilm.com\/de\/wp-json\/wp\/v2\/product\/51755","targetHints":{"allow":["GET"]}}],"collection":[{"href":"https:\/\/azurefilm.com\/de\/wp-json\/wp\/v2\/product"}],"about":[{"href":"https:\/\/azurefilm.com\/de\/wp-json\/wp\/v2\/types\/product"}],"replies":[{"embeddable":true,"href":"https:\/\/azurefilm.com\/de\/wp-json\/wp\/v2\/comments?post=51755"}],"wp:featuredmedia":[{"embeddable":true,"href":"https:\/\/azurefilm.com\/de\/wp-json\/wp\/v2\/media\/51757"}],"wp:attachment":[{"href":"https:\/\/azurefilm.com\/de\/wp-json\/wp\/v2\/media?parent=51755"}],"wp:term":[{"taxonomy":"product_brand","embeddable":true,"href":"https:\/\/azurefilm.com\/de\/wp-json\/wp\/v2\/product_brand?post=51755"},{"taxonomy":"product_cat","embeddable":true,"href":"https:\/\/azurefilm.com\/de\/wp-json\/wp\/v2\/product_cat?post=51755"},{"taxonomy":"product_tag","embeddable":true,"href":"https:\/\/azurefilm.com\/de\/wp-json\/wp\/v2\/product_tag?post=51755"},{"taxonomy":"brand","embeddable":true,"href":"https:\/\/azurefilm.com\/de\/wp-json\/wp\/v2\/brand?post=51755"}],"curies":[{"name":"wp","href":"https:\/\/api.w.org\/{rel}","templated":true}]}}