
{"id":51849,"date":"2023-10-29T14:41:10","date_gmt":"2023-10-29T14:41:10","guid":{"rendered":"https:\/\/azurefilm.com\/product\/liqcreate-premium-tough-milky-white-resin\/"},"modified":"2023-10-29T14:41:10","modified_gmt":"2023-10-29T14:41:10","slug":"liqcreate-premium-tough-milky-white-resin","status":"publish","type":"product","link":"https:\/\/azurefilm.com\/de\/produkt\/liqcreate-premium-tough-milky-white-resin\/","title":{"rendered":"Liqcreate Premium Tough Milky White Resin"},"content":{"rendered":"<h2><b>Liqcreate Premium Tough Milky White Resin<\/b><b><br \/>\n<\/b><\/h2>\n<p><span style=\"font-weight: 400;\">Einf\u00fchrung von Liqcreate Premium Tough Milky White \u2013 ein <\/span><b>widerstandsf\u00e4higes <\/b><span style=\"font-weight: 400;\">und <\/span><b>schlagfestes<\/b><span style=\"font-weight: 400;\">  Resin, das f\u00fcr Liquid Crystal Display (LCD) und Digital Light Processing (DLP) 3D-Drucker entwickelt wurde. Dieses Resin ist die perfekte Wahl f\u00fcr   <\/span><b>die Herstellung funktionaler Prototypen<\/b><span style=\"font-weight: 400;\"> und <\/span><b>industrieller Ersatzteile<\/b><span style=\"font-weight: 400;\">, die Haltbarkeit erfordern.<\/span> <span style=\"font-weight: 400;\">Anfangs transparent, verwandelt sich Liqcreate Premium Tough w\u00e4hrend der Polymerisation in ein sch\u00f6nes milchiges Wei\u00df und einen robusten Polymer, der au\u00dfergew\u00f6hnliche Schlagfestigkeit und <\/span><b>Kratzerbest\u00e4ndigkeit<\/b><span style=\"font-weight: 400;\"> gew\u00e4hrleistet.<\/span><\/p>\n<p><span style=\"font-weight: 400;\">Kompatibel mit allen Open-Source-DLP- und LCD-3D-Druckern im Bereich von 385 \u2013 420 nm bietet dieses Resin eine einfache Handhabung.<\/span><\/p>\n<h3><strong>Eigenschaften:<\/strong><\/h3>\n<ul>\n<li style=\"font-weight: 400;\" aria-level=\"1\"><span style=\"font-weight: 400;\">Langlebig<\/span><\/li>\n<li style=\"font-weight: 400;\" aria-level=\"1\"><span style=\"font-weight: 400;\">Kratzerbest\u00e4ndig<\/span><\/li>\n<li style=\"font-weight: 400;\" aria-level=\"1\"><span style=\"font-weight: 400;\">Funktional<\/span><\/li>\n<\/ul>\n<p><img decoding=\"async\" class=\"alignnone size-medium wp-image-18502\" src=\"https:\/\/azurefilm.com\/wp-content\/uploads\/2023\/10\/Liqcreate_Premium_Tough_Properties-Enhanced-SR.jpg\" alt=\"  width=\" height=\"305\" title=\"\"><\/p>\n","protected":false},"excerpt":{"rendered":"<p>Erzeugen Sie schlagfeste und langlebige industrielle Ersatzteile oder Prototypen mit Liqcreate Premium Tough Milky White Resin (1000g).<\/p>\n","protected":false},"featured_media":51851,"comment_status":"closed","ping_status":"closed","template":"","meta":{"_acf_changed":false},"product_brand":[],"product_cat":[1669,1672,2045,1951],"product_tag":[],"brand":[],"class_list":{"0":"post-51849","1":"product","2":"type-product","3":"status-publish","4":"has-post-thumbnail","6":"product_cat-3d-filamente","7":"product_cat-alle-filamente","8":"product_cat-industrielles-harz","9":"product_cat-resin-de","10":"pa_colour-white","11":"pa_resin-technology-dlp","12":"pa_resin-technology-lcd-msla","13":"pa_resin-type-industrial","14":"pa_resin-weight-1000g","16":"first","17":"instock","18":"taxable","19":"shipping-taxable","20":"purchasable","21":"product-type-simple"},"acf":[],"_links":{"self":[{"href":"https:\/\/azurefilm.com\/de\/wp-json\/wp\/v2\/product\/51849","targetHints":{"allow":["GET"]}}],"collection":[{"href":"https:\/\/azurefilm.com\/de\/wp-json\/wp\/v2\/product"}],"about":[{"href":"https:\/\/azurefilm.com\/de\/wp-json\/wp\/v2\/types\/product"}],"replies":[{"embeddable":true,"href":"https:\/\/azurefilm.com\/de\/wp-json\/wp\/v2\/comments?post=51849"}],"wp:featuredmedia":[{"embeddable":true,"href":"https:\/\/azurefilm.com\/de\/wp-json\/wp\/v2\/media\/51851"}],"wp:attachment":[{"href":"https:\/\/azurefilm.com\/de\/wp-json\/wp\/v2\/media?parent=51849"}],"wp:term":[{"taxonomy":"product_brand","embeddable":true,"href":"https:\/\/azurefilm.com\/de\/wp-json\/wp\/v2\/product_brand?post=51849"},{"taxonomy":"product_cat","embeddable":true,"href":"https:\/\/azurefilm.com\/de\/wp-json\/wp\/v2\/product_cat?post=51849"},{"taxonomy":"product_tag","embeddable":true,"href":"https:\/\/azurefilm.com\/de\/wp-json\/wp\/v2\/product_tag?post=51849"},{"taxonomy":"brand","embeddable":true,"href":"https:\/\/azurefilm.com\/de\/wp-json\/wp\/v2\/brand?post=51849"}],"curies":[{"name":"wp","href":"https:\/\/api.w.org\/{rel}","templated":true}]}}