
{"id":51857,"date":"2023-10-29T14:41:10","date_gmt":"2023-10-29T14:41:10","guid":{"rendered":"https:\/\/azurefilm.com\/product\/hips-filament\/"},"modified":"2025-07-02T23:06:35","modified_gmt":"2025-07-02T23:06:35","slug":"hips-filament","status":"publish","type":"product","link":"https:\/\/azurefilm.com\/de\/produkt\/hips-filament\/","title":{"rendered":"HIPS-Filament"},"content":{"rendered":"<h2><b>HIPS-Filamente<\/b><\/h2>\n<p><span style=\"font-weight: 400;\">HIPS (High Impact Polystyrene) ist ein <\/span><b>l\u00f6sliches St\u00fctzfilament<\/b><span style=\"font-weight: 400;\">. When printing objects with larger, sloping angles, <\/span><b>bieten St\u00fctzfilamente Unterst\u00fctzung und verhindern schlechte \u00dcberh\u00e4nge<\/b><span style=\"font-weight: 400;\">. It acts as a great support material because it is <\/span><b>leicht mit Limonenl\u00f6sung entfernt<\/b><span style=\"font-weight: 400;\">, wodurch der saubere, hochwertige Druck zur\u00fcckbleibt, den Sie m\u00f6chten.<\/span><\/p>\n<p><b>Die beste Verwendung von HIPS ist mit ABS<\/b><span style=\"font-weight: 400;\">. HIPS is suitable for printing alongside ABS due to their similar strength and stiffness, and they both require similar printing temperatures. <\/span><b>Beachten Sie, dass Limonen andere Filamentmaterialien besch\u00e4digen kann<\/b><span style=\"font-weight: 400;\">, wodurch die ABS-Kombination die beste Option ist.<\/span><\/p>\n<h2><strong>HIPS-Filament<\/strong><\/h2>\n<p>Geben Sie Ihren 3D-Drucken die Unterst\u00fctzung, die sie ben\u00f6tigen, mit unserem HIPS-Filament und beginnen Sie, makellose hochwertige Designs zu erstellen.<\/p>\n<p><span style=\"font-weight: 400;\">Um mehr \u00fcber St\u00fctzfilamente zu erfahren, lesen Sie <a href=\"https:\/\/azurefilm.com\/de\/produkt-kategorie\/3d-filamente\/support-filamente\/\" target=\"_blank\" rel=\"noopener\"><strong>hier<\/strong><\/a>. <\/span><\/p>\n<p><span style=\"font-weight: 400;\">Sie k\u00f6nnen das <\/span><b>Technische Datenblatt<\/b> <span style=\"font-weight: 400;\"><a href=\"https:\/\/azurefilm.com\/de\/technische-daten\/\" target=\"_blank\" rel=\"noopener\"><strong> hier<\/strong><\/a>.<\/span><\/p>\n<h3><strong>Druckempfehlungen:<\/strong><\/h3>\n<ul>\n<li style=\"font-weight: 400;\" aria-level=\"1\"><span style=\"font-weight: 400;\">F\u00fcr die besten Ergebnisse drucken Sie bei 220\u2013250\u00b0C. <\/span><\/li>\n<li style=\"font-weight: 400;\" aria-level=\"1\"><span style=\"font-weight: 400;\">Empfohlene Drucktischtemperatur ist 70\u2013110\u00b0C. <\/span><\/li>\n<li style=\"font-weight: 400;\" aria-level=\"1\"><span style=\"font-weight: 400;\">Verwenden Sie ein Glasbett, eine PEI-Folie, Kapton oder Blaues Klebeband f\u00fcr die Bauplattform mit 3Dlac-Spray.<\/span><\/li>\n<\/ul>\n<p><i><span style=\"font-weight: 400;\">*Die ideale Temperatur kann je nach verwendetem Drucker variieren.<\/span><\/i><\/p>\n","protected":false},"excerpt":{"rendered":"<p>Geben Sie Ihren 3D-Drucken die Unterst\u00fctzung, die sie ben\u00f6tigen, mit unserem HIPS-Filament und beginnen Sie, makellose hochwertige Designs zu erstellen.<\/p>\n","protected":false},"featured_media":51862,"comment_status":"closed","ping_status":"closed","template":"","meta":{"_acf_changed":false},"product_brand":[],"product_cat":[1669,1672,2048],"product_tag":[],"brand":[1665],"class_list":{"0":"post-51857","1":"product","2":"type-product","3":"status-publish","4":"has-post-thumbnail","6":"product_cat-3d-filamente","7":"product_cat-alle-filamente","8":"product_cat-support-filamente","9":"pa_colour-transparent-de","10":"pa_filament-diameter-1-75mm-de","11":"pa_filament-weight-1000g-de","12":"brand-azurefilm-de","14":"first","15":"outofstock","16":"taxable","17":"shipping-taxable","18":"purchasable","19":"product-type-variable","20":"has-default-attributes"},"acf":[],"_links":{"self":[{"href":"https:\/\/azurefilm.com\/de\/wp-json\/wp\/v2\/product\/51857","targetHints":{"allow":["GET"]}}],"collection":[{"href":"https:\/\/azurefilm.com\/de\/wp-json\/wp\/v2\/product"}],"about":[{"href":"https:\/\/azurefilm.com\/de\/wp-json\/wp\/v2\/types\/product"}],"replies":[{"embeddable":true,"href":"https:\/\/azurefilm.com\/de\/wp-json\/wp\/v2\/comments?post=51857"}],"wp:featuredmedia":[{"embeddable":true,"href":"https:\/\/azurefilm.com\/de\/wp-json\/wp\/v2\/media\/51862"}],"wp:attachment":[{"href":"https:\/\/azurefilm.com\/de\/wp-json\/wp\/v2\/media?parent=51857"}],"wp:term":[{"taxonomy":"product_brand","embeddable":true,"href":"https:\/\/azurefilm.com\/de\/wp-json\/wp\/v2\/product_brand?post=51857"},{"taxonomy":"product_cat","embeddable":true,"href":"https:\/\/azurefilm.com\/de\/wp-json\/wp\/v2\/product_cat?post=51857"},{"taxonomy":"product_tag","embeddable":true,"href":"https:\/\/azurefilm.com\/de\/wp-json\/wp\/v2\/product_tag?post=51857"},{"taxonomy":"brand","embeddable":true,"href":"https:\/\/azurefilm.com\/de\/wp-json\/wp\/v2\/brand?post=51857"}],"curies":[{"name":"wp","href":"https:\/\/api.w.org\/{rel}","templated":true}]}}