
{"id":51864,"date":"2023-10-29T14:41:10","date_gmt":"2023-10-29T14:41:10","guid":{"rendered":"https:\/\/azurefilm.com\/product\/pva-filament\/"},"modified":"2025-07-02T23:52:03","modified_gmt":"2025-07-02T23:52:03","slug":"pva-filament","status":"publish","type":"product","link":"https:\/\/azurefilm.com\/de\/produkt\/pva-filament\/","title":{"rendered":"PVA-Filament"},"content":{"rendered":"<h2><b>PVA-Filamente<\/b><\/h2>\n<p><span style=\"font-weight: 400;\">PVA (Polyvinylalkohol) ist ein <\/span><b>l\u00f6sliches St\u00fctzfilament<\/b><span style=\"font-weight: 400;\"> das eine wichtige Rolle im 3D-Druck spielt. Beim Drucken von Objekten mit gr\u00f6\u00dferen, schr\u00e4gen Winkeln, <\/span><b>bieten St\u00fctzfilamente Unterst\u00fctzung und verhindern schlechte \u00dcberh\u00e4nge<\/b><span style=\"font-weight: 400;\">. PVA is a popular support filament which <\/span><b>l\u00f6st sich innerhalb von 24 Stunden vollst\u00e4ndig in Wasser auf<\/b><span style=\"font-weight: 400;\">, wodurch das gedruckte Objekt intakt und unbesch\u00e4digt bleibt. Dieses Material hat \u00e4hnliche Druckeigenschaften wie PLA, was sie zu einer guten Kombination macht. <\/span><\/p>\n<p><span style=\"font-weight: 400;\">PVA wird am h\u00e4ufigsten mit 3D-Druckern mit einem <\/span><b>Doppeldruckkopf<\/b><span style=\"font-weight: 400;\"> verwendet, bei dem ein Kopf das Basismaterial (z.B. PLA, PETG oder ABS) druckt, w\u00e4hrend der andere das PVA-Material druckt, um Unterst\u00fctzung an allen wichtigen Winkeln zu bieten, wo sonst das Basismaterial w\u00e4re. <\/span><b>Nach dem Drucken legen Sie das Produkt in lauwarmes Wasser und innerhalb von 12-24 Stunden wird sich das PVA-Material aufl\u00f6sen, sodass Ihr Basismaterial und ein wunderbares Produkt \u00fcbrig bleiben.<\/b><\/p>\n<h2><strong>PVA-Filament<\/strong><\/h2>\n<p>Lassen Sie Ihre Designs mit unserem PVA-Filament einweichen und erzielen Sie bemerkenswerte Ergebnisse.<\/p>\n<p><span style=\"font-weight: 400;\">Um mehr \u00fcber St\u00fctzfilamente zu erfahren, lesen Sie <a href=\"https:\/\/azurefilm.com\/de\/produkt-kategorie\/3d-filamente\/support-filamente\/\" target=\"_blank\" rel=\"noopener\">hier<\/a>. <\/span><\/p>\n<p><span style=\"font-weight: 400;\">Sie k\u00f6nnen das <\/span><b>Technische Datenblatt<\/b> <span style=\"font-weight: 400;\"><a href=\"https:\/\/azurefilm.com\/de\/technische-daten\/\" target=\"_blank\" rel=\"noopener\"><strong> hier<\/strong><\/a>.<\/span><\/p>\n<h3><strong>Druckempfehlungen:<\/strong><\/h3>\n<ul>\n<li style=\"font-weight: 400;\" aria-level=\"1\"><span style=\"font-weight: 400;\">F\u00fcr beste Ergebnisse drucken Sie bei 190\u2013210\u00b0C. <\/span><\/li>\n<li style=\"font-weight: 400;\" aria-level=\"1\"><span style=\"font-weight: 400;\">Empfohlene Drucktischtemperatur ist 50\u2013160\u00b0C. <\/span><\/li>\n<li style=\"font-weight: 400;\" aria-level=\"1\"><span style=\"font-weight: 400;\">Verwenden Sie ein Glasbett, eine PEI-Folie, Kapton oder Blaues Klebeband f\u00fcr die Bauplattform mit 3Dlac-Spray.<\/span><\/li>\n<\/ul>\n<p><i><span style=\"font-weight: 400;\">*Die ideale Temperatur kann je nach verwendetem Drucker variieren.<\/span><\/i><\/p>\n","protected":false},"excerpt":{"rendered":"<p>Lassen Sie Ihre Designs mit unserem PVA-Filament einweichen und erzielen Sie bemerkenswerte Ergebnisse.<\/p>\n","protected":false},"featured_media":49005,"comment_status":"closed","ping_status":"closed","template":"","meta":{"_acf_changed":false},"product_brand":[],"product_cat":[1669,1672,2049,2048],"product_tag":[],"brand":[267],"class_list":{"0":"post-51864","1":"product","2":"type-product","3":"status-publish","4":"has-post-thumbnail","6":"product_cat-3d-filamente","7":"product_cat-alle-filamente","8":"product_cat-pva-de","9":"product_cat-support-filamente","10":"pa_colour-transparent","11":"pa_filament-diameter-1-75mm","12":"pa_filament-diameter-2-85mm","13":"pa_filament-weight-500g","14":"brand-azurefilm","16":"first","17":"instock","18":"taxable","19":"shipping-taxable","20":"purchasable","21":"product-type-variable"},"acf":[],"_links":{"self":[{"href":"https:\/\/azurefilm.com\/de\/wp-json\/wp\/v2\/product\/51864","targetHints":{"allow":["GET"]}}],"collection":[{"href":"https:\/\/azurefilm.com\/de\/wp-json\/wp\/v2\/product"}],"about":[{"href":"https:\/\/azurefilm.com\/de\/wp-json\/wp\/v2\/types\/product"}],"replies":[{"embeddable":true,"href":"https:\/\/azurefilm.com\/de\/wp-json\/wp\/v2\/comments?post=51864"}],"wp:featuredmedia":[{"embeddable":true,"href":"https:\/\/azurefilm.com\/de\/wp-json\/wp\/v2\/media\/49005"}],"wp:attachment":[{"href":"https:\/\/azurefilm.com\/de\/wp-json\/wp\/v2\/media?parent=51864"}],"wp:term":[{"taxonomy":"product_brand","embeddable":true,"href":"https:\/\/azurefilm.com\/de\/wp-json\/wp\/v2\/product_brand?post=51864"},{"taxonomy":"product_cat","embeddable":true,"href":"https:\/\/azurefilm.com\/de\/wp-json\/wp\/v2\/product_cat?post=51864"},{"taxonomy":"product_tag","embeddable":true,"href":"https:\/\/azurefilm.com\/de\/wp-json\/wp\/v2\/product_tag?post=51864"},{"taxonomy":"brand","embeddable":true,"href":"https:\/\/azurefilm.com\/de\/wp-json\/wp\/v2\/brand?post=51864"}],"curies":[{"name":"wp","href":"https:\/\/api.w.org\/{rel}","templated":true}]}}